{"id":291628,"date":"2023-10-05T02:16:13","date_gmt":"2023-10-05T01:16:13","guid":{"rendered":"https:\/\/amazonyguyane.fr\/leyi-coque-pour-iphone-8-7-6-silicone-liquid-coque-iphone-se-2020-2022-avec-3-verre-trempe-anneau-support-anti-choc-protection-complete-fine-anti-rayure-housse-etui-vert"},"modified":"2023-10-05T02:16:13","modified_gmt":"2023-10-05T01:16:13","slug":"leyi-coque-pour-iphone-8-7-6-silicone-liquid-coque-iphone-se-2020-2022-avec-3-verre-trempe-anneau-support-anti-choc-protection-complete-fine-anti-rayure-housse-etui-vert","status":"publish","type":"product","link":"https:\/\/amazonyguyane.fr\/produit\/leyi-coque-pour-iphone-8-7-6-silicone-liquid-coque-iphone-se-2020-2022-avec-3-verre-trempe-anneau-support-anti-choc-protection-complete-fine-anti-rayure-housse-etui-vert\/","title":{"rendered":"LeYi Coque pour iPhone 8\/7\/6 Silicone Liquid, Coque iPhone Se 2020\/2022 avec 3 Verre Tremp\u00e9, Anneau Support Anti-Choc Protection Compl\u00e8te Fine Anti-Rayure Housse \u00c9tui Vert"},"content":{"rendered":"","protected":false},"excerpt":{"rendered":"","protected":false},"featured_media":291629,"comment_status":"","ping_status":"closed","template":"","meta":{"_acf_changed":false},"product_brand":[],"product_cat":[71694],"product_tag":[],"class_list":{"0":"post-291628","1":"product","2":"type-product","3":"status-publish","4":"has-post-thumbnail","6":"product_cat-ventes-flash","8":"first","9":"instock","10":"taxable","11":"shipping-taxable","12":"purchasable","13":"product-type-simple","14":"add-to-wishlist-after_add_to_cart"},"acf":[],"_links":{"self":[{"href":"https:\/\/amazonyguyane.fr\/wp-json\/wp\/v2\/product\/291628","targetHints":{"allow":["GET"]}}],"collection":[{"href":"https:\/\/amazonyguyane.fr\/wp-json\/wp\/v2\/product"}],"about":[{"href":"https:\/\/amazonyguyane.fr\/wp-json\/wp\/v2\/types\/product"}],"replies":[{"embeddable":true,"href":"https:\/\/amazonyguyane.fr\/wp-json\/wp\/v2\/comments?post=291628"}],"version-history":[{"count":0,"href":"https:\/\/amazonyguyane.fr\/wp-json\/wp\/v2\/product\/291628\/revisions"}],"wp:featuredmedia":[{"embeddable":true,"href":"https:\/\/amazonyguyane.fr\/wp-json\/wp\/v2\/media\/291629"}],"wp:attachment":[{"href":"https:\/\/amazonyguyane.fr\/wp-json\/wp\/v2\/media?parent=291628"}],"wp:term":[{"taxonomy":"product_brand","embeddable":true,"href":"https:\/\/amazonyguyane.fr\/wp-json\/wp\/v2\/product_brand?post=291628"},{"taxonomy":"product_cat","embeddable":true,"href":"https:\/\/amazonyguyane.fr\/wp-json\/wp\/v2\/product_cat?post=291628"},{"taxonomy":"product_tag","embeddable":true,"href":"https:\/\/amazonyguyane.fr\/wp-json\/wp\/v2\/product_tag?post=291628"}],"curies":[{"name":"wp","href":"https:\/\/api.w.org\/{rel}","templated":true}]}}