{"id":292575,"date":"2023-10-06T00:43:23","date_gmt":"2023-10-05T23:43:23","guid":{"rendered":"https:\/\/amazonyguyane.fr\/bkazvbagage-cabine-45x36x20-easyjet-sac-a-dos-de-voyage-impermeable-sac-ordinateur-cabine-avion-17-3"},"modified":"2023-10-06T00:44:02","modified_gmt":"2023-10-05T23:44:02","slug":"bkazvbagage-cabine-45x36x20-easyjet-sac-a-dos-de-voyage-impermeable-sac-ordinateur-cabine-avion-17-3","status":"publish","type":"product","link":"https:\/\/amazonyguyane.fr\/?product=bkazvbagage-cabine-45x36x20-easyjet-sac-a-dos-de-voyage-impermeable-sac-ordinateur-cabine-avion-17-3","title":{"rendered":"BKAZVBagage Cabine 45x36x20 Easyjet, Sac a Dos de Voyage Imperm\u00e9able Sac Ordinateur Cabine Avion 17.3"},"content":{"rendered":"<li class=\"a-spacing-mini\"><span class=\"a-list-item\"> <b>Bagage \u00e0 Main 45x36x20cm <\/b>: La taille du sac \u00e0 dos pour ordinateur portable BKAZV est exactement la taille maximale que vous \u00eates autoris\u00e9 \u00e0 emporter gratuitement en cabine lorsque vous voyagez avec easyJet 45x36x20cm \/ 32L, \u00e9galement parfait comme petit sac \u00e0 dos de cabine sous le si\u00e8ge. Il est \u00e9galement accept\u00e9 par pratiquement toutes les grandes compagnies a\u00e9riennes du monde ; Y compris British Airways, Etihad, Emirates, Delta, Lufthansa, KLM, Quatar, Wizz Air et de nombreux autres vols.  <\/span><\/li>\n<li class=\"a-spacing-mini\"><span class=\"a-list-item\"> <b>Sac \u00e0 Dos de Voyage Extensible <\/b>: Le bagage \u00e0 main BKAZV peut \u00eatre \u00e9tendu \u00e0 45x36x25cm. Il comporte 2 poches avant zipp\u00e9es, 1 compartiment principal fermant 1 poche ouverte et 2 compartiments stylos ; 1 compartiment principal central avec sangle \u00e0 bagages, s\u00e9curisant efficacement les bagages et les emp\u00eachant de tomber ; 1 grand compartiment principal avec \u00e0 l&#8217;int\u00e9rieur 2 compartiments pour ordinateur portable pouvant contenir jusqu&#8217;\u00e0 17 pouces d&#8217;ordinateur portable.  <\/span><\/li>\n<li class=\"a-spacing-mini\"><span class=\"a-list-item\"> <b>Sac \u00e0 Dos de Voyage \u00e0 Plusieurs Modes de Transport <\/b>: il dispose d&#8217;une poign\u00e9e sup\u00e9rieure pour le transport \u00e0 la main, de 2 bretelles confortables et respirantes pour le transport sur les \u00e9paules. Ou si vous voyagez avec une valise cabine ou un fourre-tout plus grand, il dispose d&#8217;une sangle de fixation de bagage d\u00e9di\u00e9e \u00e0 l&#8217;arri\u00e8re qui vous permet de fixer ce sac \u00e0 dos sur votre poign\u00e9e de chariot extensible. Lib\u00e9rez vos mains confortablement !  <\/span><\/li>\n<li class=\"a-spacing-mini\"><span class=\"a-list-item\"> <b>Port de Charge USB unique <\/b>: le sac pour ordinateur portable de voyage BKAZV est \u00e9quip\u00e9 d&#8217;un port USB int\u00e9gr\u00e9 et d&#8217;un c\u00e2ble USB, offrant beaucoup plus de commodit\u00e9 pour charger vos appareils \u00e9lectroniques \u00e0 tout moment, n&#8217;importe o\u00f9. Connectez votre banque d&#8217;alimentation au c\u00e2ble interne et laissez le c\u00e2ble de charge branch\u00e9 sur le port USB pour connecter votre appareil. Veuillez noter que le sac \u00e0 dos ne comprend pas de banque d&#8217;alimentation.  <\/span><\/li>\n<li class=\"a-spacing-mini\"><span class=\"a-list-item\"> <b>Un Choix de Cadeau Parfait <\/b>: le sac \u00e0 dos de voyage l\u00e9ger BKAZV est fabriqu\u00e9 en tissu Oxford lisse 800D r\u00e9sistant \u00e0 la d\u00e9chirure et \u00e0 l&#8217;eau et avec une fermeture \u00e9clair en m\u00e9tal de haute qualit\u00e9, solide et robuste. Facile \u00e0 nettoyer et \u00e0 s\u00e9cher. Il est tr\u00e8s l\u00e9ger et assez grand pour transporter tous vos essentiels de voyage avec plusieurs poches. C&#8217;est un cadeau parfait pour les voyageurs et les \u00e9tudiants, adapt\u00e9 \u00e0 toutes les personnes comme les hommes, les femmes, les \u00e9tudiants, etc.  <\/span><\/li>\n<p>Code UNSPSC  :  53121603 (Sacs \u00e0 dos) Signaler un code incorrect              Dimensions du produit (L x l x h)                                     \u200f                                          :                                     \u200e  20 x 36 x 45 cm; 770 grammes          Date de mise en ligne sur Amazon.fr                                     \u200f                                          :                                     \u200e  13 juillet 2023                                  Fabricant                                     \u200f                                          :                                     \u200e  BKAZV          ASIN                                     \u200f                                          :                                     \u200e  B0CBR85RRZ          Pays d&#8217;origine                                     \u200f                                          :                                     \u200e  Chine          Service                                     \u200f                                          :                                     \u200e  Mixte<\/p>\n","protected":false},"excerpt":{"rendered":"<p>Bagage \u00e0 Main 45x36x20cm : La taille du sac \u00e0 dos pour ordinateur portable BKAZV est exactement la taille maximale que vous \u00eates autoris\u00e9 \u00e0 emporter gratuitement en cabine lorsque<\/p>\n","protected":false},"featured_media":292578,"comment_status":"","ping_status":"closed","template":"","meta":{"_acf_changed":false},"product_brand":[],"product_cat":[2880],"product_tag":[],"class_list":{"0":"post-292575","1":"product","2":"type-product","3":"status-publish","4":"has-post-thumbnail","6":"product_cat-bagages","8":"first","9":"instock","10":"taxable","11":"shipping-taxable","12":"purchasable","13":"product-type-variable","14":"add-to-wishlist-after_add_to_cart"},"acf":[],"_links":{"self":[{"href":"https:\/\/amazonyguyane.fr\/index.php?rest_route=\/wp\/v2\/product\/292575","targetHints":{"allow":["GET"]}}],"collection":[{"href":"https:\/\/amazonyguyane.fr\/index.php?rest_route=\/wp\/v2\/product"}],"about":[{"href":"https:\/\/amazonyguyane.fr\/index.php?rest_route=\/wp\/v2\/types\/product"}],"replies":[{"embeddable":true,"href":"https:\/\/amazonyguyane.fr\/index.php?rest_route=%2Fwp%2Fv2%2Fcomments&post=292575"}],"version-history":[{"count":0,"href":"https:\/\/amazonyguyane.fr\/index.php?rest_route=\/wp\/v2\/product\/292575\/revisions"}],"wp:featuredmedia":[{"embeddable":true,"href":"https:\/\/amazonyguyane.fr\/index.php?rest_route=\/wp\/v2\/media\/292578"}],"wp:attachment":[{"href":"https:\/\/amazonyguyane.fr\/index.php?rest_route=%2Fwp%2Fv2%2Fmedia&parent=292575"}],"wp:term":[{"taxonomy":"product_brand","embeddable":true,"href":"https:\/\/amazonyguyane.fr\/index.php?rest_route=%2Fwp%2Fv2%2Fproduct_brand&post=292575"},{"taxonomy":"product_cat","embeddable":true,"href":"https:\/\/amazonyguyane.fr\/index.php?rest_route=%2Fwp%2Fv2%2Fproduct_cat&post=292575"},{"taxonomy":"product_tag","embeddable":true,"href":"https:\/\/amazonyguyane.fr\/index.php?rest_route=%2Fwp%2Fv2%2Fproduct_tag&post=292575"}],"curies":[{"name":"wp","href":"https:\/\/api.w.org\/{rel}","templated":true}]}}