{"id":293065,"date":"2023-10-06T00:51:21","date_gmt":"2023-10-05T23:51:21","guid":{"rendered":"https:\/\/amazonyguyane.fr\/konosac-a-dos-55x35x20cm-sacs-a-dos-voyage-bagage-a-main-38l-pour-ordinateur-portable-sac-de-cabine-pour-easyjet-noir"},"modified":"2023-10-06T00:51:21","modified_gmt":"2023-10-05T23:51:21","slug":"konosac-a-dos-55x35x20cm-sacs-a-dos-voyage-bagage-a-main-38l-pour-ordinateur-portable-sac-de-cabine-pour-easyjet-noir","status":"publish","type":"product","link":"https:\/\/amazonyguyane.fr\/?product=konosac-a-dos-55x35x20cm-sacs-a-dos-voyage-bagage-a-main-38l-pour-ordinateur-portable-sac-de-cabine-pour-easyjet-noir","title":{"rendered":"KonoSac a Dos 55x35x20cm Sacs \u00e0 Dos Voyage Bagage \u00e0 Main 38L pour Ordinateur Portable Sac de Cabine pour Easyjet (Noir)"},"content":{"rendered":"<li class=\"a-spacing-mini\"><span class=\"a-list-item\"> \u3010COMPATIBILIT\u00c9 AVEC LES COMPAGNIES A\u00c9RIENNES\u3011 : Dimensions : 55x35x20cm, Poids : 1.11kg, Capacit\u00e9 : 38L. Ce sac \u00e0 dos pour bagages de taille cabine est compatible avec plus de 100 compagnies a\u00e9riennes op\u00e9rant au Royaume-Uni et dans le monde entier. Notamment easyJet Plus, British Airways, Delta, Flybe, Lufthansa, Norwegian, Jet2, KLM, Monarch, Thomas Airways, Wizz Air et Virgin Atlantic, pour n&#8217;en citer que quelques-un  <\/span><\/li>\n<li class=\"a-spacing-mini\"><span class=\"a-list-item\"> \u3010CONCEPTION MULTIFONCTIONNELLE\u3011 : Ce sac de voyage est con\u00e7u avec des bretelles rembourr\u00e9es dissimulables qui peuvent \u00eatre cach\u00e9es dans le panneau arri\u00e8re lorsqu&#8217;elles ne sont pas utilis\u00e9es et le transformer en sac de voyage instantan\u00e9ment. Deux poign\u00e9es rembourr\u00e9es sur le dessus et le c\u00f4t\u00e9 sont con\u00e7ues pour soulever le sac \u00e0 dos sous plusieurs angles, ce qui vous permet de transporter vos articles exactement comme vous le souhaitez.  <\/span><\/li>\n<li class=\"a-spacing-mini\"><span class=\"a-list-item\"> \u3010ORGIANIZZATORE DI BENESSERE\u3011: Il nostro zaino ha quattro scomparti dedicati con cerniera per riporre i vostri oggetti di viaggio. Lo scomparto principale ha un design di apertura in stile valigia, dotato di cinghie di imballaggio per i vestiti e tasca con cerniera a rete per i piccoli oggetti. Lo scomparto centrale con varie tasche pu\u00f2 essere utilizzato per riporre quaderni, penne, auricolari, dispositivi elettronici e altri piccoli oggetti. Due piccole tasche anteriori con cerniera per il passaporto o i biglietti e un portabottiglie sul lato per un accesso rapido.  <\/span><\/li>\n<li class=\"a-spacing-mini\"><span class=\"a-list-item\"> \u3010MAT\u00c9RIAU DE HAUTE QUALIT\u00c9\u3011 : Le sac \u00e0 dos de voyage fait de tissu polyester 900D r\u00e9sistant \u00e0 l&#8217;eau et durable. La sangle d&#8217;\u00e9paule et le c\u00f4t\u00e9 arri\u00e8re ont utilis\u00e9 un mat\u00e9riau en maille respirant , qui est confortable et aide \u00e0 la ventilation et \u00e0 l&#8217;\u00e9limination de la chaleur. Et les sangles de compression lat\u00e9rales fournissent une compression maximale et emp\u00eachent vos articles de se disperser. Ce sac r\u00e9pond aux diff\u00e9rents besoins des voyageurs d&#8217;affaires, des navetteurs et des amateurs de plein air.  <\/span><\/li>\n<li class=\"a-spacing-mini\"><span class=\"a-list-item\"> \u3010MULTIPLES\u3011 : Le sac a dos cabine pour ordinateur portable est assez grand pour la randonn\u00e9e, les vacances, le voyage, l&#8217;escapade de week-end, le voyage de nuit. Nous offrons une garantie d&#8217;un an couvrant tous les d\u00e9fauts de fabrication, de sorte que vous pouvez l&#8217;utiliser en toute tranquillit\u00e9 d&#8217;esprit.  <\/span><\/li>\n<p>Code UNSPSC  :  53121603 (Sacs \u00e0 dos) Signaler un code incorrect              Dimensions du produit (L x l x h)                                     \u200f                                          :                                     \u200e  35 x 20 x 55 cm; 1,11 kilogrammes          Date de mise en ligne sur Amazon.fr                                     \u200f                                          :                                     \u200e  22 septembre 2022                                  Fabricant                                     \u200f                                          :                                     \u200e  Kono          ASIN                                     \u200f                                          :                                     \u200e  B0BG5SC6WK          Num\u00e9ro du mod\u00e8le de l&#8217;article                                     \u200f                                          :                                     \u200e  EM2207          Service                                     \u200f                                          :                                     \u200e  Mixte<\/p>\n","protected":false},"excerpt":{"rendered":"<p>\u3010COMPATIBILIT\u00c9 AVEC LES COMPAGNIES A\u00c9RIENNES\u3011 : Dimensions : 55x35x20cm, Poids : 1.11kg, Capacit\u00e9 : 38L. Ce sac \u00e0 dos pour bagages de taille cabine est compatible avec plus de 100<\/p>\n","protected":false},"featured_media":293070,"comment_status":"","ping_status":"closed","template":"","meta":{"_acf_changed":false},"product_brand":[],"product_cat":[2880],"product_tag":[],"class_list":{"0":"post-293065","1":"product","2":"type-product","3":"status-publish","4":"has-post-thumbnail","6":"product_cat-bagages","8":"first","9":"outofstock","10":"taxable","11":"shipping-taxable","12":"purchasable","13":"product-type-simple","14":"add-to-wishlist-after_add_to_cart"},"acf":[],"_links":{"self":[{"href":"https:\/\/amazonyguyane.fr\/index.php?rest_route=\/wp\/v2\/product\/293065","targetHints":{"allow":["GET"]}}],"collection":[{"href":"https:\/\/amazonyguyane.fr\/index.php?rest_route=\/wp\/v2\/product"}],"about":[{"href":"https:\/\/amazonyguyane.fr\/index.php?rest_route=\/wp\/v2\/types\/product"}],"replies":[{"embeddable":true,"href":"https:\/\/amazonyguyane.fr\/index.php?rest_route=%2Fwp%2Fv2%2Fcomments&post=293065"}],"version-history":[{"count":0,"href":"https:\/\/amazonyguyane.fr\/index.php?rest_route=\/wp\/v2\/product\/293065\/revisions"}],"wp:featuredmedia":[{"embeddable":true,"href":"https:\/\/amazonyguyane.fr\/index.php?rest_route=\/wp\/v2\/media\/293070"}],"wp:attachment":[{"href":"https:\/\/amazonyguyane.fr\/index.php?rest_route=%2Fwp%2Fv2%2Fmedia&parent=293065"}],"wp:term":[{"taxonomy":"product_brand","embeddable":true,"href":"https:\/\/amazonyguyane.fr\/index.php?rest_route=%2Fwp%2Fv2%2Fproduct_brand&post=293065"},{"taxonomy":"product_cat","embeddable":true,"href":"https:\/\/amazonyguyane.fr\/index.php?rest_route=%2Fwp%2Fv2%2Fproduct_cat&post=293065"},{"taxonomy":"product_tag","embeddable":true,"href":"https:\/\/amazonyguyane.fr\/index.php?rest_route=%2Fwp%2Fv2%2Fproduct_tag&post=293065"}],"curies":[{"name":"wp","href":"https:\/\/api.w.org\/{rel}","templated":true}]}}