{"id":294477,"date":"2023-10-06T02:38:52","date_gmt":"2023-10-06T01:38:52","guid":{"rendered":"https:\/\/amazonyguyane.fr\/vegcoocostume-homme-annees-20%ef%bc%8cdeguisement-homme-accessoires-1920-pour-la-mascarade-noel"},"modified":"2023-10-06T02:39:10","modified_gmt":"2023-10-06T01:39:10","slug":"vegcoocostume-homme-annees-20%ef%bc%8cdeguisement-homme-accessoires-1920-pour-la-mascarade-noel","status":"publish","type":"product","link":"https:\/\/amazonyguyane.fr\/produit\/vegcoocostume-homme-annees-20%ef%bc%8cdeguisement-homme-accessoires-1920-pour-la-mascarade-noel\/","title":{"rendered":"VEGCOOCostume Homme Ann\u00e9es 20\uff0cD\u00e9guisement Homme Accessoires 1920 pour la Mascarade No\u00ebl"},"content":{"rendered":"<p><!-- show up to 2 reviews by default -->                        <\/p>\n<p> <span>&#8220;<\/span><span class=\"a-text-bold\">Sp\u00e9cifications&nbsp;:<\/span><span><br \/> Mat\u00e9riau : Polyester<br \/> Couleur : Noir<br \/> Sp\u00e9cifications&nbsp;: Accessoires pour hommes des ann\u00e9es 1920<\/p>\n<p> <\/span><span class=\"a-text-bold\">Remarque&nbsp;:<\/span><span><br \/> Veuillez permettre des diff\u00e9rences de 1 \u00e0 3 mm en raison de la mesure manuelle. <br \/> En raison de la diff\u00e9rence entre les diff\u00e9rents moniteurs, l&#8217;image peut ne pas refl\u00e9ter la couleur r\u00e9elle de l&#8217;article. <\/p>\n<p> <\/span><span class=\"a-text-bold\">Service client<\/span><span>&nbsp;: si vous n&#8217;\u00eates pas satisfait de nos produits ou si vous avez des questions, veuillez nous contacter d\u00e8s que possible, nous ferons de notre mieux pour que chaque client soit satisfait&nbsp;! <br \/>&#8220;<\/span>  <\/p>\n<p>Dimensions du produit (L x l x h)                                     \u200f                                          :                                     \u200e  30 x 20 x 4,5 cm; 260 grammes          Date de mise en ligne sur Amazon.fr                                     \u200f                                          :                                     \u200e  24 novembre 2022                                  Fabricant                                     \u200f                                          :                                     \u200e  VEGCOO          ASIN                                     \u200f                                          :                                     \u200e  B0BN89S5NP          R\u00e9f\u00e9rence constructeur                                     \u200f                                          :                                     \u200e  Z-WJ-PD069          Service                                     \u200f                                          :                                     \u200e  Homme<\/p>\n","protected":false},"excerpt":{"rendered":"<p>&#8220;Sp\u00e9cifications&nbsp;: Mat\u00e9riau : Polyester Couleur : Noir Sp\u00e9cifications&nbsp;: Accessoires pour hommes des ann\u00e9es 1920 Remarque&nbsp;: Veuillez permettre des diff\u00e9rences de 1 \u00e0 3 mm en raison de la mesure manuelle.<\/p>\n","protected":false},"featured_media":294478,"comment_status":"","ping_status":"closed","template":"","meta":{"_acf_changed":false},"product_brand":[],"product_cat":[622],"product_tag":[],"class_list":{"0":"post-294477","1":"product","2":"type-product","3":"status-publish","4":"has-post-thumbnail","6":"product_cat-deguisement-homme","8":"first","9":"instock","10":"taxable","11":"shipping-taxable","12":"purchasable","13":"product-type-variable","14":"add-to-wishlist-after_add_to_cart"},"acf":[],"_links":{"self":[{"href":"https:\/\/amazonyguyane.fr\/wp-json\/wp\/v2\/product\/294477","targetHints":{"allow":["GET"]}}],"collection":[{"href":"https:\/\/amazonyguyane.fr\/wp-json\/wp\/v2\/product"}],"about":[{"href":"https:\/\/amazonyguyane.fr\/wp-json\/wp\/v2\/types\/product"}],"replies":[{"embeddable":true,"href":"https:\/\/amazonyguyane.fr\/wp-json\/wp\/v2\/comments?post=294477"}],"version-history":[{"count":0,"href":"https:\/\/amazonyguyane.fr\/wp-json\/wp\/v2\/product\/294477\/revisions"}],"wp:featuredmedia":[{"embeddable":true,"href":"https:\/\/amazonyguyane.fr\/wp-json\/wp\/v2\/media\/294478"}],"wp:attachment":[{"href":"https:\/\/amazonyguyane.fr\/wp-json\/wp\/v2\/media?parent=294477"}],"wp:term":[{"taxonomy":"product_brand","embeddable":true,"href":"https:\/\/amazonyguyane.fr\/wp-json\/wp\/v2\/product_brand?post=294477"},{"taxonomy":"product_cat","embeddable":true,"href":"https:\/\/amazonyguyane.fr\/wp-json\/wp\/v2\/product_cat?post=294477"},{"taxonomy":"product_tag","embeddable":true,"href":"https:\/\/amazonyguyane.fr\/wp-json\/wp\/v2\/product_tag?post=294477"}],"curies":[{"name":"wp","href":"https:\/\/api.w.org\/{rel}","templated":true}]}}