{"id":294552,"date":"2023-10-06T02:39:59","date_gmt":"2023-10-06T01:39:59","guid":{"rendered":"https:\/\/amazonyguyane.fr\/widmannwidmann-costume-annees-80-survetement-veste-et-pantalon-costume-assi-costume-prolo-style-retro-fete-bad-taste-annees-80-carnaval"},"modified":"2023-10-06T02:40:43","modified_gmt":"2023-10-06T01:40:43","slug":"widmannwidmann-costume-annees-80-survetement-veste-et-pantalon-costume-assi-costume-prolo-style-retro-fete-bad-taste-annees-80-carnaval","status":"publish","type":"product","link":"https:\/\/amazonyguyane.fr\/?product=widmannwidmann-costume-annees-80-survetement-veste-et-pantalon-costume-assi-costume-prolo-style-retro-fete-bad-taste-annees-80-carnaval","title":{"rendered":"WIDMANNWidmann &#8211; Costume ann\u00e9es 80 surv\u00eatement, veste et pantalon, costume assi, costume prolo, style r\u00e9tro, f\u00eate Bad Taste, ann\u00e9es 80, carnaval"},"content":{"rendered":"<p><!-- show up to 2 reviews by default -->                        <\/p>\n<p> <span>Vous \u00eates \u00e0 la recherche d&#8217;un costume flamboyant et d\u00e9contract\u00e9 pour la prochaine f\u00eate de carnaval ? Alors ce surv\u00eatement des ann\u00e9es 80 de la soci\u00e9t\u00e9 Widmann est exactement ce qu&#8217;il vous faut. Le costume est disponible en diff\u00e9rentes tailles et dans les couleurs turquoise, violet et rose. Il poss\u00e8de un motif \u00e0 rayures styl\u00e9. L&#8217;ensemble se compose d&#8217;une veste avec une fermeture \u00e9clair pratique et d&#8217;un pantalon \u00e9quip\u00e9 d&#8217;un \u00e9lastique. Cela assure un confort de port agr\u00e9able. Vous \u00eates ainsi pr\u00eate pour une longue nuit de f\u00eate. Les conseils d&#8217;entretien suivants sont \u00e0 respecter : Convient pour le lavage \u00e0 la main, ne pas blanchir, ne pas s\u00e9cher au s\u00e8che-linge, ne pas repasser, ne pas nettoyer \u00e0 sec. Vous trouverez d&#8217;autres beaux costumes et accessoires dans notre boutique de marques. Pour cela, cliquez sur le nom de la marque Widmann sous le titre du produit.<\/span>  <\/p>\n<p>Production interrompue par le fabricant                                     \u200f                                          :                                     \u200e  Non          Dimensions du produit (L x l x h)                                     \u200f                                          :                                     \u200e  30 x 40 x 2 cm; 331,12 grammes                Code UNSPSC  :  53100000 (V\u00eatements) Signaler un code incorrect              Date de sortie                                     \u200f                                          :                                     \u200e  30 septembre 2013          \u00c2ge recommand\u00e9 par le fabricant                                     \u200f                                          :                                     \u200e  14 &#8211; 99 ans          Num\u00e9ro du mod\u00e8le de l&#8217;article                                     \u200f                                          :                                     \u200e  98872          ASIN                                     \u200f                                          :                                     \u200e  B00GNSGHXC          Pays d&#8217;origine                                     \u200f                                          :                                     \u200e  Chine<\/p>\n","protected":false},"excerpt":{"rendered":"<p>Vous \u00eates \u00e0 la recherche d&#8217;un costume flamboyant et d\u00e9contract\u00e9 pour la prochaine f\u00eate de carnaval ? Alors ce surv\u00eatement des ann\u00e9es 80 de la soci\u00e9t\u00e9 Widmann est exactement ce<\/p>\n","protected":false},"featured_media":294554,"comment_status":"","ping_status":"closed","template":"","meta":{"_acf_changed":false},"product_brand":[],"product_cat":[622],"product_tag":[],"class_list":{"0":"post-294552","1":"product","2":"type-product","3":"status-publish","4":"has-post-thumbnail","6":"product_cat-deguisement-homme","8":"first","9":"instock","10":"taxable","11":"shipping-taxable","12":"purchasable","13":"product-type-variable","14":"add-to-wishlist-after_add_to_cart"},"acf":[],"_links":{"self":[{"href":"https:\/\/amazonyguyane.fr\/index.php?rest_route=\/wp\/v2\/product\/294552","targetHints":{"allow":["GET"]}}],"collection":[{"href":"https:\/\/amazonyguyane.fr\/index.php?rest_route=\/wp\/v2\/product"}],"about":[{"href":"https:\/\/amazonyguyane.fr\/index.php?rest_route=\/wp\/v2\/types\/product"}],"replies":[{"embeddable":true,"href":"https:\/\/amazonyguyane.fr\/index.php?rest_route=%2Fwp%2Fv2%2Fcomments&post=294552"}],"version-history":[{"count":0,"href":"https:\/\/amazonyguyane.fr\/index.php?rest_route=\/wp\/v2\/product\/294552\/revisions"}],"wp:featuredmedia":[{"embeddable":true,"href":"https:\/\/amazonyguyane.fr\/index.php?rest_route=\/wp\/v2\/media\/294554"}],"wp:attachment":[{"href":"https:\/\/amazonyguyane.fr\/index.php?rest_route=%2Fwp%2Fv2%2Fmedia&parent=294552"}],"wp:term":[{"taxonomy":"product_brand","embeddable":true,"href":"https:\/\/amazonyguyane.fr\/index.php?rest_route=%2Fwp%2Fv2%2Fproduct_brand&post=294552"},{"taxonomy":"product_cat","embeddable":true,"href":"https:\/\/amazonyguyane.fr\/index.php?rest_route=%2Fwp%2Fv2%2Fproduct_cat&post=294552"},{"taxonomy":"product_tag","embeddable":true,"href":"https:\/\/amazonyguyane.fr\/index.php?rest_route=%2Fwp%2Fv2%2Fproduct_tag&post=294552"}],"curies":[{"name":"wp","href":"https:\/\/api.w.org\/{rel}","templated":true}]}}