{"id":294561,"date":"2023-10-06T02:40:10","date_gmt":"2023-10-06T01:40:10","guid":{"rendered":"https:\/\/amazonyguyane.fr\/leiruocostume-gonflable-adulte-costume-gonflable-une-piece-costume-gonflable-drole-pour-le-cadeau-danniversaire-de-mardi-gras-party-mardi-gras"},"modified":"2023-10-06T02:40:10","modified_gmt":"2023-10-06T01:40:10","slug":"leiruocostume-gonflable-adulte-costume-gonflable-une-piece-costume-gonflable-drole-pour-le-cadeau-danniversaire-de-mardi-gras-party-mardi-gras","status":"publish","type":"product","link":"https:\/\/amazonyguyane.fr\/?product=leiruocostume-gonflable-adulte-costume-gonflable-une-piece-costume-gonflable-drole-pour-le-cadeau-danniversaire-de-mardi-gras-party-mardi-gras","title":{"rendered":"leiruoCostume gonflable adulte costume gonflable une pi\u00e8ce costume gonflable dr\u00f4le pour le cadeau d&#8217;anniversaire de Mardi Gras Party Mardi Gras"},"content":{"rendered":"<p><!-- show up to 2 reviews by default -->                        <\/p>\n<p><span>\ufffd\ufffd\ufffdDes costumes super amusants, ajoutant un plaisir sans fin \u00e0 votre f\u00eate ou \u00e0 votre f\u00eate d&#8217;anniversaire, absolument accrocheurs, portez-les, vous pouvez \u00e9galement marcher librement n&#8217;importe o\u00f9 Pas facile \u00e0 percer.<\/span><\/p>\n<\/p>\n<p><span>\ufffd\ufffd\ufffd Sp\u00e9cifications :<\/span><\/p>\n<p><span>Taille adulte: 150-190 cm\/ 59-74,8 pouces<\/span><\/p>\n<p><span>La couleur verte<\/span><\/p>\n<p><span>Mati\u00e8re : tissu polyester<\/span><\/p>\n<p><span>Alimentation : 4 piles AA (non incluses)<\/span><\/p>\n<\/p>\n<p><span>\ufffd\ufffd\ufffd Forfait inclus :<\/span><\/p>\n<p><span>1x d\u00e9guisement gonflable<\/span><\/p>\n<p><span>1x ventilateur<\/span><\/p>\n<p><span>1x bo\u00eetier de batterie<\/span><\/p>\n<\/p>\n<p><span>\ufffd\ufffd\ufffd Remarques :<\/span><\/p>\n<p><span>1. Mesure manuelle, veuillez autoriser une erreur de 1 \u00e0 3 mm, merci.<\/span><\/p>\n<p><span>2. En raison de la diff\u00e9rence entre les diff\u00e9rents moniteurs, l&#8217;image peut ne pas refl\u00e9ter la couleur r\u00e9elle de l&#8217;article. Nous garantissons que le style est le m\u00eame que celui indiqu\u00e9 sur l&#8217;image.<\/span><\/p>\n<\/p>\n<p>Dimensions du produit (L x l x h)                                     \u200f                                          :                                     \u200e  8 x 6 x 2 cm; 100 grammes          Date de mise en ligne sur Amazon.fr                                     \u200f                                          :                                     \u200e  22 avril 2023                                  Fabricant                                     \u200f                                          :                                     \u200e  leiruo          ASIN                                     \u200f                                          :                                     \u200e  B0C38V9H6G          R\u00e9f\u00e9rence constructeur                                     \u200f                                          :                                     \u200e  qet60          Service                                     \u200f                                          :                                     \u200e  Mixte<\/p>\n","protected":false},"excerpt":{"rendered":"<p>\ufffd\ufffd\ufffdDes costumes super amusants, ajoutant un plaisir sans fin \u00e0 votre f\u00eate ou \u00e0 votre f\u00eate d&#8217;anniversaire, absolument accrocheurs, portez-les, vous pouvez \u00e9galement marcher librement n&#8217;importe o\u00f9 Pas facile \u00e0<\/p>\n","protected":false},"featured_media":294564,"comment_status":"","ping_status":"closed","template":"","meta":{"_acf_changed":false},"product_brand":[],"product_cat":[622],"product_tag":[],"class_list":{"0":"post-294561","1":"product","2":"type-product","3":"status-publish","4":"has-post-thumbnail","6":"product_cat-deguisement-homme","8":"first","9":"instock","10":"taxable","11":"shipping-taxable","12":"purchasable","13":"product-type-simple","14":"add-to-wishlist-after_add_to_cart"},"acf":[],"_links":{"self":[{"href":"https:\/\/amazonyguyane.fr\/index.php?rest_route=\/wp\/v2\/product\/294561","targetHints":{"allow":["GET"]}}],"collection":[{"href":"https:\/\/amazonyguyane.fr\/index.php?rest_route=\/wp\/v2\/product"}],"about":[{"href":"https:\/\/amazonyguyane.fr\/index.php?rest_route=\/wp\/v2\/types\/product"}],"replies":[{"embeddable":true,"href":"https:\/\/amazonyguyane.fr\/index.php?rest_route=%2Fwp%2Fv2%2Fcomments&post=294561"}],"version-history":[{"count":0,"href":"https:\/\/amazonyguyane.fr\/index.php?rest_route=\/wp\/v2\/product\/294561\/revisions"}],"wp:featuredmedia":[{"embeddable":true,"href":"https:\/\/amazonyguyane.fr\/index.php?rest_route=\/wp\/v2\/media\/294564"}],"wp:attachment":[{"href":"https:\/\/amazonyguyane.fr\/index.php?rest_route=%2Fwp%2Fv2%2Fmedia&parent=294561"}],"wp:term":[{"taxonomy":"product_brand","embeddable":true,"href":"https:\/\/amazonyguyane.fr\/index.php?rest_route=%2Fwp%2Fv2%2Fproduct_brand&post=294561"},{"taxonomy":"product_cat","embeddable":true,"href":"https:\/\/amazonyguyane.fr\/index.php?rest_route=%2Fwp%2Fv2%2Fproduct_cat&post=294561"},{"taxonomy":"product_tag","embeddable":true,"href":"https:\/\/amazonyguyane.fr\/index.php?rest_route=%2Fwp%2Fv2%2Fproduct_tag&post=294561"}],"curies":[{"name":"wp","href":"https:\/\/api.w.org\/{rel}","templated":true}]}}