{"id":294583,"date":"2023-10-06T02:40:31","date_gmt":"2023-10-06T01:40:31","guid":{"rendered":"https:\/\/amazonyguyane.fr\/atosaatosa-deguisement-homme-disco-bleu"},"modified":"2023-10-06T02:41:02","modified_gmt":"2023-10-06T01:41:02","slug":"atosaatosa-deguisement-homme-disco-bleu","status":"publish","type":"product","link":"https:\/\/amazonyguyane.fr\/produit\/atosaatosa-deguisement-homme-disco-bleu\/","title":{"rendered":"AtosaAtosa D\u00e9guisement Homme Disco Bleu"},"content":{"rendered":"<p><!-- show up to 2 reviews by default -->                        <\/p>\n<p> <span>D\u00e9guisement Homme Disco Bleu <\/span><\/p>\n<p><span>Costume des Ann\u00e9es 1980<br \/><\/span><\/p>\n<\/p>\n<p><span>Entrez dans la peau de John Travolta et revivez la fi\u00e8vre du Samedi soir le temps d&#8217;une soir\u00e9e d\u00e9guis\u00e9e avec ce D\u00e9guisement pour Homme Bleu et Argent. Avec sa tunique, son pantalon et son foulard blanc, vous serez des plus \u00e9l\u00e9gants !<\/span><\/p>\n<\/p>\n<p><span> Contenu du paquet : <\/span><\/p>\n<ul class=\"a-unordered-list a-vertical\">\n<li><span class=\"a-list-item\"><span> 1 TUNIQUE, en tissu lam\u00e9 turquoise, avec col en pointe, large ouverture devant, poignets avec revers &#8211; d\u00e9cors col, ouverture et poignets par un galon argent\u00e9 <\/span><\/span><\/li>\n<li><span class=\"a-list-item\"><span>1 PANTALON : en tissu lam\u00e9 blanc avec mini pois argent, taille \u00e9lastique, \u00e0 patte d&#8217;eph<\/span><\/span><\/li>\n<li><span class=\"a-list-item\"><span>1 CEINTURE : en plastique argent\u00e9, \u00e0 scratcher dans le dos<\/span><\/span><\/li>\n<li><span class=\"a-list-item\"><span>1 ECHARPE Foulard : en voile blanc avec fils argent\u00e9s et paillettes argent, \u00e0 nouer au cou et \u00e0 faire retomber devant pour cacher le torse<br \/><\/span><\/span><\/li>\n<\/ul>\n<p>Production interrompue par le fabricant                                     \u200f                                          :                                     \u200e  Non          Dimensions du produit (L x l x h)                                     \u200f                                          :                                     \u200e  40 x 30 x 15 cm; 40 grammes                Code UNSPSC  :  53100000 (V\u00eatements) Signaler un code incorrect              \u00c2ge recommand\u00e9 par le fabricant                                     \u200f                                          :                                     \u200e  18 an et plus          Num\u00e9ro du mod\u00e8le de l&#8217;article                                     \u200f                                          :                                     \u200e  10384          ASIN                                     \u200f                                          :                                     \u200e  B008OI7ARG          Pays d&#8217;origine                                     \u200f                                          :                                     \u200e  Chine<\/p>\n","protected":false},"excerpt":{"rendered":"<p>D\u00e9guisement Homme Disco Bleu Costume des Ann\u00e9es 1980 Entrez dans la peau de John Travolta et revivez la fi\u00e8vre du Samedi soir le temps d&#8217;une soir\u00e9e d\u00e9guis\u00e9e avec ce D\u00e9guisement<\/p>\n","protected":false},"featured_media":294584,"comment_status":"","ping_status":"closed","template":"","meta":{"_acf_changed":false},"product_brand":[],"product_cat":[622],"product_tag":[],"class_list":{"0":"post-294583","1":"product","2":"type-product","3":"status-publish","4":"has-post-thumbnail","6":"product_cat-deguisement-homme","8":"first","9":"instock","10":"taxable","11":"shipping-taxable","12":"purchasable","13":"product-type-variable","14":"add-to-wishlist-after_add_to_cart"},"acf":[],"_links":{"self":[{"href":"https:\/\/amazonyguyane.fr\/wp-json\/wp\/v2\/product\/294583","targetHints":{"allow":["GET"]}}],"collection":[{"href":"https:\/\/amazonyguyane.fr\/wp-json\/wp\/v2\/product"}],"about":[{"href":"https:\/\/amazonyguyane.fr\/wp-json\/wp\/v2\/types\/product"}],"replies":[{"embeddable":true,"href":"https:\/\/amazonyguyane.fr\/wp-json\/wp\/v2\/comments?post=294583"}],"version-history":[{"count":0,"href":"https:\/\/amazonyguyane.fr\/wp-json\/wp\/v2\/product\/294583\/revisions"}],"wp:featuredmedia":[{"embeddable":true,"href":"https:\/\/amazonyguyane.fr\/wp-json\/wp\/v2\/media\/294584"}],"wp:attachment":[{"href":"https:\/\/amazonyguyane.fr\/wp-json\/wp\/v2\/media?parent=294583"}],"wp:term":[{"taxonomy":"product_brand","embeddable":true,"href":"https:\/\/amazonyguyane.fr\/wp-json\/wp\/v2\/product_brand?post=294583"},{"taxonomy":"product_cat","embeddable":true,"href":"https:\/\/amazonyguyane.fr\/wp-json\/wp\/v2\/product_cat?post=294583"},{"taxonomy":"product_tag","embeddable":true,"href":"https:\/\/amazonyguyane.fr\/wp-json\/wp\/v2\/product_tag?post=294583"}],"curies":[{"name":"wp","href":"https:\/\/api.w.org\/{rel}","templated":true}]}}