{"id":294591,"date":"2023-10-06T02:40:41","date_gmt":"2023-10-06T01:40:41","guid":{"rendered":"https:\/\/amazonyguyane.fr\/smiffyssmiffys-21781-l-costume-de-chirurgien-vert-avec-tunique-pantalon-coiffe-et-masque-l"},"modified":"2023-10-06T02:41:13","modified_gmt":"2023-10-06T01:41:13","slug":"smiffyssmiffys-21781-l-costume-de-chirurgien-vert-avec-tunique-pantalon-coiffe-et-masque-l","status":"publish","type":"product","link":"https:\/\/amazonyguyane.fr\/?product=smiffyssmiffys-21781-l-costume-de-chirurgien-vert-avec-tunique-pantalon-coiffe-et-masque-l","title":{"rendered":"Smiffy&#8217;sSmiffys 21781\/L Costume de chirurgien, vert, avec tunique, pantalon, coiffe et masque L"},"content":{"rendered":"<p><!-- show up to 2 reviews by default -->                <\/p>\n<h3> <span>Description du produit<\/span> <\/h3>\n<p> <span>D\u00e9guisement Chirurgien pour homme, Inclus: tunique, pantalon, coiffe et masque, Id\u00e9al pour les \u00e9v\u00e9nements int\u00e9rieurs, Parfait pour le carnaval, Halloween et les soir\u00e9es \u00e0 th\u00e8me \u2013 Taille L : Poitrine : 107-112 cm, Taille : 91-97 cm, Entrejambe : 84 cm, Tissu l\u00e9ger pour ne pas avoir trop chaud, Coupe large pour pouvoir \u00eatre port\u00e9 au-dessus de v\u00eatements \u2013 Facile \u00e0 mettre et \u00e0 enlever, Passage aux toilettes facile gr\u00e2ce \u00e0 la taille \u00e9lastique \u2013 Y a-t-il un m\u00e9decin dans la salle? Intervenez d&#8217;urgence avec ce d\u00e9guisement de chirurgien! Nettoyage \u00e0 sec uniquement, 100% Polyester \u2013 Contenu: 1 x Smiffys D\u00e9guisement Homme, Chirurgien, avec tunique, pantalon, coiffe et masque, Taille L, Couleur: Vert, 21781<\/span>  <\/p>\n<h3> <span>Avertissement De S\u00fbret\u00e9<\/span> <\/h3>\n<p> <span>ne convient pas aux enfants de moins de 1 ans<\/span>  <\/p>\n<div data-a-expander-name=\"toggle_description\" class=\"a-row a-expander-container a-expander-extend-container\">\n                  P.when(&#8216;A&#8217;).execute(function(A) {<br \/>\n                      A.on(&#8216;a:expander:toggle_description:toggle:collapse&#8217;, function(data) {<br \/>\n                        window.scroll(0, data.expander.$expander[0].offsetTop-100);<br \/>\n                      });<br \/>\n                    });<\/p>\n<div aria-expanded=\"false\" class=\"a-expander-content a-expander-extend-content\">\n<h3> <span>Contenu du coffret<\/span> <\/h3>\n<p> <span>1 x Costume chirurgien vert taille l<\/span>  <\/p>\n<\/p><\/div>\n<p> <i class=\"a-icon a-icon-extender-expand\"><\/i><span class=\"a-expander-prompt\">Voir plus<\/span> <\/div>\n<p>Production interrompue par le fabricant                                     \u200f                                          :                                     \u200e  Non          Dimensions du produit (L x l x h)                                     \u200f                                          :                                     \u200e  49 x 30 x 2,5 cm; 350 grammes                Code UNSPSC  :  60141400 (Mat\u00e9riel et accessoires pour jeux d\u2019imagination) Signaler un code incorrect              \u00c2ge recommand\u00e9 par le fabricant                                     \u200f                                          :                                     \u200e  12 mois &#8211; 99 ans          Num\u00e9ro du mod\u00e8le de l&#8217;article                                     \u200f                                          :                                     \u200e  21781L          ASIN                                     \u200f                                          :                                     \u200e  B0013NXKGY          Pays d&#8217;origine                                     \u200f                                          :                                     \u200e  Chine<\/p>\n","protected":false},"excerpt":{"rendered":"<p>Description du produit D\u00e9guisement Chirurgien pour homme, Inclus: tunique, pantalon, coiffe et masque, Id\u00e9al pour les \u00e9v\u00e9nements int\u00e9rieurs, Parfait pour le carnaval, Halloween et les soir\u00e9es \u00e0 th\u00e8me \u2013 Taille<\/p>\n","protected":false},"featured_media":294592,"comment_status":"","ping_status":"closed","template":"","meta":{"_acf_changed":false},"product_brand":[],"product_cat":[622],"product_tag":[],"class_list":{"0":"post-294591","1":"product","2":"type-product","3":"status-publish","4":"has-post-thumbnail","6":"product_cat-deguisement-homme","8":"first","9":"instock","10":"taxable","11":"shipping-taxable","12":"purchasable","13":"product-type-variable","14":"add-to-wishlist-after_add_to_cart"},"acf":[],"_links":{"self":[{"href":"https:\/\/amazonyguyane.fr\/index.php?rest_route=\/wp\/v2\/product\/294591","targetHints":{"allow":["GET"]}}],"collection":[{"href":"https:\/\/amazonyguyane.fr\/index.php?rest_route=\/wp\/v2\/product"}],"about":[{"href":"https:\/\/amazonyguyane.fr\/index.php?rest_route=\/wp\/v2\/types\/product"}],"replies":[{"embeddable":true,"href":"https:\/\/amazonyguyane.fr\/index.php?rest_route=%2Fwp%2Fv2%2Fcomments&post=294591"}],"version-history":[{"count":0,"href":"https:\/\/amazonyguyane.fr\/index.php?rest_route=\/wp\/v2\/product\/294591\/revisions"}],"wp:featuredmedia":[{"embeddable":true,"href":"https:\/\/amazonyguyane.fr\/index.php?rest_route=\/wp\/v2\/media\/294592"}],"wp:attachment":[{"href":"https:\/\/amazonyguyane.fr\/index.php?rest_route=%2Fwp%2Fv2%2Fmedia&parent=294591"}],"wp:term":[{"taxonomy":"product_brand","embeddable":true,"href":"https:\/\/amazonyguyane.fr\/index.php?rest_route=%2Fwp%2Fv2%2Fproduct_brand&post=294591"},{"taxonomy":"product_cat","embeddable":true,"href":"https:\/\/amazonyguyane.fr\/index.php?rest_route=%2Fwp%2Fv2%2Fproduct_cat&post=294591"},{"taxonomy":"product_tag","embeddable":true,"href":"https:\/\/amazonyguyane.fr\/index.php?rest_route=%2Fwp%2Fv2%2Fproduct_tag&post=294591"}],"curies":[{"name":"wp","href":"https:\/\/api.w.org\/{rel}","templated":true}]}}