{"id":294661,"date":"2023-10-06T02:42:18","date_gmt":"2023-10-06T01:42:18","guid":{"rendered":"https:\/\/amazonyguyane.fr\/jashkejashke-costume-t-rex-deguisement-dinosaure-adulte-costume-dinosaure-gonflable-deguisement-gonflable-adulte"},"modified":"2023-10-06T02:42:18","modified_gmt":"2023-10-06T01:42:18","slug":"jashkejashke-costume-t-rex-deguisement-dinosaure-adulte-costume-dinosaure-gonflable-deguisement-gonflable-adulte","status":"publish","type":"product","link":"https:\/\/amazonyguyane.fr\/produit\/jashkejashke-costume-t-rex-deguisement-dinosaure-adulte-costume-dinosaure-gonflable-deguisement-gonflable-adulte\/","title":{"rendered":"JASHKEJASHKE Costume T rex Deguisement Dinosaure Adulte Costume Dinosaure Gonflable Deguisement Gonflable Adulte"},"content":{"rendered":"<li class=\"a-spacing-mini\"><span class=\"a-list-item\"> <b>[ D\u00e9guisement T-rex]<\/b> Costume gonflables T rex &#8211; ils ont assez de puissance. Fabriqu\u00e9 \u00e0 partir de mat\u00e9riaux \u00e9cologiques, il est durable, doux et confortable. Il ne faut que 40 secondes pour devenir un \u00e9norme dinosaure.  <\/span><\/li>\n<li class=\"a-spacing-mini\"><span class=\"a-list-item\"> <b>[ Costume T rex Gonflable ]<\/b> Costume de dinosaure adulte taille pour adultes 150cm-190cm. [4.9ft- 6.2ft]  <\/span><\/li>\n<li class=\"a-spacing-mini\"><span class=\"a-list-item\"> <b>[Deguisement T rex Gonflable ]<\/b> Les combinaisons de dinosaures utilisent des batteries 4xAA, [Ne pas inclure la batterie], le Trex gonflable peut \u00eatre gonfl\u00e9 compl\u00e8tement en 1-2 minutes.  <\/span><\/li>\n<li class=\"a-spacing-mini\"><span class=\"a-list-item\"> <b>[ Costume Dinosaure Gonflable ]<\/b> Roi du Parti &#8211; Ce produit convient \u00e0 toutes sortes de f\u00eates, telles que f\u00eate flamant rose, f\u00eate du Nouvel An, anniversaire, mariage, Halloween, vacances, jeux de r\u00f4le, zoo, activit\u00e9s de plein air  <\/span><\/li>\n<li class=\"a-spacing-mini\"><span class=\"a-list-item\"> <b>[JASHKE Costume ]<\/b> Vous fournit un costume de carnaval toute l&#8217;ann\u00e9e, un costume d&#8217;Halloween, un costume de No\u00ebl, un costume de P\u00e2ques, etc.  <\/span><\/li>\n<p>Dimensions du colis                                     \u200f                                          :                                     \u200e  24,6 x 19,7 x 8,4 cm; 770 grammes                Code UNSPSC  :  60141400 (Mat\u00e9riel et accessoires pour jeux d\u2019imagination) Signaler un code incorrect              Num\u00e9ro du mod\u00e8le de l&#8217;article                                     \u200f                                          :                                     \u200e  1010BR          ASIN                                     \u200f                                          :                                     \u200e  B07NY5NGBK          Pays d&#8217;origine                                     \u200f                                          :                                     \u200e  Chine<\/p>\n","protected":false},"excerpt":{"rendered":"<p>[ D\u00e9guisement T-rex] Costume gonflables T rex &#8211; ils ont assez de puissance. Fabriqu\u00e9 \u00e0 partir de mat\u00e9riaux \u00e9cologiques, il est durable, doux et confortable. Il ne faut que 40<\/p>\n","protected":false},"featured_media":294662,"comment_status":"","ping_status":"closed","template":"","meta":{"_acf_changed":false},"product_brand":[],"product_cat":[622],"product_tag":[],"class_list":{"0":"post-294661","1":"product","2":"type-product","3":"status-publish","4":"has-post-thumbnail","6":"product_cat-deguisement-homme","8":"first","9":"instock","10":"taxable","11":"shipping-taxable","12":"purchasable","13":"product-type-simple","14":"add-to-wishlist-after_add_to_cart"},"acf":[],"_links":{"self":[{"href":"https:\/\/amazonyguyane.fr\/wp-json\/wp\/v2\/product\/294661","targetHints":{"allow":["GET"]}}],"collection":[{"href":"https:\/\/amazonyguyane.fr\/wp-json\/wp\/v2\/product"}],"about":[{"href":"https:\/\/amazonyguyane.fr\/wp-json\/wp\/v2\/types\/product"}],"replies":[{"embeddable":true,"href":"https:\/\/amazonyguyane.fr\/wp-json\/wp\/v2\/comments?post=294661"}],"version-history":[{"count":0,"href":"https:\/\/amazonyguyane.fr\/wp-json\/wp\/v2\/product\/294661\/revisions"}],"wp:featuredmedia":[{"embeddable":true,"href":"https:\/\/amazonyguyane.fr\/wp-json\/wp\/v2\/media\/294662"}],"wp:attachment":[{"href":"https:\/\/amazonyguyane.fr\/wp-json\/wp\/v2\/media?parent=294661"}],"wp:term":[{"taxonomy":"product_brand","embeddable":true,"href":"https:\/\/amazonyguyane.fr\/wp-json\/wp\/v2\/product_brand?post=294661"},{"taxonomy":"product_cat","embeddable":true,"href":"https:\/\/amazonyguyane.fr\/wp-json\/wp\/v2\/product_cat?post=294661"},{"taxonomy":"product_tag","embeddable":true,"href":"https:\/\/amazonyguyane.fr\/wp-json\/wp\/v2\/product_tag?post=294661"}],"curies":[{"name":"wp","href":"https:\/\/api.w.org\/{rel}","templated":true}]}}