{"id":294707,"date":"2023-10-06T02:43:03","date_gmt":"2023-10-06T01:43:03","guid":{"rendered":"https:\/\/amazonyguyane.fr\/deguise-toideguisement-romain-avec-couronne-homme"},"modified":"2023-10-06T02:43:33","modified_gmt":"2023-10-06T01:43:33","slug":"deguise-toideguisement-romain-avec-couronne-homme","status":"publish","type":"product","link":"https:\/\/amazonyguyane.fr\/produit\/deguise-toideguisement-romain-avec-couronne-homme\/","title":{"rendered":"DEGUISE TOID\u00e9guisement Romain avec couronne homme"},"content":{"rendered":"<p><!-- show up to 2 reviews by default -->                        <\/p>\n<p> <span>Ce d\u00e9guisement de Romain pour adulte se compose d&#8217;une tunique avec cape, d&#8217;une ceinture et d&#8217;un serre-t\u00eate. La toge blanche est ample et l\u00e9g\u00e8re. Une bande de tissu dor\u00e9 aux motifs antiques est cousue sur le bas pour donner un air chic \u00e0 cette robe. Un lacet permet de fermer le col dans la nuque. La cape en tissu rouge se passe autour du cou pour retomber sur les \u00e9paules. Une boucle en plastique fait office de fausse attache. La ceinture rouge et dor\u00e9e se noue \u00e0 l&#8217;arri\u00e8re avec des rubans blancs. Le serre-t\u00eate repr\u00e9sente une couronne de feuilles de laurier dor\u00e9e. Ce costume est parfait pour incarner un v\u00e9ritable Romain lors de vos soir\u00e9es d\u00e9guis\u00e9es, pour un spectacle ou encore le Carnaval.<\/span>  <\/p>\n<p>Code UNSPSC  :  60141400 (Mat\u00e9riel et accessoires pour jeux d\u2019imagination) Signaler un code incorrect              Dimensions du produit (L x l x h)                                     \u200f                                          :                                     \u200e  30,7 x 45,5 x 9,7 cm; 408 grammes          Date de mise en ligne sur Amazon.fr                                     \u200f                                          :                                     \u200e  9 juin 2016                                  Fabricant                                     \u200f                                          :                                     \u200e  DEGUISE TOI          ASIN                                     \u200f                                          :                                     \u200e  B01C54R94I          R\u00e9f\u00e9rence constructeur                                     \u200f                                          :                                     \u200e  86675S<\/p>\n","protected":false},"excerpt":{"rendered":"<p>Ce d\u00e9guisement de Romain pour adulte se compose d&#8217;une tunique avec cape, d&#8217;une ceinture et d&#8217;un serre-t\u00eate. La toge blanche est ample et l\u00e9g\u00e8re. Une bande de tissu dor\u00e9 aux<\/p>\n","protected":false},"featured_media":294708,"comment_status":"","ping_status":"closed","template":"","meta":{"_acf_changed":false},"product_brand":[],"product_cat":[622],"product_tag":[],"class_list":{"0":"post-294707","1":"product","2":"type-product","3":"status-publish","4":"has-post-thumbnail","6":"product_cat-deguisement-homme","8":"first","9":"instock","10":"taxable","11":"shipping-taxable","12":"purchasable","13":"product-type-variable","14":"add-to-wishlist-after_add_to_cart"},"acf":[],"_links":{"self":[{"href":"https:\/\/amazonyguyane.fr\/wp-json\/wp\/v2\/product\/294707","targetHints":{"allow":["GET"]}}],"collection":[{"href":"https:\/\/amazonyguyane.fr\/wp-json\/wp\/v2\/product"}],"about":[{"href":"https:\/\/amazonyguyane.fr\/wp-json\/wp\/v2\/types\/product"}],"replies":[{"embeddable":true,"href":"https:\/\/amazonyguyane.fr\/wp-json\/wp\/v2\/comments?post=294707"}],"version-history":[{"count":0,"href":"https:\/\/amazonyguyane.fr\/wp-json\/wp\/v2\/product\/294707\/revisions"}],"wp:featuredmedia":[{"embeddable":true,"href":"https:\/\/amazonyguyane.fr\/wp-json\/wp\/v2\/media\/294708"}],"wp:attachment":[{"href":"https:\/\/amazonyguyane.fr\/wp-json\/wp\/v2\/media?parent=294707"}],"wp:term":[{"taxonomy":"product_brand","embeddable":true,"href":"https:\/\/amazonyguyane.fr\/wp-json\/wp\/v2\/product_brand?post=294707"},{"taxonomy":"product_cat","embeddable":true,"href":"https:\/\/amazonyguyane.fr\/wp-json\/wp\/v2\/product_cat?post=294707"},{"taxonomy":"product_tag","embeddable":true,"href":"https:\/\/amazonyguyane.fr\/wp-json\/wp\/v2\/product_tag?post=294707"}],"curies":[{"name":"wp","href":"https:\/\/api.w.org\/{rel}","templated":true}]}}