{"id":295165,"date":"2023-10-06T02:50:17","date_gmt":"2023-10-06T01:50:17","guid":{"rendered":"https:\/\/amazonyguyane.fr\/rubies-marvel-officiel-marteau-de-thor-enfant"},"modified":"2023-10-06T02:50:17","modified_gmt":"2023-10-06T01:50:17","slug":"rubies-marvel-officiel-marteau-de-thor-enfant","status":"publish","type":"product","link":"https:\/\/amazonyguyane.fr\/produit\/rubies-marvel-officiel-marteau-de-thor-enfant\/","title":{"rendered":"Rubie\u2019s &#8211; Marvel Officiel &#8211; Marteau de Thor (Enfant)"},"content":{"rendered":"<p><!-- show up to 2 reviews by default -->                <\/p>\n<h3> <span>Description du produit<\/span> <\/h3>\n<p> <span>Compl\u00e8tez votre d\u00e9guisement de Thor \u00e0 l&#8217;aide son c\u00e9l\u00e8bre marteau Mj\u00f6lnir. Contient un marteau Mj\u00f6lnir de Thor en plastique avec anse en tissu effet cuir marron pour un maintien plus facile.<\/span>  <\/p>\n<h3> <span>Avertissement De S\u00fbret\u00e9<\/span> <\/h3>\n<p> <span>Ne convient pas aux enfants de moins de 3 ans<\/span>  <\/p>\n<div data-a-expander-name=\"toggle_description\" class=\"a-row a-expander-container a-expander-extend-container\">\n                  P.when(&#8216;A&#8217;).execute(function(A) {<br \/>\n                      A.on(&#8216;a:expander:toggle_description:toggle:collapse&#8217;, function(data) {<br \/>\n                        window.scroll(0, data.expander.$expander[0].offsetTop-100);<br \/>\n                      });<br \/>\n                    });<\/p>\n<div aria-expanded=\"false\" class=\"a-expander-content a-expander-extend-content\">\n<h3> <span>Contenu du coffret<\/span> <\/h3>\n<p> <span>Marteau de Thor<\/span>  <\/p>\n<\/p><\/div>\n<p> <i class=\"a-icon a-icon-extender-expand\"><\/i><span class=\"a-expander-prompt\">Voir plus<\/span> <\/div>\n<p>Production interrompue par le fabricant                                     \u200f                                          :                                     \u200e  Non          Dimensions du produit (L x l x h)                                     \u200f                                          :                                     \u200e  29,01 x 15,01 x 8,99 cm; 160 grammes                Code UNSPSC  :  60141000 (Jouets) Signaler un code incorrect              Date de sortie                                     \u200f                                          :                                     \u200e  1 janvier 2022          \u00c2ge recommand\u00e9 par le fabricant                                     \u200f                                          :                                     \u200e  6 &#8211; 99 ans          Num\u00e9ro du mod\u00e8le de l&#8217;article                                     \u200f                                          :                                     \u200e  35639_NS          ASIN                                     \u200f                                          :                                     \u200e  B00HA4X21I          Pays d&#8217;origine                                     \u200f                                          :                                     \u200e  Chine<\/p>\n","protected":false},"excerpt":{"rendered":"<p>Description du produit Compl\u00e8tez votre d\u00e9guisement de Thor \u00e0 l&#8217;aide son c\u00e9l\u00e8bre marteau Mj\u00f6lnir. Contient un marteau Mj\u00f6lnir de Thor en plastique avec anse en tissu effet cuir marron pour<\/p>\n","protected":false},"featured_media":295166,"comment_status":"","ping_status":"closed","template":"","meta":{"_acf_changed":false},"product_brand":[],"product_cat":[622],"product_tag":[],"class_list":{"0":"post-295165","1":"product","2":"type-product","3":"status-publish","4":"has-post-thumbnail","6":"product_cat-deguisement-homme","8":"first","9":"instock","10":"taxable","11":"shipping-taxable","12":"purchasable","13":"product-type-simple","14":"add-to-wishlist-after_add_to_cart"},"acf":[],"_links":{"self":[{"href":"https:\/\/amazonyguyane.fr\/wp-json\/wp\/v2\/product\/295165","targetHints":{"allow":["GET"]}}],"collection":[{"href":"https:\/\/amazonyguyane.fr\/wp-json\/wp\/v2\/product"}],"about":[{"href":"https:\/\/amazonyguyane.fr\/wp-json\/wp\/v2\/types\/product"}],"replies":[{"embeddable":true,"href":"https:\/\/amazonyguyane.fr\/wp-json\/wp\/v2\/comments?post=295165"}],"version-history":[{"count":0,"href":"https:\/\/amazonyguyane.fr\/wp-json\/wp\/v2\/product\/295165\/revisions"}],"wp:featuredmedia":[{"embeddable":true,"href":"https:\/\/amazonyguyane.fr\/wp-json\/wp\/v2\/media\/295166"}],"wp:attachment":[{"href":"https:\/\/amazonyguyane.fr\/wp-json\/wp\/v2\/media?parent=295165"}],"wp:term":[{"taxonomy":"product_brand","embeddable":true,"href":"https:\/\/amazonyguyane.fr\/wp-json\/wp\/v2\/product_brand?post=295165"},{"taxonomy":"product_cat","embeddable":true,"href":"https:\/\/amazonyguyane.fr\/wp-json\/wp\/v2\/product_cat?post=295165"},{"taxonomy":"product_tag","embeddable":true,"href":"https:\/\/amazonyguyane.fr\/wp-json\/wp\/v2\/product_tag?post=295165"}],"curies":[{"name":"wp","href":"https:\/\/api.w.org\/{rel}","templated":true}]}}