{"id":295469,"date":"2023-10-06T02:55:14","date_gmt":"2023-10-06T01:55:14","guid":{"rendered":"https:\/\/amazonyguyane.fr\/smiffys-cape-noir-avec-masque-pour-les-yeux"},"modified":"2023-10-06T02:55:14","modified_gmt":"2023-10-06T01:55:14","slug":"smiffys-cape-noir-avec-masque-pour-les-yeux","status":"publish","type":"product","link":"https:\/\/amazonyguyane.fr\/produit\/smiffys-cape-noir-avec-masque-pour-les-yeux\/","title":{"rendered":"Smiffys Cape, Noir, avec masque pour les yeux"},"content":{"rendered":"<p><!-- show up to 2 reviews by default -->                <\/p>\n<h3> <span>Description du produit<\/span> <\/h3>\n<p> <span>Cape avec masque pour adulte, Noir, Parfait pour le carnaval, Halloween et les soir\u00e9es \u00e0 th\u00e8me &#8211; Accessoire indispensable pour compl\u00e9ter un d\u00e9guisement de super-h\u00e9ros &#8211; Facile \u00e0 mettre et \u00e0 enlever gr\u00e2ce \u00e0 la fermeture Velcro \u00e0 l&#8217;encolure &#8211; Taille unique, 100% Polyester, Nettoyage \u00e0 sec uniquement &#8211; Contenu: 1 x Smiffys D\u00e9guisement Adulte, Cape, Noir, avec masque, 41581<\/span>  <\/p>\n<h3> <span>Avertissement De S\u00fbret\u00e9<\/span> <\/h3>\n<p> <span>Cet objet est un accessoire de d\u00e9guisement. Ce n&#8217;est pas un jouet. Attention! Tenir \u00e9loign\u00e9 du feu.<\/span>  <\/p>\n<div data-a-expander-name=\"toggle_description\" class=\"a-row a-expander-container a-expander-extend-container\">\n                  P.when(&#8216;A&#8217;).execute(function(A) {<br \/>\n                      A.on(&#8216;a:expander:toggle_description:toggle:collapse&#8217;, function(data) {<br \/>\n                        window.scroll(0, data.expander.$expander[0].offsetTop-100);<br \/>\n                      });<br \/>\n                    });<\/p>\n<div aria-expanded=\"false\" class=\"a-expander-content a-expander-extend-content\">\n<h3> <span>Contenu du coffret<\/span> <\/h3>\n<p> <span>D\u00e9guisement &#8211; Adulte &#8211; Cape<\/span>  <\/p>\n<\/p><\/div>\n<p> <i class=\"a-icon a-icon-extender-expand\"><\/i><span class=\"a-expander-prompt\">Voir plus<\/span> <\/div>\n<p>Production interrompue par le fabricant                                     \u200f                                          :                                     \u200e  Non          Dimensions du produit (L x l x h)                                     \u200f                                          :                                     \u200e  29 x 20 x 1 cm; 35 grammes                Code UNSPSC  :  60141400 (Mat\u00e9riel et accessoires pour jeux d\u2019imagination) Signaler un code incorrect              Date de sortie                                     \u200f                                          :                                     \u200e  6 novembre 2016          \u00c2ge recommand\u00e9 par le fabricant                                     \u200f                                          :                                     \u200e  16 &#8211; 18 ans          Num\u00e9ro du mod\u00e8le de l&#8217;article                                     \u200f                                          :                                     \u200e  41581          ASIN                                     \u200f                                          :                                     \u200e  B01D8FNAKK          Pays d&#8217;origine                                     \u200f                                          :                                     \u200e  Chine<\/p>\n","protected":false},"excerpt":{"rendered":"<p>Description du produit Cape avec masque pour adulte, Noir, Parfait pour le carnaval, Halloween et les soir\u00e9es \u00e0 th\u00e8me &#8211; Accessoire indispensable pour compl\u00e9ter un d\u00e9guisement de super-h\u00e9ros &#8211; Facile<\/p>\n","protected":false},"featured_media":295470,"comment_status":"","ping_status":"closed","template":"","meta":{"_acf_changed":false},"product_brand":[],"product_cat":[622],"product_tag":[],"class_list":{"0":"post-295469","1":"product","2":"type-product","3":"status-publish","4":"has-post-thumbnail","6":"product_cat-deguisement-homme","8":"first","9":"instock","10":"taxable","11":"shipping-taxable","12":"purchasable","13":"product-type-simple","14":"add-to-wishlist-after_add_to_cart"},"acf":[],"_links":{"self":[{"href":"https:\/\/amazonyguyane.fr\/wp-json\/wp\/v2\/product\/295469","targetHints":{"allow":["GET"]}}],"collection":[{"href":"https:\/\/amazonyguyane.fr\/wp-json\/wp\/v2\/product"}],"about":[{"href":"https:\/\/amazonyguyane.fr\/wp-json\/wp\/v2\/types\/product"}],"replies":[{"embeddable":true,"href":"https:\/\/amazonyguyane.fr\/wp-json\/wp\/v2\/comments?post=295469"}],"version-history":[{"count":0,"href":"https:\/\/amazonyguyane.fr\/wp-json\/wp\/v2\/product\/295469\/revisions"}],"wp:featuredmedia":[{"embeddable":true,"href":"https:\/\/amazonyguyane.fr\/wp-json\/wp\/v2\/media\/295470"}],"wp:attachment":[{"href":"https:\/\/amazonyguyane.fr\/wp-json\/wp\/v2\/media?parent=295469"}],"wp:term":[{"taxonomy":"product_brand","embeddable":true,"href":"https:\/\/amazonyguyane.fr\/wp-json\/wp\/v2\/product_brand?post=295469"},{"taxonomy":"product_cat","embeddable":true,"href":"https:\/\/amazonyguyane.fr\/wp-json\/wp\/v2\/product_cat?post=295469"},{"taxonomy":"product_tag","embeddable":true,"href":"https:\/\/amazonyguyane.fr\/wp-json\/wp\/v2\/product_tag?post=295469"}],"curies":[{"name":"wp","href":"https:\/\/api.w.org\/{rel}","templated":true}]}}