{"id":297919,"date":"2023-10-06T16:06:40","date_gmt":"2023-10-06T15:06:40","guid":{"rendered":"https:\/\/amazonyguyane.fr\/?product=dlishkahalloween-dmasques-dhommes-effrayantsmasque-de-crane-complet-avec-machoire-mobilecasque-realiste-en-latex-pour-adultestete-de-squelette-effrayante-et-support-reglable"},"modified":"2023-10-06T16:07:12","modified_gmt":"2023-10-06T15:07:12","slug":"dlishkahalloween-dmasques-dhommes-effrayantsmasque-de-crane-complet-avec-machoire-mobilecasque-realiste-en-latex-pour-adultestete-de-squelette-effrayante-et-support-reglable","status":"publish","type":"product","link":"https:\/\/amazonyguyane.fr\/produit\/dlishkahalloween-dmasques-dhommes-effrayantsmasque-de-crane-complet-avec-machoire-mobilecasque-realiste-en-latex-pour-adultestete-de-squelette-effrayante-et-support-reglable\/","title":{"rendered":"DlishkaHalloween D&#8217;Masques D&#8217;Hommes Effrayants,Masque De Cr\u00e2Ne Complet Avec M\u00e2Choire Mobile,Casque R\u00e9Aliste En Latex Pour Adultes,T\u00eaTe De Squelette Effrayante Et Support R\u00e9Glable."},"content":{"rendered":"<p><!-- show up to 2 reviews by default -->                        <\/p>\n<p><span>Sp\u00e9cification <\/span><\/p>\n<p><span>Mat\u00e9riau : ce masque Michael Myers est fait de latex. <\/span><\/p>\n<p><span>Taille : taille unique pour la plupart des gens. 21 x 27 x 25 cm. <\/span><\/p>\n<p><span>Poids : 250 g. <\/span><\/p>\n<\/p>\n<p><span>Paquet <\/span><\/p>\n<p><span>Sac en plastique Pe <\/span><\/p>\n<\/p>\n<p><span>Occasions applicables <\/span><\/p>\n<p><span>Les masques peuvent \u00eatre largement utilis\u00e9s pour Halloween ou No\u00ebl, les f\u00eates \u00e0 th\u00e8me, les f\u00eates de mascarade, les f\u00eates de cosplay. <\/span><\/p>\n<\/p>\n<p><span>Veuillez noter !! ! <\/span><\/p>\n<p><span>N&#8217;utilisez pas ce produit si vous \u00eates allergique au latex. <\/span><\/p>\n<p><span>J&#8217;esp\u00e8re que nos produits peuvent vous apporter beaucoup de plaisir <\/span><\/p>\n<\/p>\n<p>Date de mise en ligne sur Amazon.fr                                     \u200f                                          :                                     \u200e  8 juillet 2022                                  Fabricant                                     \u200f                                          :                                     \u200e  Dlishka          ASIN                                     \u200f                                          :                                     \u200e  B0B6383RLC          R\u00e9f\u00e9rence constructeur                                     \u200f                                          :                                     \u200e  Dlishka          Service                                     \u200f                                          :                                     \u200e  Mixte enfant<\/p>\n","protected":false},"excerpt":{"rendered":"<p>Sp\u00e9cification Mat\u00e9riau : ce masque Michael Myers est fait de latex. Taille : taille unique pour la plupart des gens. 21 x 27 x 25 cm. Poids : 250 g.<\/p>\n","protected":false},"featured_media":297920,"comment_status":"","ping_status":"closed","template":"","meta":{"_acf_changed":false},"product_brand":[],"product_cat":[910],"product_tag":[],"class_list":{"0":"post-297919","1":"product","2":"type-product","3":"status-publish","4":"has-post-thumbnail","6":"product_cat-masque-homme","8":"first","9":"instock","10":"taxable","11":"shipping-taxable","12":"purchasable","13":"product-type-variable","14":"add-to-wishlist-after_add_to_cart"},"acf":[],"_links":{"self":[{"href":"https:\/\/amazonyguyane.fr\/wp-json\/wp\/v2\/product\/297919","targetHints":{"allow":["GET"]}}],"collection":[{"href":"https:\/\/amazonyguyane.fr\/wp-json\/wp\/v2\/product"}],"about":[{"href":"https:\/\/amazonyguyane.fr\/wp-json\/wp\/v2\/types\/product"}],"replies":[{"embeddable":true,"href":"https:\/\/amazonyguyane.fr\/wp-json\/wp\/v2\/comments?post=297919"}],"version-history":[{"count":0,"href":"https:\/\/amazonyguyane.fr\/wp-json\/wp\/v2\/product\/297919\/revisions"}],"wp:featuredmedia":[{"embeddable":true,"href":"https:\/\/amazonyguyane.fr\/wp-json\/wp\/v2\/media\/297920"}],"wp:attachment":[{"href":"https:\/\/amazonyguyane.fr\/wp-json\/wp\/v2\/media?parent=297919"}],"wp:term":[{"taxonomy":"product_brand","embeddable":true,"href":"https:\/\/amazonyguyane.fr\/wp-json\/wp\/v2\/product_brand?post=297919"},{"taxonomy":"product_cat","embeddable":true,"href":"https:\/\/amazonyguyane.fr\/wp-json\/wp\/v2\/product_cat?post=297919"},{"taxonomy":"product_tag","embeddable":true,"href":"https:\/\/amazonyguyane.fr\/wp-json\/wp\/v2\/product_tag?post=297919"}],"curies":[{"name":"wp","href":"https:\/\/api.w.org\/{rel}","templated":true}]}}