{"id":297933,"date":"2023-10-06T16:06:58","date_gmt":"2023-10-06T15:06:58","guid":{"rendered":"https:\/\/amazonyguyane.fr\/?product=widmanndemi-masque-steampunk-bal-masque-fete-a-theme-carnaval"},"modified":"2023-10-06T16:07:10","modified_gmt":"2023-10-06T15:07:10","slug":"widmanndemi-masque-steampunk-bal-masque-fete-a-theme-carnaval","status":"publish","type":"product","link":"https:\/\/amazonyguyane.fr\/produit\/widmanndemi-masque-steampunk-bal-masque-fete-a-theme-carnaval\/","title":{"rendered":"WIDMANNDemi-masque Steampunk, bal masqu\u00e9, f\u00eate \u00e0 th\u00e8me, carnaval"},"content":{"rendered":"<p><!-- show up to 2 reviews by default --><br \/>Date de mise en ligne sur Amazon.fr                                     \u200f                                          :                                     \u200e  11 septembre 2023                                  Fabricant                                     \u200f                                          :                                     \u200e  WIDMANN          ASIN                                     \u200f                                          :                                     \u200e  B0CHSFBK4Y<\/p>\n","protected":false},"excerpt":{"rendered":"<p>Date de mise en ligne sur Amazon.fr \u200f : \u200e 11 septembre 2023 Fabricant \u200f : \u200e WIDMANN ASIN \u200f : \u200e B0CHSFBK4Y<\/p>\n","protected":false},"featured_media":297934,"comment_status":"","ping_status":"closed","template":"","meta":{"_acf_changed":false},"product_brand":[],"product_cat":[910],"product_tag":[],"class_list":{"0":"post-297933","1":"product","2":"type-product","3":"status-publish","4":"has-post-thumbnail","6":"product_cat-masque-homme","8":"first","9":"instock","10":"taxable","11":"shipping-taxable","12":"purchasable","13":"product-type-variable","14":"add-to-wishlist-after_add_to_cart"},"acf":[],"_links":{"self":[{"href":"https:\/\/amazonyguyane.fr\/wp-json\/wp\/v2\/product\/297933","targetHints":{"allow":["GET"]}}],"collection":[{"href":"https:\/\/amazonyguyane.fr\/wp-json\/wp\/v2\/product"}],"about":[{"href":"https:\/\/amazonyguyane.fr\/wp-json\/wp\/v2\/types\/product"}],"replies":[{"embeddable":true,"href":"https:\/\/amazonyguyane.fr\/wp-json\/wp\/v2\/comments?post=297933"}],"version-history":[{"count":0,"href":"https:\/\/amazonyguyane.fr\/wp-json\/wp\/v2\/product\/297933\/revisions"}],"wp:featuredmedia":[{"embeddable":true,"href":"https:\/\/amazonyguyane.fr\/wp-json\/wp\/v2\/media\/297934"}],"wp:attachment":[{"href":"https:\/\/amazonyguyane.fr\/wp-json\/wp\/v2\/media?parent=297933"}],"wp:term":[{"taxonomy":"product_brand","embeddable":true,"href":"https:\/\/amazonyguyane.fr\/wp-json\/wp\/v2\/product_brand?post=297933"},{"taxonomy":"product_cat","embeddable":true,"href":"https:\/\/amazonyguyane.fr\/wp-json\/wp\/v2\/product_cat?post=297933"},{"taxonomy":"product_tag","embeddable":true,"href":"https:\/\/amazonyguyane.fr\/wp-json\/wp\/v2\/product_tag?post=297933"}],"curies":[{"name":"wp","href":"https:\/\/api.w.org\/{rel}","templated":true}]}}