{"id":297997,"date":"2023-10-06T16:08:22","date_gmt":"2023-10-06T15:08:22","guid":{"rendered":"https:\/\/amazonyguyane.fr\/?product=tixiyumasque-integral-de-tete-de-mort-en-latex-effrayant-pour-adultes-pour-cosplay-et-deguisement-pour-halloween-et-carnaval"},"modified":"2023-10-06T16:08:22","modified_gmt":"2023-10-06T15:08:22","slug":"tixiyumasque-integral-de-tete-de-mort-en-latex-effrayant-pour-adultes-pour-cosplay-et-deguisement-pour-halloween-et-carnaval","status":"publish","type":"product","link":"https:\/\/amazonyguyane.fr\/produit\/tixiyumasque-integral-de-tete-de-mort-en-latex-effrayant-pour-adultes-pour-cosplay-et-deguisement-pour-halloween-et-carnaval\/","title":{"rendered":"TixiyuMasque int\u00e9gral de t\u00eate de mort en latex effrayant pour adultes pour cosplay et d\u00e9guisement pour Halloween et carnaval"},"content":{"rendered":"<p><!-- show up to 2 reviews by default -->                        <\/p>\n<p> <span class=\"a-text-bold\">Description&nbsp;:<\/span><span><br \/>Mat\u00e9riau&nbsp;: latex.<br \/>Taille unique.<br \/>Utilisations&nbsp;: festivals, spectacles burlesques, th\u00e9\u00e2tres, etc.<\/p>\n<p><\/span><span class=\"a-text-bold\">Contenu&nbsp;:<\/span><span><br \/>1 masque de visage.<\/p>\n<p><\/span>  <\/p>\n<p>Code UNSPSC  :  60141400 (Mat\u00e9riel et accessoires pour jeux d\u2019imagination) Signaler un code incorrect              Dimensions du produit (L x l x h)                                     \u200f                                          :                                     \u200e  28 x 20 x 5 cm; 160 grammes          Date de mise en ligne sur Amazon.fr                                     \u200f                                          :                                     \u200e  24 septembre 2021                                  Fabricant                                     \u200f                                          :                                     \u200e  Tixiyu          ASIN                                     \u200f                                          :                                     \u200e  B09H2YXT2Q          Num\u00e9ro du mod\u00e8le de l&#8217;article                                     \u200f                                          :                                     \u200e  FA09100447_1-284-LYH          Service                                     \u200f                                          :                                     \u200e  Mixte<\/p>\n","protected":false},"excerpt":{"rendered":"<p>Description&nbsp;:Mat\u00e9riau&nbsp;: latex.Taille unique.Utilisations&nbsp;: festivals, spectacles burlesques, th\u00e9\u00e2tres, etc. Contenu&nbsp;:1 masque de visage. Code UNSPSC : 60141400 (Mat\u00e9riel et accessoires pour jeux d\u2019imagination) Signaler un code incorrect Dimensions du produit (L<\/p>\n","protected":false},"featured_media":297998,"comment_status":"","ping_status":"closed","template":"","meta":{"_acf_changed":false},"product_brand":[],"product_cat":[910],"product_tag":[],"class_list":{"0":"post-297997","1":"product","2":"type-product","3":"status-publish","4":"has-post-thumbnail","6":"product_cat-masque-homme","8":"first","9":"instock","10":"taxable","11":"shipping-taxable","12":"purchasable","13":"product-type-simple","14":"add-to-wishlist-after_add_to_cart"},"acf":[],"_links":{"self":[{"href":"https:\/\/amazonyguyane.fr\/wp-json\/wp\/v2\/product\/297997","targetHints":{"allow":["GET"]}}],"collection":[{"href":"https:\/\/amazonyguyane.fr\/wp-json\/wp\/v2\/product"}],"about":[{"href":"https:\/\/amazonyguyane.fr\/wp-json\/wp\/v2\/types\/product"}],"replies":[{"embeddable":true,"href":"https:\/\/amazonyguyane.fr\/wp-json\/wp\/v2\/comments?post=297997"}],"version-history":[{"count":0,"href":"https:\/\/amazonyguyane.fr\/wp-json\/wp\/v2\/product\/297997\/revisions"}],"wp:featuredmedia":[{"embeddable":true,"href":"https:\/\/amazonyguyane.fr\/wp-json\/wp\/v2\/media\/297998"}],"wp:attachment":[{"href":"https:\/\/amazonyguyane.fr\/wp-json\/wp\/v2\/media?parent=297997"}],"wp:term":[{"taxonomy":"product_brand","embeddable":true,"href":"https:\/\/amazonyguyane.fr\/wp-json\/wp\/v2\/product_brand?post=297997"},{"taxonomy":"product_cat","embeddable":true,"href":"https:\/\/amazonyguyane.fr\/wp-json\/wp\/v2\/product_cat?post=297997"},{"taxonomy":"product_tag","embeddable":true,"href":"https:\/\/amazonyguyane.fr\/wp-json\/wp\/v2\/product_tag?post=297997"}],"curies":[{"name":"wp","href":"https:\/\/api.w.org\/{rel}","templated":true}]}}