{"id":298027,"date":"2023-10-06T16:09:07","date_gmt":"2023-10-06T15:09:07","guid":{"rendered":"https:\/\/amazonyguyane.fr\/?product=toyandona2-pcs-jour-des-morts-masque-crane-de-sucre-masque-complet-masque-de-mascarade-mexicain-deguisement-halloween-costume-accessoire-pour-femmes-hommes-de-vacances"},"modified":"2023-10-06T16:09:07","modified_gmt":"2023-10-06T15:09:07","slug":"toyandona2-pcs-jour-des-morts-masque-crane-de-sucre-masque-complet-masque-de-mascarade-mexicain-deguisement-halloween-costume-accessoire-pour-femmes-hommes-de-vacances","status":"publish","type":"product","link":"https:\/\/amazonyguyane.fr\/produit\/toyandona2-pcs-jour-des-morts-masque-crane-de-sucre-masque-complet-masque-de-mascarade-mexicain-deguisement-halloween-costume-accessoire-pour-femmes-hommes-de-vacances\/","title":{"rendered":"TOYANDONA2 Pcs Jour des Morts Masque Cr\u00e2ne De Sucre Masque Complet Masque De Mascarade Mexicain D\u00e9guisement Halloween Costume Accessoire pour Femmes Hommes De Vacances"},"content":{"rendered":"<p><!-- show up to 2 reviews by default -->                        <\/p>\n<p> <span class=\"a-text-bold\"> Description <\/span><span> <br \/>Fabriqu\u00e9 \u00e0 partir d&#8217;un mat\u00e9riau EVA de haute qualit\u00e9, le masque Mexico Day of the Dead est vraiment effrayant et plein de nouveaut\u00e9. Il est assez grand pour que la plupart des adultes le portent. Donc pas besoin de s&#8217;inqui\u00e9ter de la taille. Alors choisissez-en un et donnez une impression profonde \u00e0 vos amis. <\/p>\n<p><\/span><span class=\"a-text-bold\"> Caract\u00e9ristiques <\/span><span> <br \/>-Couleur: comme indiqu\u00e9 <br \/>-Mat\u00e9riel: EVA <br \/>-Taille: environ 30X24X2cm \/11.79X9.43X0.79in <br \/> &#8211; Mat\u00e9riau EVA environnemental, s\u00fbr et durable, vous pouvez \u00eatre soulag\u00e9 d&#8217;utiliser. <br \/>&#8211; D\u00e9tails parfaits, ex\u00e9cution fine avec une belle apparence, digne de confiance. <br \/>&#8211; Avec le th\u00e8me effrayant, ce sont les jolies d\u00e9corations pour la f\u00eate. <br \/>&#8211; Adaptez l&#8217;Halloween pour que vous puissiez vous amuser davantage \u00e0 Halloween. <br \/>&#8211; Haute qualit\u00e9 et prix bas, performances \u00e0 co\u00fbt \u00e9lev\u00e9. <\/p>\n<p><\/span><span class=\"a-text-bold\"> Forfait comprenant <\/span><span> <br \/>2 xDay of The Dead Mask Sugar Skull Full Face Mask Masque mexicain de mascarade D\u00e9guisement Halloween Costume Accessoire pour Femmes Hommes Vacances <\/p>\n<p><\/span>  <\/p>\n<p>Code UNSPSC  :  46182000 (Protection respiratoire) Signaler un code incorrect              Dimensions du produit (L x l x h)                                     \u200f                                          :                                     \u200e  30 x 24 x 2 cm; 80 grammes          Date de mise en ligne sur Amazon.fr                                     \u200f                                          :                                     \u200e  18 ao\u00fbt 2020                                  Fabricant                                     \u200f                                          :                                     \u200e  TOYANDONA          ASIN                                     \u200f                                          :                                     \u200e  B08G4Y2LSK          Num\u00e9ro du mod\u00e8le de l&#8217;article                                     \u200f                                          :                                     \u200e  DW06VHZ4653XZTK15IFOM<\/p>\n","protected":false},"excerpt":{"rendered":"<p>Description Fabriqu\u00e9 \u00e0 partir d&#8217;un mat\u00e9riau EVA de haute qualit\u00e9, le masque Mexico Day of the Dead est vraiment effrayant et plein de nouveaut\u00e9. Il est assez grand pour que<\/p>\n","protected":false},"featured_media":298028,"comment_status":"","ping_status":"closed","template":"","meta":{"_acf_changed":false},"product_brand":[],"product_cat":[910],"product_tag":[],"class_list":{"0":"post-298027","1":"product","2":"type-product","3":"status-publish","4":"has-post-thumbnail","6":"product_cat-masque-homme","8":"first","9":"instock","10":"taxable","11":"shipping-taxable","12":"purchasable","13":"product-type-simple","14":"add-to-wishlist-after_add_to_cart"},"acf":[],"_links":{"self":[{"href":"https:\/\/amazonyguyane.fr\/wp-json\/wp\/v2\/product\/298027","targetHints":{"allow":["GET"]}}],"collection":[{"href":"https:\/\/amazonyguyane.fr\/wp-json\/wp\/v2\/product"}],"about":[{"href":"https:\/\/amazonyguyane.fr\/wp-json\/wp\/v2\/types\/product"}],"replies":[{"embeddable":true,"href":"https:\/\/amazonyguyane.fr\/wp-json\/wp\/v2\/comments?post=298027"}],"version-history":[{"count":0,"href":"https:\/\/amazonyguyane.fr\/wp-json\/wp\/v2\/product\/298027\/revisions"}],"wp:featuredmedia":[{"embeddable":true,"href":"https:\/\/amazonyguyane.fr\/wp-json\/wp\/v2\/media\/298028"}],"wp:attachment":[{"href":"https:\/\/amazonyguyane.fr\/wp-json\/wp\/v2\/media?parent=298027"}],"wp:term":[{"taxonomy":"product_brand","embeddable":true,"href":"https:\/\/amazonyguyane.fr\/wp-json\/wp\/v2\/product_brand?post=298027"},{"taxonomy":"product_cat","embeddable":true,"href":"https:\/\/amazonyguyane.fr\/wp-json\/wp\/v2\/product_cat?post=298027"},{"taxonomy":"product_tag","embeddable":true,"href":"https:\/\/amazonyguyane.fr\/wp-json\/wp\/v2\/product_tag?post=298027"}],"curies":[{"name":"wp","href":"https:\/\/api.w.org\/{rel}","templated":true}]}}