{"id":298053,"date":"2023-10-06T16:09:45","date_gmt":"2023-10-06T15:09:45","guid":{"rendered":"https:\/\/amazonyguyane.fr\/?product=feiytdrealiste-halloween-masque-blanc-cheveux-vieil-homme-masque-creepy-halloween-costume-masque-effrayant-mascarade-partie-masque-avec-sourcils-barbe-et-cheveux"},"modified":"2023-10-06T16:10:13","modified_gmt":"2023-10-06T15:10:13","slug":"feiytdrealiste-halloween-masque-blanc-cheveux-vieil-homme-masque-creepy-halloween-costume-masque-effrayant-mascarade-partie-masque-avec-sourcils-barbe-et-cheveux","status":"publish","type":"product","link":"https:\/\/amazonyguyane.fr\/produit\/feiytdrealiste-halloween-masque-blanc-cheveux-vieil-homme-masque-creepy-halloween-costume-masque-effrayant-mascarade-partie-masque-avec-sourcils-barbe-et-cheveux\/","title":{"rendered":"FEIYTDR\u00e9aliste Halloween Masque Blanc Cheveux Vieil Homme Masque Creepy Halloween Costume Masque Effrayant Mascarade Partie Masque avec Sourcils Barbe et Cheveux"},"content":{"rendered":"<p><!-- show up to 2 reviews by default -->                        <\/p>\n<p> <span>Descriptif&nbsp;: <\/p>\n<p> \u25cf Pour plus de r\u00e9alisme, nos masques disposent des trous pour les yeux les plus confortables disponibles. <\/p>\n<p> \u25cf Si vous ne pouvez pas voir, agrandissez simplement les trous existants ou creusez-en de nouveaux pour am\u00e9liorer la vision sans endommager l&#8217;apparence naturelle. <\/p>\n<p> \u25cf Les masques d&#8217;Halloween conviennent \u00e0 la plupart des adultes et sont con\u00e7us pour \u00eatre plus longs que le masque moyen pour une couverture optimale de la poitrine et r\u00e9alistes. <\/p>\n<p> Sp\u00e9cifications&nbsp;: <\/p>\n<p> Mat\u00e9riel&nbsp;: Latex<\/p>\n<p> Taille : Taille unique<\/p>\n<p> Application : f\u00eate costum\u00e9e, mascarade, maison hant\u00e9e, etc. <\/p>\n<p> Le forfait comprend&nbsp;: <\/p>\n<p> 1 * Masque d&#8217;Halloween r\u00e9aliste<\/p>\n<p> Conseils&nbsp;: <\/p>\n<p> 1. Taille pour la mesure manuelle, il peut y avoir une erreur, appartient au ph\u00e9nom\u00e8ne normal. <\/p>\n<p> 2. En raison de la diff\u00e9rence entre les diff\u00e9rents moniteurs, l&#8217;image peut ne pas refl\u00e9ter la couleur r\u00e9elle de l&#8217;article. <\/p>\n<p> 3. Si vous avez des questions, contactez-nous, nous vous r\u00e9pondrons dans les 24 heures. <\/p>\n<p><\/span>  <\/p>\n<p>Date de mise en ligne sur Amazon.fr                                     \u200f                                          :                                     \u200e  29 juillet 2023                                  Fabricant                                     \u200f                                          :                                     \u200e  FEIYTD          ASIN                                     \u200f                                          :                                     \u200e  B0CD44G9GN          R\u00e9f\u00e9rence constructeur                                     \u200f                                          :                                     \u200e  1          Service                                     \u200f                                          :                                     \u200e  Mixte<\/p>\n","protected":false},"excerpt":{"rendered":"<p>Descriptif&nbsp;: \u25cf Pour plus de r\u00e9alisme, nos masques disposent des trous pour les yeux les plus confortables disponibles. \u25cf Si vous ne pouvez pas voir, agrandissez simplement les trous existants<\/p>\n","protected":false},"featured_media":298054,"comment_status":"","ping_status":"closed","template":"","meta":{"_acf_changed":false},"product_brand":[],"product_cat":[910],"product_tag":[],"class_list":{"0":"post-298053","1":"product","2":"type-product","3":"status-publish","4":"has-post-thumbnail","6":"product_cat-masque-homme","8":"first","9":"instock","10":"taxable","11":"shipping-taxable","12":"purchasable","13":"product-type-variable","14":"add-to-wishlist-after_add_to_cart"},"acf":[],"_links":{"self":[{"href":"https:\/\/amazonyguyane.fr\/wp-json\/wp\/v2\/product\/298053","targetHints":{"allow":["GET"]}}],"collection":[{"href":"https:\/\/amazonyguyane.fr\/wp-json\/wp\/v2\/product"}],"about":[{"href":"https:\/\/amazonyguyane.fr\/wp-json\/wp\/v2\/types\/product"}],"replies":[{"embeddable":true,"href":"https:\/\/amazonyguyane.fr\/wp-json\/wp\/v2\/comments?post=298053"}],"version-history":[{"count":0,"href":"https:\/\/amazonyguyane.fr\/wp-json\/wp\/v2\/product\/298053\/revisions"}],"wp:featuredmedia":[{"embeddable":true,"href":"https:\/\/amazonyguyane.fr\/wp-json\/wp\/v2\/media\/298054"}],"wp:attachment":[{"href":"https:\/\/amazonyguyane.fr\/wp-json\/wp\/v2\/media?parent=298053"}],"wp:term":[{"taxonomy":"product_brand","embeddable":true,"href":"https:\/\/amazonyguyane.fr\/wp-json\/wp\/v2\/product_brand?post=298053"},{"taxonomy":"product_cat","embeddable":true,"href":"https:\/\/amazonyguyane.fr\/wp-json\/wp\/v2\/product_cat?post=298053"},{"taxonomy":"product_tag","embeddable":true,"href":"https:\/\/amazonyguyane.fr\/wp-json\/wp\/v2\/product_tag?post=298053"}],"curies":[{"name":"wp","href":"https:\/\/api.w.org\/{rel}","templated":true}]}}