{"id":298093,"date":"2023-10-06T16:10:39","date_gmt":"2023-10-06T15:10:39","guid":{"rendered":"https:\/\/amazonyguyane.fr\/?product=budstfeehalloween-realiste-du-visage-de-latex-big-nose-old-man-supersoft-horror-wrinkle-face-headgear-halloween-masquerade-party-realiste-cover"},"modified":"2023-10-06T16:10:39","modified_gmt":"2023-10-06T15:10:39","slug":"budstfeehalloween-realiste-du-visage-de-latex-big-nose-old-man-supersoft-horror-wrinkle-face-headgear-halloween-masquerade-party-realiste-cover","status":"publish","type":"product","link":"https:\/\/amazonyguyane.fr\/produit\/budstfeehalloween-realiste-du-visage-de-latex-big-nose-old-man-supersoft-horror-wrinkle-face-headgear-halloween-masquerade-party-realiste-cover\/","title":{"rendered":"BudstfeeHalloween r\u00e9aliste du visage de latex, Big Nose Old Man SuperSoft Horror Wrinkle Face Headgear Halloween Masquerade Party, r\u00e9aliste COVER"},"content":{"rendered":"<p><!-- show up to 2 reviews by default -->                        <\/p>\n<p> <span>Sp\u00e9cifique M\u00e9moire: latexage: au-dessus de 8 ans Oldgender: UnisexSize: One Tamise Seasons: All Seasons Applications: Cosplay Parties, Halloween, CarnivalOcCasion: \u00e0 l&#8217;int\u00e9rieur et le contenu de fin de fin loin dans un endroit ventil\u00e9 pour \u00e9liminer le go\u00fbt. Le produit a des probl\u00e8mes de qualit\u00e9, n&#8217;h\u00e9sitez pas \u00e0 nous contacter, nous vous aiderons \u00e0 r\u00e9soudre le probl\u00e8me le plus rapidement possible.<\/span>  <\/p>\n<p>Code UNSPSC  :  60141400 (Mat\u00e9riel et accessoires pour jeux d\u2019imagination) Signaler un code incorrect              Dimensions du produit (L x l x h)                                     \u200f                                          :                                     \u200e  10 x 10 x 5 cm; 260 grammes          Date de mise en ligne sur Amazon.fr                                     \u200f                                          :                                     \u200e  17 ao\u00fbt 2022                                  Fabricant                                     \u200f                                          :                                     \u200e  Budstfee          ASIN                                     \u200f                                          :                                     \u200e  B0BB18G74Y          R\u00e9f\u00e9rence constructeur                                     \u200f                                          :                                     \u200e  X220815A6GDM73NBUK          Pays d&#8217;origine                                     \u200f                                          :                                     \u200e  Chine<\/p>\n","protected":false},"excerpt":{"rendered":"<p>Sp\u00e9cifique M\u00e9moire: latexage: au-dessus de 8 ans Oldgender: UnisexSize: One Tamise Seasons: All Seasons Applications: Cosplay Parties, Halloween, CarnivalOcCasion: \u00e0 l&#8217;int\u00e9rieur et le contenu de fin de fin loin dans<\/p>\n","protected":false},"featured_media":298094,"comment_status":"","ping_status":"closed","template":"","meta":{"_acf_changed":false},"product_brand":[],"product_cat":[910],"product_tag":[],"class_list":{"0":"post-298093","1":"product","2":"type-product","3":"status-publish","4":"has-post-thumbnail","6":"product_cat-masque-homme","8":"first","9":"instock","10":"taxable","11":"shipping-taxable","12":"purchasable","13":"product-type-simple","14":"add-to-wishlist-after_add_to_cart"},"acf":[],"_links":{"self":[{"href":"https:\/\/amazonyguyane.fr\/wp-json\/wp\/v2\/product\/298093","targetHints":{"allow":["GET"]}}],"collection":[{"href":"https:\/\/amazonyguyane.fr\/wp-json\/wp\/v2\/product"}],"about":[{"href":"https:\/\/amazonyguyane.fr\/wp-json\/wp\/v2\/types\/product"}],"replies":[{"embeddable":true,"href":"https:\/\/amazonyguyane.fr\/wp-json\/wp\/v2\/comments?post=298093"}],"version-history":[{"count":0,"href":"https:\/\/amazonyguyane.fr\/wp-json\/wp\/v2\/product\/298093\/revisions"}],"wp:featuredmedia":[{"embeddable":true,"href":"https:\/\/amazonyguyane.fr\/wp-json\/wp\/v2\/media\/298094"}],"wp:attachment":[{"href":"https:\/\/amazonyguyane.fr\/wp-json\/wp\/v2\/media?parent=298093"}],"wp:term":[{"taxonomy":"product_brand","embeddable":true,"href":"https:\/\/amazonyguyane.fr\/wp-json\/wp\/v2\/product_brand?post=298093"},{"taxonomy":"product_cat","embeddable":true,"href":"https:\/\/amazonyguyane.fr\/wp-json\/wp\/v2\/product_cat?post=298093"},{"taxonomy":"product_tag","embeddable":true,"href":"https:\/\/amazonyguyane.fr\/wp-json\/wp\/v2\/product_tag?post=298093"}],"curies":[{"name":"wp","href":"https:\/\/api.w.org\/{rel}","templated":true}]}}