{"id":298317,"date":"2023-10-06T16:58:24","date_gmt":"2023-10-06T15:58:24","guid":{"rendered":"https:\/\/amazonyguyane.fr\/?product=boland00209-masque-pour-les-yeux-steampunk-masque-retro-en-look-bronze-avec-engrenages-chaines-et-rivets-accessoire-deguisement-carnaval-fete-a-theme-halloween"},"modified":"2023-10-06T16:58:24","modified_gmt":"2023-10-06T15:58:24","slug":"boland00209-masque-pour-les-yeux-steampunk-masque-retro-en-look-bronze-avec-engrenages-chaines-et-rivets-accessoire-deguisement-carnaval-fete-a-theme-halloween","status":"publish","type":"product","link":"https:\/\/amazonyguyane.fr\/?product=boland00209-masque-pour-les-yeux-steampunk-masque-retro-en-look-bronze-avec-engrenages-chaines-et-rivets-accessoire-deguisement-carnaval-fete-a-theme-halloween","title":{"rendered":"Boland00209 &#8211; Masque pour les yeux Steampunk, masque r\u00e9tro en look bronze, avec engrenages, cha\u00eenes et rivets, Accessoire, d\u00e9guisement, carnaval, f\u00eate \u00e0 th\u00e8me, halloween"},"content":{"rendered":"<li class=\"a-spacing-mini\"><span class=\"a-list-item\"> Plastique  <\/span><\/li>\n<p>Code UNSPSC  :  60141400 (Mat\u00e9riel et accessoires pour jeux d\u2019imagination) Signaler un code incorrect              Dimensions du produit (L x l x h)                                     \u200f                                          :                                     \u200e  20 x 20 x 3 cm; 80 grammes          Date de mise en ligne sur Amazon.fr                                     \u200f                                          :                                     \u200e  10 novembre 2016                                  Fabricant                                     \u200f                                          :                                     \u200e  Boland          ASIN                                     \u200f                                          :                                     \u200e  B01MXENP2Y          Num\u00e9ro du mod\u00e8le de l&#8217;article                                     \u200f                                          :                                     \u200e  00209          Pays d&#8217;origine                                     \u200f                                          :                                     \u200e  Suisse          Service                                     \u200f                                          :                                     \u200e  Mixte<\/p>\n","protected":false},"excerpt":{"rendered":"<p>Plastique Code UNSPSC : 60141400 (Mat\u00e9riel et accessoires pour jeux d\u2019imagination) Signaler un code incorrect Dimensions du produit (L x l x h) \u200f : \u200e 20 x 20 x<\/p>\n","protected":false},"featured_media":298318,"comment_status":"","ping_status":"closed","template":"","meta":{"_acf_changed":false},"product_brand":[],"product_cat":[910],"product_tag":[],"class_list":{"0":"post-298317","1":"product","2":"type-product","3":"status-publish","4":"has-post-thumbnail","6":"product_cat-masque-homme","8":"first","9":"instock","10":"taxable","11":"shipping-taxable","12":"purchasable","13":"product-type-simple","14":"add-to-wishlist-after_add_to_cart"},"acf":[],"_links":{"self":[{"href":"https:\/\/amazonyguyane.fr\/index.php?rest_route=\/wp\/v2\/product\/298317","targetHints":{"allow":["GET"]}}],"collection":[{"href":"https:\/\/amazonyguyane.fr\/index.php?rest_route=\/wp\/v2\/product"}],"about":[{"href":"https:\/\/amazonyguyane.fr\/index.php?rest_route=\/wp\/v2\/types\/product"}],"replies":[{"embeddable":true,"href":"https:\/\/amazonyguyane.fr\/index.php?rest_route=%2Fwp%2Fv2%2Fcomments&post=298317"}],"version-history":[{"count":0,"href":"https:\/\/amazonyguyane.fr\/index.php?rest_route=\/wp\/v2\/product\/298317\/revisions"}],"wp:featuredmedia":[{"embeddable":true,"href":"https:\/\/amazonyguyane.fr\/index.php?rest_route=\/wp\/v2\/media\/298318"}],"wp:attachment":[{"href":"https:\/\/amazonyguyane.fr\/index.php?rest_route=%2Fwp%2Fv2%2Fmedia&parent=298317"}],"wp:term":[{"taxonomy":"product_brand","embeddable":true,"href":"https:\/\/amazonyguyane.fr\/index.php?rest_route=%2Fwp%2Fv2%2Fproduct_brand&post=298317"},{"taxonomy":"product_cat","embeddable":true,"href":"https:\/\/amazonyguyane.fr\/index.php?rest_route=%2Fwp%2Fv2%2Fproduct_cat&post=298317"},{"taxonomy":"product_tag","embeddable":true,"href":"https:\/\/amazonyguyane.fr\/index.php?rest_route=%2Fwp%2Fv2%2Fproduct_tag&post=298317"}],"curies":[{"name":"wp","href":"https:\/\/api.w.org\/{rel}","templated":true}]}}