{"id":298391,"date":"2023-10-06T16:59:44","date_gmt":"2023-10-06T15:59:44","guid":{"rendered":"https:\/\/amazonyguyane.fr\/?product=partyhoppartycostume-deluxe-innovante-toussaint-costume-reunion-botanique-homme-tete-masque-kim-jong-un"},"modified":"2023-10-06T16:59:44","modified_gmt":"2023-10-06T15:59:44","slug":"partyhoppartycostume-deluxe-innovante-toussaint-costume-reunion-botanique-homme-tete-masque-kim-jong-un","status":"publish","type":"product","link":"https:\/\/amazonyguyane.fr\/?product=partyhoppartycostume-deluxe-innovante-toussaint-costume-reunion-botanique-homme-tete-masque-kim-jong-un","title":{"rendered":"PartyHopPartyCostume Deluxe Innovante Toussaint Costume R\u00e9union Botanique homme T\u00eate Masque Kim Jong &#8211; un"},"content":{"rendered":"<p><!-- show up to 2 reviews by default -->                        <\/p>\n<p> <span class=\"a-text-bold\"> conseils <\/span><span> <\/p>\n<p> <\/span><span class=\"a-text-bold\"> shipping: <\/span><span> tous les produits dans notre magasin est remplie par amazon. <br \/> <\/span><span class=\"a-text-bold\"> utilisation: <\/span><span> grand pour les dons, la mascarade parties, les f\u00eates costum\u00e9es, carnaval, no\u00ebl, p\u00e2ques, partie de veille de nouvel an, halloween etc. <br \/> <\/span><span class=\"a-text-bold\"> odeur: <\/span><span> mettre le masque a\u00e9r\u00e9es, l&#8217;odeur du latex naturel se dispersent.<br \/> <\/span><span class=\"a-text-bold\">mat\u00e9riel: <\/span><span> fait \u00e0 100% latex naturel (eco &#8211; friendly et non toxique) mais ne porte pas de masque, si vous \u00eates allergique au latex.le masque est solide et va certainement durer des halloween.c&#8217;est l&#8217;un des meilleurs masques qui est disponible pour ce prix. <br \/> <\/span><span class=\"a-text-bold\"> avertissement: <\/span><span> enfants de moins de 6 ans doivent \u00eatre sous la direction de parents \u00e0 utiliser le masque.tenir loin du feu.si vous \u00eates allergique au latex, tu ferais mieux de ne pas porter ce masque.<\/span>  <\/p>\n<p>Production interrompue par le fabricant                                     \u200f                                          :                                     \u200e  Non          Dimensions du produit (L x l x h)                                     \u200f                                          :                                     \u200e  18 x 23 x 27 cm; 260 grammes                Code UNSPSC  :  60141401 (Costumes ou accessoires) Signaler un code incorrect              \u00c2ge recommand\u00e9 par le fabricant                                     \u200f                                          :                                     \u200e  6 an et plus          Num\u00e9ro du mod\u00e8le de l&#8217;article                                     \u200f                                          :                                     \u200e  ABMJ_JZE          ASIN                                     \u200f                                          :                                     \u200e  B074MN5RRD<\/p>\n","protected":false},"excerpt":{"rendered":"<p>conseils shipping: tous les produits dans notre magasin est remplie par amazon. utilisation: grand pour les dons, la mascarade parties, les f\u00eates costum\u00e9es, carnaval, no\u00ebl, p\u00e2ques, partie de veille de<\/p>\n","protected":false},"featured_media":298392,"comment_status":"","ping_status":"closed","template":"","meta":{"_acf_changed":false},"product_brand":[],"product_cat":[910],"product_tag":[],"class_list":{"0":"post-298391","1":"product","2":"type-product","3":"status-publish","4":"has-post-thumbnail","6":"product_cat-masque-homme","8":"first","9":"instock","10":"taxable","11":"shipping-taxable","12":"purchasable","13":"product-type-simple","14":"add-to-wishlist-after_add_to_cart"},"acf":[],"_links":{"self":[{"href":"https:\/\/amazonyguyane.fr\/index.php?rest_route=\/wp\/v2\/product\/298391","targetHints":{"allow":["GET"]}}],"collection":[{"href":"https:\/\/amazonyguyane.fr\/index.php?rest_route=\/wp\/v2\/product"}],"about":[{"href":"https:\/\/amazonyguyane.fr\/index.php?rest_route=\/wp\/v2\/types\/product"}],"replies":[{"embeddable":true,"href":"https:\/\/amazonyguyane.fr\/index.php?rest_route=%2Fwp%2Fv2%2Fcomments&post=298391"}],"version-history":[{"count":0,"href":"https:\/\/amazonyguyane.fr\/index.php?rest_route=\/wp\/v2\/product\/298391\/revisions"}],"wp:featuredmedia":[{"embeddable":true,"href":"https:\/\/amazonyguyane.fr\/index.php?rest_route=\/wp\/v2\/media\/298392"}],"wp:attachment":[{"href":"https:\/\/amazonyguyane.fr\/index.php?rest_route=%2Fwp%2Fv2%2Fmedia&parent=298391"}],"wp:term":[{"taxonomy":"product_brand","embeddable":true,"href":"https:\/\/amazonyguyane.fr\/index.php?rest_route=%2Fwp%2Fv2%2Fproduct_brand&post=298391"},{"taxonomy":"product_cat","embeddable":true,"href":"https:\/\/amazonyguyane.fr\/index.php?rest_route=%2Fwp%2Fv2%2Fproduct_cat&post=298391"},{"taxonomy":"product_tag","embeddable":true,"href":"https:\/\/amazonyguyane.fr\/index.php?rest_route=%2Fwp%2Fv2%2Fproduct_tag&post=298391"}],"curies":[{"name":"wp","href":"https:\/\/api.w.org\/{rel}","templated":true}]}}