{"id":298441,"date":"2023-10-06T17:05:55","date_gmt":"2023-10-06T16:05:55","guid":{"rendered":"https:\/\/amazonyguyane.fr\/?product=bolandcat016-masque-visage-latex-sorciere-avec-capuche"},"modified":"2023-10-06T17:05:55","modified_gmt":"2023-10-06T16:05:55","slug":"bolandcat016-masque-visage-latex-sorciere-avec-capuche","status":"publish","type":"product","link":"https:\/\/amazonyguyane.fr\/produit\/bolandcat016-masque-visage-latex-sorciere-avec-capuche\/","title":{"rendered":"BolandCAT016 &#8211; Masque visage latex Sorci\u00e8re avec capuche"},"content":{"rendered":"<li class=\"a-spacing-mini\"><span class=\"a-list-item\"> vous recevrez le masque de sorci\u00e8re avec foulard de la marque Boland  <\/span><\/li>\n<li class=\"a-spacing-mini\"><span class=\"a-list-item\"> Le masque facial est livr\u00e9 dans une taille unique pour adultes  <\/span><\/li>\n<li class=\"a-spacing-mini\"><span class=\"a-list-item\"> Elle est en latex et vous permet de passer presque inaper\u00e7u lors de la f\u00eate  <\/span><\/li>\n<li class=\"a-spacing-mini\"><span class=\"a-list-item\"> Le masque est tr\u00e8s \u00e9labor\u00e9 et s&#8217;accorde parfaitement avec un costume de conte de f\u00e9es  <\/span><\/li>\n<li class=\"a-spacing-mini\"><span class=\"a-list-item\"> Combinez le masque avec votre costume de carnaval de Boland (non fourni) pour compl\u00e9ter votre tenue de f\u00eate  <\/span><\/li>\n<p>Production interrompue par le fabricant                                     \u200f                                          :                                     \u200e  Non          Dimensions du produit (L x l x h)                                     \u200f                                          :                                     \u200e  20 x 20 x 30 cm; 170 grammes                Code UNSPSC  :  60141400 (Mat\u00e9riel et accessoires pour jeux d\u2019imagination) Signaler un code incorrect              \u00c2ge recommand\u00e9 par le fabricant                                     \u200f                                          :                                     \u200e  14 an et plus          Num\u00e9ro du mod\u00e8le de l&#8217;article                                     \u200f                                          :                                     \u200e  97508          ASIN                                     \u200f                                          :                                     \u200e  B014Y4REQA          Pays d&#8217;origine                                     \u200f                                          :                                     \u200e  France<\/p>\n","protected":false},"excerpt":{"rendered":"<p>vous recevrez le masque de sorci\u00e8re avec foulard de la marque Boland Le masque facial est livr\u00e9 dans une taille unique pour adultes Elle est en latex et vous permet<\/p>\n","protected":false},"featured_media":298442,"comment_status":"","ping_status":"closed","template":"","meta":{"_acf_changed":false},"product_brand":[],"product_cat":[1109],"product_tag":[],"class_list":{"0":"post-298441","1":"product","2":"type-product","3":"status-publish","4":"has-post-thumbnail","6":"product_cat-masques-femmes","8":"first","9":"instock","10":"taxable","11":"shipping-taxable","12":"purchasable","13":"product-type-simple","14":"add-to-wishlist-after_add_to_cart"},"acf":[],"_links":{"self":[{"href":"https:\/\/amazonyguyane.fr\/wp-json\/wp\/v2\/product\/298441","targetHints":{"allow":["GET"]}}],"collection":[{"href":"https:\/\/amazonyguyane.fr\/wp-json\/wp\/v2\/product"}],"about":[{"href":"https:\/\/amazonyguyane.fr\/wp-json\/wp\/v2\/types\/product"}],"replies":[{"embeddable":true,"href":"https:\/\/amazonyguyane.fr\/wp-json\/wp\/v2\/comments?post=298441"}],"version-history":[{"count":0,"href":"https:\/\/amazonyguyane.fr\/wp-json\/wp\/v2\/product\/298441\/revisions"}],"wp:featuredmedia":[{"embeddable":true,"href":"https:\/\/amazonyguyane.fr\/wp-json\/wp\/v2\/media\/298442"}],"wp:attachment":[{"href":"https:\/\/amazonyguyane.fr\/wp-json\/wp\/v2\/media?parent=298441"}],"wp:term":[{"taxonomy":"product_brand","embeddable":true,"href":"https:\/\/amazonyguyane.fr\/wp-json\/wp\/v2\/product_brand?post=298441"},{"taxonomy":"product_cat","embeddable":true,"href":"https:\/\/amazonyguyane.fr\/wp-json\/wp\/v2\/product_cat?post=298441"},{"taxonomy":"product_tag","embeddable":true,"href":"https:\/\/amazonyguyane.fr\/wp-json\/wp\/v2\/product_tag?post=298441"}],"curies":[{"name":"wp","href":"https:\/\/api.w.org\/{rel}","templated":true}]}}