{"id":298867,"date":"2023-10-06T17:17:45","date_gmt":"2023-10-06T16:17:45","guid":{"rendered":"https:\/\/amazonyguyane.fr\/?product=rubiesrubies-accessoire-pour-deguisement-adulte-halloween-officiel-masque-squelette-yeux-exorbites-taille-unique-pour-costume-halloween-femmes-et-hommes-blanc"},"modified":"2023-10-06T17:17:45","modified_gmt":"2023-10-06T16:17:45","slug":"rubiesrubies-accessoire-pour-deguisement-adulte-halloween-officiel-masque-squelette-yeux-exorbites-taille-unique-pour-costume-halloween-femmes-et-hommes-blanc","status":"publish","type":"product","link":"https:\/\/amazonyguyane.fr\/produit\/rubiesrubies-accessoire-pour-deguisement-adulte-halloween-officiel-masque-squelette-yeux-exorbites-taille-unique-pour-costume-halloween-femmes-et-hommes-blanc\/","title":{"rendered":"RUBIE&#8217;SRUBIES &#8211; Accessoire pour D\u00e9guisement Adulte HALLOWEEN Officiel &#8211; Masque Squelette Yeux Exorbit\u00e9s &#8211; Taille Unique &#8211; Pour Costume Halloween, Femmes et Hommes, Blanc"},"content":{"rendered":"<p><!-- show up to 2 reviews by default -->                <\/p>\n<h3> <span>Description du produit<\/span> <\/h3>\n<p> <span>Rubie\u2019s est le plus grand concepteur, fabricant et distributeur mondial de d\u00e9guisements et d\u2019accessoires avec plus de 16 filiales \u00e0 travers le monde. Les r\u00eaves deviennent r\u00e9alit\u00e9 gr\u00e2ce \u00e0 la vaste gamme offerte par Rubie\u2019s : d\u00e9guisements et accessoires exceptionnels pour tous les \u00e2ges et pour toutes les occasions sp\u00e9ciales telles que le Carnaval, Halloween, les anniversaires, les lancements de films, les salons, les \u00e9v\u00e9nements sportifs, les soir\u00e9e \u00e0 th\u00e8mes, No\u00ebl \u2026.<\/span>  <\/p>\n<h3> <span>Avertissement De S\u00fbret\u00e9<\/span> <\/h3>\n<p> <span>Aucun avertissement applicable<\/span>  <\/p>\n<div data-a-expander-name=\"toggle_description\" class=\"a-row a-expander-container a-expander-extend-container\">\n                  P.when(&#8216;A&#8217;).execute(function(A) {<br \/>\n                      A.on(&#8216;a:expander:toggle_description:toggle:collapse&#8217;, function(data) {<br \/>\n                        window.scroll(0, data.expander.$expander[0].offsetTop-100);<br \/>\n                      });<br \/>\n                    });<\/p>\n<div aria-expanded=\"false\" class=\"a-expander-content a-expander-extend-content\">\n<h3> <span>Contenu du coffret<\/span> <\/h3>\n<p> <span>MASQUE ADULTE SQUELETTE YEUX EXORBIT\u00c9S<\/span>  <\/p>\n<\/p><\/div>\n<p> <i class=\"a-icon a-icon-extender-expand\"><\/i><span class=\"a-expander-prompt\">Voir plus<\/span> <\/div>\n<p>Production interrompue par le fabricant                                     \u200f                                          :                                     \u200e  Non          Dimensions du produit (L x l x h)                                     \u200f                                          :                                     \u200e  35 x 10 x 35 cm; 30 grammes                Code UNSPSC  :  60141400 (Mat\u00e9riel et accessoires pour jeux d\u2019imagination) Signaler un code incorrect              \u00c2ge recommand\u00e9 par le fabricant                                     \u200f                                          :                                     \u200e  14 &#8211; 99 ans          Num\u00e9ro du mod\u00e8le de l&#8217;article                                     \u200f                                          :                                     \u200e  S5131          ASIN                                     \u200f                                          :                                     \u200e  B074MJS6XQ          Pays d&#8217;origine                                     \u200f                                          :                                     \u200e  Chine<\/p>\n","protected":false},"excerpt":{"rendered":"<p>Description du produit Rubie\u2019s est le plus grand concepteur, fabricant et distributeur mondial de d\u00e9guisements et d\u2019accessoires avec plus de 16 filiales \u00e0 travers le monde. Les r\u00eaves deviennent r\u00e9alit\u00e9<\/p>\n","protected":false},"featured_media":298868,"comment_status":"","ping_status":"closed","template":"","meta":{"_acf_changed":false},"product_brand":[],"product_cat":[1109],"product_tag":[],"class_list":{"0":"post-298867","1":"product","2":"type-product","3":"status-publish","4":"has-post-thumbnail","6":"product_cat-masques-femmes","8":"first","9":"instock","10":"taxable","11":"shipping-taxable","12":"purchasable","13":"product-type-simple","14":"add-to-wishlist-after_add_to_cart"},"acf":[],"_links":{"self":[{"href":"https:\/\/amazonyguyane.fr\/wp-json\/wp\/v2\/product\/298867","targetHints":{"allow":["GET"]}}],"collection":[{"href":"https:\/\/amazonyguyane.fr\/wp-json\/wp\/v2\/product"}],"about":[{"href":"https:\/\/amazonyguyane.fr\/wp-json\/wp\/v2\/types\/product"}],"replies":[{"embeddable":true,"href":"https:\/\/amazonyguyane.fr\/wp-json\/wp\/v2\/comments?post=298867"}],"version-history":[{"count":0,"href":"https:\/\/amazonyguyane.fr\/wp-json\/wp\/v2\/product\/298867\/revisions"}],"wp:featuredmedia":[{"embeddable":true,"href":"https:\/\/amazonyguyane.fr\/wp-json\/wp\/v2\/media\/298868"}],"wp:attachment":[{"href":"https:\/\/amazonyguyane.fr\/wp-json\/wp\/v2\/media?parent=298867"}],"wp:term":[{"taxonomy":"product_brand","embeddable":true,"href":"https:\/\/amazonyguyane.fr\/wp-json\/wp\/v2\/product_brand?post=298867"},{"taxonomy":"product_cat","embeddable":true,"href":"https:\/\/amazonyguyane.fr\/wp-json\/wp\/v2\/product_cat?post=298867"},{"taxonomy":"product_tag","embeddable":true,"href":"https:\/\/amazonyguyane.fr\/wp-json\/wp\/v2\/product_tag?post=298867"}],"curies":[{"name":"wp","href":"https:\/\/api.w.org\/{rel}","templated":true}]}}