{"id":300231,"date":"2023-10-06T18:09:40","date_gmt":"2023-10-06T17:09:40","guid":{"rendered":"https:\/\/amazonyguyane.fr\/?product=coups-de-theatre-les-enquetes-de-logicielle"},"modified":"2023-10-06T18:09:40","modified_gmt":"2023-10-06T17:09:40","slug":"coups-de-theatre-les-enquetes-de-logicielle","status":"publish","type":"product","link":"https:\/\/amazonyguyane.fr\/?product=coups-de-theatre-les-enquetes-de-logicielle","title":{"rendered":"Coups de th\u00e9\u00e2tre: Les enqu\u00eates de Logicielle"},"content":{"rendered":"<p>\u00c9diteur                                     \u200f                                          :                                     \u200e  Rageot Editeur (6 avril 2016)          Langue                                     \u200f                                          :                                     \u200e  Fran\u00e7ais          Poche                                     \u200f                                          :                                     \u200e  192 pages          ISBN-10                                     \u200f                                          :                                     \u200e  2700239326          ISBN-13                                     \u200f                                          :                                     \u200e  978-2700239324          \u00c2ge de lecture                                     \u200f                                          :                                     \u200e  D\u00e8s 12 ans          Poids de l&#8217;article                                     \u200f                                          :                                     \u200e  200 g          Dimensions                                     \u200f                                          :                                     \u200e  12.8 x 1.3 x 18.6 cm                        UNSPSC-Code  :  55101500 (Publications imprim\u00e9es) Signaler un code incorrect<\/p>\n","protected":false},"excerpt":{"rendered":"<p>\u00c9diteur \u200f : \u200e Rageot Editeur (6 avril 2016) Langue \u200f : \u200e Fran\u00e7ais Poche \u200f : \u200e 192 pages ISBN-10 \u200f : \u200e 2700239326 ISBN-13 \u200f : \u200e 978-2700239324<\/p>\n","protected":false},"featured_media":300232,"comment_status":"","ping_status":"closed","template":"","meta":{"_acf_changed":false},"product_brand":[],"product_cat":[3029],"product_tag":[],"class_list":{"0":"post-300231","1":"product","2":"type-product","3":"status-publish","4":"has-post-thumbnail","6":"product_cat-logiciels","8":"first","9":"instock","10":"taxable","11":"shipping-taxable","12":"purchasable","13":"product-type-simple","14":"add-to-wishlist-after_add_to_cart"},"acf":[],"_links":{"self":[{"href":"https:\/\/amazonyguyane.fr\/index.php?rest_route=\/wp\/v2\/product\/300231","targetHints":{"allow":["GET"]}}],"collection":[{"href":"https:\/\/amazonyguyane.fr\/index.php?rest_route=\/wp\/v2\/product"}],"about":[{"href":"https:\/\/amazonyguyane.fr\/index.php?rest_route=\/wp\/v2\/types\/product"}],"replies":[{"embeddable":true,"href":"https:\/\/amazonyguyane.fr\/index.php?rest_route=%2Fwp%2Fv2%2Fcomments&post=300231"}],"version-history":[{"count":0,"href":"https:\/\/amazonyguyane.fr\/index.php?rest_route=\/wp\/v2\/product\/300231\/revisions"}],"wp:featuredmedia":[{"embeddable":true,"href":"https:\/\/amazonyguyane.fr\/index.php?rest_route=\/wp\/v2\/media\/300232"}],"wp:attachment":[{"href":"https:\/\/amazonyguyane.fr\/index.php?rest_route=%2Fwp%2Fv2%2Fmedia&parent=300231"}],"wp:term":[{"taxonomy":"product_brand","embeddable":true,"href":"https:\/\/amazonyguyane.fr\/index.php?rest_route=%2Fwp%2Fv2%2Fproduct_brand&post=300231"},{"taxonomy":"product_cat","embeddable":true,"href":"https:\/\/amazonyguyane.fr\/index.php?rest_route=%2Fwp%2Fv2%2Fproduct_cat&post=300231"},{"taxonomy":"product_tag","embeddable":true,"href":"https:\/\/amazonyguyane.fr\/index.php?rest_route=%2Fwp%2Fv2%2Fproduct_tag&post=300231"}],"curies":[{"name":"wp","href":"https:\/\/api.w.org\/{rel}","templated":true}]}}