{"id":301358,"date":"2023-10-07T14:41:45","date_gmt":"2023-10-07T13:41:45","guid":{"rendered":"https:\/\/amazonyguyane.fr\/?product=do-electr-mini-presse-a-chaud-pour-tasses-8-12-oz-presse-de-transfert-avec-3-reglages-de-chaleur-presse-pour-limpression-de-tasse-pour-mugs-en-ceramique-mugs-en-verre-et-mugs-en-metal"},"modified":"2023-10-07T14:41:45","modified_gmt":"2023-10-07T13:41:45","slug":"do-electr-mini-presse-a-chaud-pour-tasses-8-12-oz-presse-de-transfert-avec-3-reglages-de-chaleur-presse-pour-limpression-de-tasse-pour-mugs-en-ceramique-mugs-en-verre-et-mugs-en-metal","status":"publish","type":"product","link":"https:\/\/amazonyguyane.fr\/produit\/do-electr-mini-presse-a-chaud-pour-tasses-8-12-oz-presse-de-transfert-avec-3-reglages-de-chaleur-presse-pour-limpression-de-tasse-pour-mugs-en-ceramique-mugs-en-verre-et-mugs-en-metal\/","title":{"rendered":"Do-Electr Mini Presse \u00e0 Chaud pour Tasses 8-12 oz Presse de Transfert avec 3 R\u00e9glages de Chaleur Presse pour l&#8217;Impression de Tasse pour mugs en c\u00e9ramique, mugs en verre et mugs en m\u00e9tal"},"content":{"rendered":"<p><!-- show up to 2 reviews by default --><\/p>\n","protected":false},"excerpt":{"rendered":"","protected":false},"featured_media":301359,"comment_status":"","ping_status":"closed","template":"","meta":{"_acf_changed":false},"product_brand":[],"product_cat":[79565],"product_tag":[],"class_list":{"0":"post-301358","1":"product","2":"type-product","3":"status-publish","4":"has-post-thumbnail","6":"product_cat-imprimante-mugs","8":"first","9":"outofstock","10":"taxable","11":"shipping-taxable","12":"purchasable","13":"product-type-simple","14":"add-to-wishlist-after_add_to_cart"},"acf":[],"_links":{"self":[{"href":"https:\/\/amazonyguyane.fr\/wp-json\/wp\/v2\/product\/301358","targetHints":{"allow":["GET"]}}],"collection":[{"href":"https:\/\/amazonyguyane.fr\/wp-json\/wp\/v2\/product"}],"about":[{"href":"https:\/\/amazonyguyane.fr\/wp-json\/wp\/v2\/types\/product"}],"replies":[{"embeddable":true,"href":"https:\/\/amazonyguyane.fr\/wp-json\/wp\/v2\/comments?post=301358"}],"version-history":[{"count":0,"href":"https:\/\/amazonyguyane.fr\/wp-json\/wp\/v2\/product\/301358\/revisions"}],"wp:featuredmedia":[{"embeddable":true,"href":"https:\/\/amazonyguyane.fr\/wp-json\/wp\/v2\/media\/301359"}],"wp:attachment":[{"href":"https:\/\/amazonyguyane.fr\/wp-json\/wp\/v2\/media?parent=301358"}],"wp:term":[{"taxonomy":"product_brand","embeddable":true,"href":"https:\/\/amazonyguyane.fr\/wp-json\/wp\/v2\/product_brand?post=301358"},{"taxonomy":"product_cat","embeddable":true,"href":"https:\/\/amazonyguyane.fr\/wp-json\/wp\/v2\/product_cat?post=301358"},{"taxonomy":"product_tag","embeddable":true,"href":"https:\/\/amazonyguyane.fr\/wp-json\/wp\/v2\/product_tag?post=301358"}],"curies":[{"name":"wp","href":"https:\/\/api.w.org\/{rel}","templated":true}]}}