{"id":301374,"date":"2023-10-07T14:42:06","date_gmt":"2023-10-07T13:42:06","guid":{"rendered":"https:\/\/amazonyguyane.fr\/?product=vevor-presse-a-chaud-8-en-1-presse-de-la-chaleur-38x-38cm-machine-de-sublimation-textile-heat-press-pivotant-a-360-degres-pour-t-shirts-tasse-chapeau-assiette-casquette-noir"},"modified":"2023-10-07T14:42:06","modified_gmt":"2023-10-07T13:42:06","slug":"vevor-presse-a-chaud-8-en-1-presse-de-la-chaleur-38x-38cm-machine-de-sublimation-textile-heat-press-pivotant-a-360-degres-pour-t-shirts-tasse-chapeau-assiette-casquette-noir","status":"publish","type":"product","link":"https:\/\/amazonyguyane.fr\/produit\/vevor-presse-a-chaud-8-en-1-presse-de-la-chaleur-38x-38cm-machine-de-sublimation-textile-heat-press-pivotant-a-360-degres-pour-t-shirts-tasse-chapeau-assiette-casquette-noir\/","title":{"rendered":"VEVOR Presse \u00e0 Chaud 8 en 1 Presse de la Chaleur 38x 38cm Machine de Sublimation Textile Heat Press Pivotant \u00e0 360 Degr\u00e9s pour t-Shirts\/Tasse\/Chapeau\/Assiette\/Casquette Noir"},"content":{"rendered":"<p><!-- show up to 2 reviews by default -->                        <\/p>\n<p> <span>Caract\u00e9ristiques Contr\u00f4leur Num\u00e9rique Pratique Le contr\u00f4leur a une apparence merveilleuse et magnifique, avec l&#8217;affichage num\u00e9rique et le bouton. Vous n&#8217;avez besoin d&#8217;appuyer qu&#8217;une seule fois pour r\u00e9aliser une op\u00e9ration simple et rapide. Poign\u00e9e Durable et Fiable La poign\u00e9e bien am\u00e9lior\u00e9e en caoutchouc est plus \u00e9conomique et plus lisse sous la m\u00eame pression, ce qui la rend plus confortable \u00e0 tenir. Conception de Rotation \u00e0 360 \u00b0 La presse \u00e0 chaud 8 en 1 adopte une conception de rail pivotant et de guidage, qui peut fournir directement ou uniform\u00e9ment toute la plage de pression. D\u00e9tails Attentionn\u00e9s Une poign\u00e9e portable peut faciliter le mouvement. Le bouton flexible permet d&#8217;ajuster facilement la hauteur. Bas\u00e9 sur la base solide, la presse \u00e0 chaud n\u00e9cessite un support stable pour maintenir un fonctionnement en douceur. Coussin Isolant \u00e0 2 Couches Livr\u00e9 avec 2 couches de coton isolant thermique, une isolation en papier silicate d&#8217;aluminium de 4 mm et une \u00e9ponge thermostable de 10 mm d&#8217;\u00e9paisseur pour am\u00e9liorer l&#8217;effet de transfert. Accessoires Complets Le kit complet qui comprend tous les accessoires n\u00e9cessaires dont vous avez besoin vous aide \u00e0 appliquer facilement des transferts, des lettres, des chiffres et des images sur des T-shirts, des casquettes, des assiettes en c\u00e9ramique, des tasses, etc. Sp\u00e9cifications Puissance: 1400 W Contr\u00f4le de la Minuterie: 0 \u00e0 999 secondes Plage de Temp\u00e9rature: 200-450 \u00b0 F (95-232 \u00b0 C) Poids Brut: 27,1 kg (59,7 lb)<\/span>  <\/p>\n<p>Code UNSPSC  :  14120000 (Papiers \u00e0 usage industriel) Signaler un code incorrect              Dimensions du produit (L x l x h)                                     \u200f                                          :                                     \u200e  57,4 x 46,99 x 44,96 cm; 24,04 kilogrammes          Date de mise en ligne sur Amazon.fr                                     \u200f                                          :                                     \u200e  27 novembre 2020                                  Fabricant                                     \u200f                                          :                                     \u200e  VEVOR          ASIN                                     \u200f                                          :                                     \u200e  B08LG3PR16          Num\u00e9ro du mod\u00e8le de l&#8217;article                                     \u200f                                          :                                     \u200e  15\u00d715          Pays d&#8217;origine                                     \u200f                                          :                                     \u200e  Chine          Disponibilit\u00e9 des pi\u00e8ces d\u00e9tach\u00e9es                                     \u200f                                          :                                     \u200e  Information indisponible sur les pi\u00e8ces d\u00e9tach\u00e9es<\/p>\n","protected":false},"excerpt":{"rendered":"<p>Caract\u00e9ristiques Contr\u00f4leur Num\u00e9rique Pratique Le contr\u00f4leur a une apparence merveilleuse et magnifique, avec l&#8217;affichage num\u00e9rique et le bouton. Vous n&#8217;avez besoin d&#8217;appuyer qu&#8217;une seule fois pour r\u00e9aliser une op\u00e9ration simple<\/p>\n","protected":false},"featured_media":301375,"comment_status":"","ping_status":"closed","template":"","meta":{"_acf_changed":false},"product_brand":[],"product_cat":[79565],"product_tag":[],"class_list":{"0":"post-301374","1":"product","2":"type-product","3":"status-publish","4":"has-post-thumbnail","6":"product_cat-imprimante-mugs","8":"first","9":"outofstock","10":"taxable","11":"shipping-taxable","12":"purchasable","13":"product-type-simple","14":"add-to-wishlist-after_add_to_cart"},"acf":[],"_links":{"self":[{"href":"https:\/\/amazonyguyane.fr\/wp-json\/wp\/v2\/product\/301374","targetHints":{"allow":["GET"]}}],"collection":[{"href":"https:\/\/amazonyguyane.fr\/wp-json\/wp\/v2\/product"}],"about":[{"href":"https:\/\/amazonyguyane.fr\/wp-json\/wp\/v2\/types\/product"}],"replies":[{"embeddable":true,"href":"https:\/\/amazonyguyane.fr\/wp-json\/wp\/v2\/comments?post=301374"}],"version-history":[{"count":0,"href":"https:\/\/amazonyguyane.fr\/wp-json\/wp\/v2\/product\/301374\/revisions"}],"wp:featuredmedia":[{"embeddable":true,"href":"https:\/\/amazonyguyane.fr\/wp-json\/wp\/v2\/media\/301375"}],"wp:attachment":[{"href":"https:\/\/amazonyguyane.fr\/wp-json\/wp\/v2\/media?parent=301374"}],"wp:term":[{"taxonomy":"product_brand","embeddable":true,"href":"https:\/\/amazonyguyane.fr\/wp-json\/wp\/v2\/product_brand?post=301374"},{"taxonomy":"product_cat","embeddable":true,"href":"https:\/\/amazonyguyane.fr\/wp-json\/wp\/v2\/product_cat?post=301374"},{"taxonomy":"product_tag","embeddable":true,"href":"https:\/\/amazonyguyane.fr\/wp-json\/wp\/v2\/product_tag?post=301374"}],"curies":[{"name":"wp","href":"https:\/\/api.w.org\/{rel}","templated":true}]}}