{"id":301400,"date":"2023-10-07T14:42:38","date_gmt":"2023-10-07T13:42:38","guid":{"rendered":"https:\/\/amazonyguyane.fr\/?product=cricut-mug-press-2008736"},"modified":"2023-10-07T14:42:38","modified_gmt":"2023-10-07T13:42:38","slug":"cricut-mug-press-2008736","status":"publish","type":"product","link":"https:\/\/amazonyguyane.fr\/?product=cricut-mug-press-2008736","title":{"rendered":"Cricut Mug Press 2008736"},"content":{"rendered":"<p><!-- show up to 2 reviews by default -->                <\/p>\n<h3> <span>Description du produit<\/span> <\/h3>\n<p> <span>Offrez en cadeau des tasses personnalis\u00e9es vibrantes de qualit\u00e9 professionnelle avec Cricut Mug Press. Il suffit de cr\u00e9er votre motif en utilisant les mat\u00e9riaux Cricut Infusible Ink, de le fixer sur votre tasse, et de laisser la presse faire le reste ! Une plaque thermique en instance de brevet avec une chaleur localis\u00e9e produit des r\u00e9sultats excellents et permanents. Des id\u00e9es de cadeaux parfaits pour la famille, les amis, les voisins et les coll\u00e8gues, qui n&#8217;ont jamais \u00e9t\u00e9 aussi faciles \u00e0 r\u00e9aliser. Optimis\u00e9e pour les produits Infusible Ink, cette presse \u00e0 tasses unique est le compl\u00e9ment parfait \u00e0 toute machine de d\u00e9coupe Cricut. Utilisation limit\u00e9e aux adultes. \u00c0 utiliser dans une zone bien a\u00e9r\u00e9e. Vapeurs \u00e9mises lors du transfert de chaleur.<\/span>  <\/p>\n<h3> <span>Avertissement De S\u00fbret\u00e9<\/span> <\/h3>\n<p> <span>A utiliser dans un endroit bien a\u00e9r\u00e9 &#8211; les vapeurs provenant du processus de chauffe peuvent \u00eatre irritantes pour les personnes sensibles. En cas d&#8217;irritation cutan\u00e9e, nettoyez imm\u00e9diatement la peau a l&#8217;eau et au savon. En cas de contact avec les yeux, rincez imm\u00e9diatement a l&#8217;eau. Si l&#8217;irritation persiste, consultez un professionnel de sant\u00e9.<\/span>  <\/p>\n<p>Code UNSPSC  :  52152100 (Vaisselle (boissons)) Signaler un code incorrect              Dimensions du produit (L x l x h)                                     \u200f                                          :                                     \u200e  22 x 35 x 26 cm; 3 kilogrammes          Fabricant                                     \u200f                                          :                                     \u200e  Cricut          ASIN                                     \u200f                                          :                                     \u200e  B09KZ5QL52          Num\u00e9ro du mod\u00e8le de l&#8217;article                                     \u200f                                          :                                     \u200e  2008736          Pays d&#8217;origine                                     \u200f                                          :                                     \u200e  Chine<\/p>\n","protected":false},"excerpt":{"rendered":"<p>Description du produit Offrez en cadeau des tasses personnalis\u00e9es vibrantes de qualit\u00e9 professionnelle avec Cricut Mug Press. Il suffit de cr\u00e9er votre motif en utilisant les mat\u00e9riaux Cricut Infusible Ink,<\/p>\n","protected":false},"featured_media":301401,"comment_status":"","ping_status":"closed","template":"","meta":{"_acf_changed":false},"product_brand":[],"product_cat":[79565],"product_tag":[],"class_list":{"0":"post-301400","1":"product","2":"type-product","3":"status-publish","4":"has-post-thumbnail","6":"product_cat-imprimante-mugs","8":"first","9":"instock","10":"taxable","11":"shipping-taxable","12":"purchasable","13":"product-type-simple","14":"add-to-wishlist-after_add_to_cart"},"acf":[],"_links":{"self":[{"href":"https:\/\/amazonyguyane.fr\/index.php?rest_route=\/wp\/v2\/product\/301400","targetHints":{"allow":["GET"]}}],"collection":[{"href":"https:\/\/amazonyguyane.fr\/index.php?rest_route=\/wp\/v2\/product"}],"about":[{"href":"https:\/\/amazonyguyane.fr\/index.php?rest_route=\/wp\/v2\/types\/product"}],"replies":[{"embeddable":true,"href":"https:\/\/amazonyguyane.fr\/index.php?rest_route=%2Fwp%2Fv2%2Fcomments&post=301400"}],"version-history":[{"count":0,"href":"https:\/\/amazonyguyane.fr\/index.php?rest_route=\/wp\/v2\/product\/301400\/revisions"}],"wp:featuredmedia":[{"embeddable":true,"href":"https:\/\/amazonyguyane.fr\/index.php?rest_route=\/wp\/v2\/media\/301401"}],"wp:attachment":[{"href":"https:\/\/amazonyguyane.fr\/index.php?rest_route=%2Fwp%2Fv2%2Fmedia&parent=301400"}],"wp:term":[{"taxonomy":"product_brand","embeddable":true,"href":"https:\/\/amazonyguyane.fr\/index.php?rest_route=%2Fwp%2Fv2%2Fproduct_brand&post=301400"},{"taxonomy":"product_cat","embeddable":true,"href":"https:\/\/amazonyguyane.fr\/index.php?rest_route=%2Fwp%2Fv2%2Fproduct_cat&post=301400"},{"taxonomy":"product_tag","embeddable":true,"href":"https:\/\/amazonyguyane.fr\/index.php?rest_route=%2Fwp%2Fv2%2Fproduct_tag&post=301400"}],"curies":[{"name":"wp","href":"https:\/\/api.w.org\/{rel}","templated":true}]}}