{"id":301424,"date":"2023-10-07T14:43:08","date_gmt":"2023-10-07T13:43:08","guid":{"rendered":"https:\/\/amazonyguyane.fr\/?product=cricut-easypress-3-plaque-chauffante-30cm-x-25cm-12"},"modified":"2023-10-07T14:43:35","modified_gmt":"2023-10-07T13:43:35","slug":"cricut-easypress-3-plaque-chauffante-30cm-x-25cm-12","status":"publish","type":"product","link":"https:\/\/amazonyguyane.fr\/produit\/cricut-easypress-3-plaque-chauffante-30cm-x-25cm-12\/","title":{"rendered":"Cricut EasyPress 3 | Plaque chauffante 30cm x 25cm (12"},"content":{"rendered":"<p><!-- show up to 2 reviews by default -->                        <\/p>\n<p> <span>Cricut EasyPress 3 | Plaque chauffante 30cm x 25cm (12&#8243; x 10&#8243;) | Chauffe jusqu&#8217;\u00e0 205 \u00b0C (400 \u00b0F) | Presse \u00e0 Chaud Compatible Bluetooth pour Fer sur Vinyle (HTV), Infusible Ink et Sublimation<br \/>La presse id\u00e9ale est maintenant \u00e0 port\u00e9e de main. La Cricut&nbsp;EasyPress\u00ae&nbsp;3 vous fournit des instructions d\u00e9taill\u00e9es lors de son utilisation et vous permet d&#8217;obtenir des transferts simples et faciles pour presque tous vos projets. Utilisez la connexion Bluetooth\u00ae pour envoyer des param\u00e8tres pr\u00e9cis de dur\u00e9e et de temp\u00e9rature via l&#8217;application Cricut&nbsp;Heat\u2122. Suivez les instructions \u00e0 l&#8217;\u00e9cran et laissez-vous guider pas \u00e0 pas. La plaque chauffante rev\u00eatue de c\u00e9ramique permet de cr\u00e9er une chaleur s\u00e8che et uniforme, \u00e0 des temp\u00e9ratures pouvant aller atteindre 400&nbsp;\u00baF (205&nbsp;\u00baC). Utilisez la presse l&#8217;esprit tranquille gr\u00e2ce aux fonctionnalit\u00e9s de s\u00e9curit\u00e9 (comme la base de s\u00e9curit\u00e9 isol\u00e9e et l&#8217;arr\u00eat automatique) qui offrent une exp\u00e9rience sans tracas. Elle est aussi compacte, facile \u00e0 ranger et compatible avec les grandes marques de produits thermocollants (HTV), Infusible&nbsp;Ink\u2122 et de sublimation. Un compl\u00e9ment parfait aux machines de d\u00e9coupe Cricut\u00ae. Le produit ne fonctionnera pas tant qu&#8217;il n&#8217;aura pas \u00e9t\u00e9 activ\u00e9 via l&#8217;application Cricut&nbsp;Heat sur un appareil mobile compatible connect\u00e9 \u00e0 Internet.<\/p>\n<p>Cricut Mug Press 2008736<br \/>Offrez en cadeau des tasses personnalis\u00e9es vibrantes de qualit\u00e9 professionnelle avec Cricut Mug Press. Il suffit de cr\u00e9er votre motif en utilisant les mat\u00e9riaux Cricut Infusible Ink, de le fixer sur votre tasse, et de laisser la presse faire le reste ! Une plaque thermique en instance de brevet avec une chaleur localis\u00e9e produit des r\u00e9sultats excellents et permanents. Des id\u00e9es de cadeaux parfaits pour la famille, les amis, les voisins et les coll\u00e8gues, qui n&#8217;ont jamais \u00e9t\u00e9 aussi faciles \u00e0 r\u00e9aliser. Optimis\u00e9e pour les produits Infusible Ink, cette presse \u00e0 tasses unique est le compl\u00e9ment parfait \u00e0 toute machine de d\u00e9coupe Cricut. Utilisation limit\u00e9e aux adultes. \u00c0 utiliser dans une zone bien a\u00e9r\u00e9e. Vapeurs \u00e9mises lors du transfert de chaleur.<\/span>  <\/p>\n<p>Code UNSPSC  :  47111601 (Machines ou presses \u00e0 repasser) Signaler un code incorrect              ASIN                                     \u200f                                          :                                     \u200e  B0BP1NLZ8B<\/p>\n","protected":false},"excerpt":{"rendered":"<p>Cricut EasyPress 3 | Plaque chauffante 30cm x 25cm (12&#8243; x 10&#8243;) | Chauffe jusqu&#8217;\u00e0 205 \u00b0C (400 \u00b0F) | Presse \u00e0 Chaud Compatible Bluetooth pour Fer sur Vinyle (HTV),<\/p>\n","protected":false},"featured_media":301425,"comment_status":"","ping_status":"closed","template":"","meta":{"_acf_changed":false},"product_brand":[],"product_cat":[79565],"product_tag":[],"class_list":{"0":"post-301424","1":"product","2":"type-product","3":"status-publish","4":"has-post-thumbnail","6":"product_cat-imprimante-mugs","8":"first","9":"instock","10":"taxable","11":"shipping-taxable","12":"purchasable","13":"product-type-variable","14":"add-to-wishlist-after_add_to_cart"},"acf":[],"_links":{"self":[{"href":"https:\/\/amazonyguyane.fr\/wp-json\/wp\/v2\/product\/301424","targetHints":{"allow":["GET"]}}],"collection":[{"href":"https:\/\/amazonyguyane.fr\/wp-json\/wp\/v2\/product"}],"about":[{"href":"https:\/\/amazonyguyane.fr\/wp-json\/wp\/v2\/types\/product"}],"replies":[{"embeddable":true,"href":"https:\/\/amazonyguyane.fr\/wp-json\/wp\/v2\/comments?post=301424"}],"version-history":[{"count":0,"href":"https:\/\/amazonyguyane.fr\/wp-json\/wp\/v2\/product\/301424\/revisions"}],"wp:featuredmedia":[{"embeddable":true,"href":"https:\/\/amazonyguyane.fr\/wp-json\/wp\/v2\/media\/301425"}],"wp:attachment":[{"href":"https:\/\/amazonyguyane.fr\/wp-json\/wp\/v2\/media?parent=301424"}],"wp:term":[{"taxonomy":"product_brand","embeddable":true,"href":"https:\/\/amazonyguyane.fr\/wp-json\/wp\/v2\/product_brand?post=301424"},{"taxonomy":"product_cat","embeddable":true,"href":"https:\/\/amazonyguyane.fr\/wp-json\/wp\/v2\/product_cat?post=301424"},{"taxonomy":"product_tag","embeddable":true,"href":"https:\/\/amazonyguyane.fr\/wp-json\/wp\/v2\/product_tag?post=301424"}],"curies":[{"name":"wp","href":"https:\/\/api.w.org\/{rel}","templated":true}]}}