{"id":301432,"date":"2023-10-07T14:43:24","date_gmt":"2023-10-07T13:43:24","guid":{"rendered":"https:\/\/amazonyguyane.fr\/?product=yuchengtech-presse-a-chaud-pour-tasses-10-15-oz-presse-a-chaud-portable-mini-presse-a-tasses-machine-pour-gobelets-avec-ruban-adhesif-et-20-papiers-de-sublimation"},"modified":"2023-10-07T14:43:24","modified_gmt":"2023-10-07T13:43:24","slug":"yuchengtech-presse-a-chaud-pour-tasses-10-15-oz-presse-a-chaud-portable-mini-presse-a-tasses-machine-pour-gobelets-avec-ruban-adhesif-et-20-papiers-de-sublimation","status":"publish","type":"product","link":"https:\/\/amazonyguyane.fr\/produit\/yuchengtech-presse-a-chaud-pour-tasses-10-15-oz-presse-a-chaud-portable-mini-presse-a-tasses-machine-pour-gobelets-avec-ruban-adhesif-et-20-papiers-de-sublimation\/","title":{"rendered":"YUCHENGTECH Presse \u00e0 Chaud pour Tasses 10-15 oz Presse \u00e0 Chaud Portable Mini presse \u00e0 tasses Machine pour Gobelets avec Ruban Adh\u00e9sif et 20 Papiers de Sublimation"},"content":{"rendered":"<li class=\"a-spacing-mini\"><span class=\"a-list-item\"> <b>\u3010Remarque\u3011<\/b>: Veuillez lire attentivement les instructions avant utilisation. Ne chauffez pas sans tasse dans le chauffe-tasse!! Veuillez utiliser de l\u2019encre de transfert de chaleur pour les mod\u00e8les d\u2019impression, sinon cela pourrait entra\u00eener un \u00e9chec d\u2019impression. La vapeur d\u2019eau et l\u2019odeur qui peuvent se produire pendant le chauffage sont normales et n\u2019affecteront pas le fonctionnement, et cela ne se produira pas apr\u00e8s plusieurs utilisations.  <\/span><\/li>\n<li class=\"a-spacing-mini\"><span class=\"a-list-item\"> <b>\u3010Que peut-il faire?\u3011<\/b>: Cette machine de presse thermique de tasse YUCHENGTECH convient \u00e0 l\u2019impression compl\u00e8te et partielle de tasses \u00e0 caf\u00e9 (taille 11-15 oz) et de tasses en c\u00e9ramique. Cette presse \u00e0 sublimation vous permet de cr\u00e9er facilement votre propre tasse \u00e0 caf\u00e9, et le transfert de chaleur de l\u2019image est uniforme et lumineux, avec des fonctions puissantes.  <\/span><\/li>\n<li class=\"a-spacing-mini\"><span class=\"a-list-item\"> <b>\u3010Pourquoi nous choisir?\u3011<\/b>: Notre presse \u00e0 chaud \u00e0 gobelet a une belle apparence, un poids l\u00e9ger, une petite taille, 60% plus petite que la presse \u00e0 chaleur \u00e0 gobelet traditionnelle, ne prend pas de place et est facile \u00e0 transporter. Le corps est en m\u00e9tal pour assurer la durabilit\u00e9 de la machine. Avec des alertes intelligentes pour une utilisation plus s\u00fbre.  <\/span><\/li>\n<li class=\"a-spacing-mini\"><span class=\"a-list-item\"> <b>\u3010Facile \u00e0 utiliser &#8211; Convivial pour les d\u00e9butants\u3011<\/b>: Comment \u00e7a marche? (1) Faites un ruban adh\u00e9sif pour attacher le motif \u00e0 la tasse vierge. (2) Placez le gobelet vierge dans la machine. (3) R\u00e9glez l\u2019heure et la temp\u00e9rature. (4) Apr\u00e8s avoir entendu la sonnerie, sortez le gobelet en papier et d\u00e9chirez le papier. Vous deviendrez un incroyable magicien de la tasse.  <\/span><\/li>\n<li class=\"a-spacing-mini\"><span class=\"a-list-item\"> <b>\u3010Conception am\u00e9lior\u00e9e\u3011<\/b>: La version am\u00e9lior\u00e9e de la plaque chauffante est utilis\u00e9e, qui est chauff\u00e9e uniform\u00e9ment et a un bon effet de transfert. Avec le bouton de r\u00e9glage de pression ergonomique, il est possible de mieux contr\u00f4ler la tasse. Alarme sonore intelligente, facile \u00e0 utiliser. Poign\u00e9e anti-br\u00fblure et verrouillage robuste pour vous offrir une meilleure exp\u00e9rience de pressage \u00e0 chaud.  <\/span><\/li>\n<li class=\"a-spacing-mini\"><span class=\"a-list-item\"> <b>\u3010Contr\u00f4le du temps et de la temp\u00e9rature\u3011<\/b>: La mini presse thermique \u00e0 tambour dispose de 3 options de temp\u00e9rature: 160\/180\/200 \u00b0C (320\/356\/392 \u00b0F) et 2 r\u00e9glages de contr\u00f4le de l\u2019heure: 200S et 300S. Facile et s\u00fbr \u00e0 utiliser. Le temps de chauffage et la temp\u00e9rature peuvent \u00eatre contr\u00f4l\u00e9s pour r\u00e9pondre \u00e0 diff\u00e9rents besoins et une fois la temp\u00e9rature et le temps atteints, la machine sonnera pour vous rappeler que le travail est termin\u00e9.  <\/span><\/li>\n<li class=\"a-spacing-mini\"><span class=\"a-list-item\"> <b>\u3010Cadeau sp\u00e9cial\u3011<\/b>: Il est parfait pour faire des cadeaux personnalis\u00e9s pour la famille, les amis, les enseignants, les voisins et les coll\u00e8gues lors des anniversaires, No\u00ebl, anniversaires, Thanksgiving, Nouvel An et autres occasions. C\u2019est un excellent choix pour les d\u00e9butants, les concepteurs de tasses, les amateurs de bricolage et les propri\u00e9taires d\u2019entreprise.  <\/span><\/li>\n<li class=\"a-spacing-mini\"><span class=\"a-list-item\"> <b>\u3010Qu\u2019obtenez-vous? \u3011<\/b>: La bo\u00eete comprend tout ce dont vous avez besoin &#8211; une machine de presse \u00e0 chaleur de tasse, 20 feuilles de papier transfert, un rouleau de ruban adh\u00e9sif et une paire de gants r\u00e9sistants \u00e0 la chaleur. La presse \u00e0 tasse professionnelle et le kit de sublimation \u00e9conomique vous permettent de profiter facilement du plaisir de fabriquer des gobelets uniques.  <\/span><\/li>\n<p><\/p>\n","protected":false},"excerpt":{"rendered":"<p>\u3010Remarque\u3011: Veuillez lire attentivement les instructions avant utilisation. Ne chauffez pas sans tasse dans le chauffe-tasse!! Veuillez utiliser de l\u2019encre de transfert de chaleur pour les mod\u00e8les d\u2019impression, sinon cela<\/p>\n","protected":false},"featured_media":301433,"comment_status":"","ping_status":"closed","template":"","meta":{"_acf_changed":false},"product_brand":[],"product_cat":[79565],"product_tag":[],"class_list":{"0":"post-301432","1":"product","2":"type-product","3":"status-publish","4":"has-post-thumbnail","6":"product_cat-imprimante-mugs","8":"first","9":"instock","10":"taxable","11":"shipping-taxable","12":"purchasable","13":"product-type-simple","14":"add-to-wishlist-after_add_to_cart"},"acf":[],"_links":{"self":[{"href":"https:\/\/amazonyguyane.fr\/wp-json\/wp\/v2\/product\/301432","targetHints":{"allow":["GET"]}}],"collection":[{"href":"https:\/\/amazonyguyane.fr\/wp-json\/wp\/v2\/product"}],"about":[{"href":"https:\/\/amazonyguyane.fr\/wp-json\/wp\/v2\/types\/product"}],"replies":[{"embeddable":true,"href":"https:\/\/amazonyguyane.fr\/wp-json\/wp\/v2\/comments?post=301432"}],"version-history":[{"count":0,"href":"https:\/\/amazonyguyane.fr\/wp-json\/wp\/v2\/product\/301432\/revisions"}],"wp:featuredmedia":[{"embeddable":true,"href":"https:\/\/amazonyguyane.fr\/wp-json\/wp\/v2\/media\/301433"}],"wp:attachment":[{"href":"https:\/\/amazonyguyane.fr\/wp-json\/wp\/v2\/media?parent=301432"}],"wp:term":[{"taxonomy":"product_brand","embeddable":true,"href":"https:\/\/amazonyguyane.fr\/wp-json\/wp\/v2\/product_brand?post=301432"},{"taxonomy":"product_cat","embeddable":true,"href":"https:\/\/amazonyguyane.fr\/wp-json\/wp\/v2\/product_cat?post=301432"},{"taxonomy":"product_tag","embeddable":true,"href":"https:\/\/amazonyguyane.fr\/wp-json\/wp\/v2\/product_tag?post=301432"}],"curies":[{"name":"wp","href":"https:\/\/api.w.org\/{rel}","templated":true}]}}