{"id":301448,"date":"2023-10-07T14:43:42","date_gmt":"2023-10-07T13:43:42","guid":{"rendered":"https:\/\/amazonyguyane.fr\/?product=mug-personnalise-avec-photo-et-texte-les-2-cotes-tasse-personnalisee-cadeau-personnalise-pour-professeur-papa-maman-meilleur-ami-anniversaire-plusieurs-polices-et-couleurs-11oz"},"modified":"2023-10-07T14:43:42","modified_gmt":"2023-10-07T13:43:42","slug":"mug-personnalise-avec-photo-et-texte-les-2-cotes-tasse-personnalisee-cadeau-personnalise-pour-professeur-papa-maman-meilleur-ami-anniversaire-plusieurs-polices-et-couleurs-11oz","status":"publish","type":"product","link":"https:\/\/amazonyguyane.fr\/produit\/mug-personnalise-avec-photo-et-texte-les-2-cotes-tasse-personnalisee-cadeau-personnalise-pour-professeur-papa-maman-meilleur-ami-anniversaire-plusieurs-polices-et-couleurs-11oz\/","title":{"rendered":"Mug Personnalis\u00e9 Avec Photo et Texte Les 2 C\u00f4t\u00e9s Tasse Personnalis\u00e9e-Cadeau personnalis\u00e9 pour Professeur Papa Maman Meilleur Ami Anniversaire-Plusieurs Polices et Couleurs-11Oz"},"content":{"rendered":"<p><!-- show up to 2 reviews by default -->                        <\/p>\n<p> <span>Tasse personnalis\u00e9e pour vous-m\u00eame et comme cadeau. Cr\u00e9ez votre propre style de vie unique. Une belle tasse aide \u00e0 cr\u00e9er une bonne habitude de boisson, pourquoi ne pas personnaliser votre propre tasse avec votre propre design ? La personnalisation des tasses vous-m\u00eame est un style de vie cool, et une tasse mignonne, personnalis\u00e9e et unique vous fera vivre dans une meilleure humeur. Cadeau pour comm\u00e9morer vous et votre bien-aim\u00e9e. La tasse personnalis\u00e9e est un cadeau adapt\u00e9 pour toutes les relations, telles que Parents, s\u0153urs, amis, camarades de classe. Les images et les mots que vous choisissez couvrent vos propres souvenirs avec votre bien-aim\u00e9. Lorsque votre bien-aim\u00e9 re\u00e7oit la tasse, ils seront touch\u00e9s par ce cadeau unique. Comment personnaliser 1 &#8211; Cliquez sur ( Personnaliser maintenant ) pour commencer \u00e0 concevoir votre grande tasse unique. 2 &#8211; Vous pouvez choisir de personnaliser les deux c\u00f4t\u00e9s de la tasse avec diff\u00e9rentes images ou texte. 3 &#8211; Vous pouvez personnaliser la police et la couleur du texte. 4 &#8211; Vous pouvez facilement ajuster la position du texte et des photos, faire glisser le bord. et placez-le sur Le mug.5 &#8211; Veuillez fournir des images de haute qualit\u00e9, afin que nous puissions concevoir de plus belles tasses pour vous. \u00b7 Disponibilit\u00e9 du produit : mat\u00e9riau de qualit\u00e9 alimentaire &#8211; Passe au lave-vaisselle &#8211; Passe au micro-ondes &#8211; Grande poign\u00e9e pour ne pas br\u00fbler les doigts<\/span>  <\/p>\n<p><\/p>\n","protected":false},"excerpt":{"rendered":"<p>Tasse personnalis\u00e9e pour vous-m\u00eame et comme cadeau. Cr\u00e9ez votre propre style de vie unique. Une belle tasse aide \u00e0 cr\u00e9er une bonne habitude de boisson, pourquoi ne pas personnaliser votre<\/p>\n","protected":false},"featured_media":301449,"comment_status":"","ping_status":"closed","template":"","meta":{"_acf_changed":false},"product_brand":[],"product_cat":[79565],"product_tag":[],"class_list":{"0":"post-301448","1":"product","2":"type-product","3":"status-publish","4":"has-post-thumbnail","6":"product_cat-imprimante-mugs","8":"first","9":"instock","10":"taxable","11":"shipping-taxable","12":"purchasable","13":"product-type-simple","14":"add-to-wishlist-after_add_to_cart"},"acf":[],"_links":{"self":[{"href":"https:\/\/amazonyguyane.fr\/wp-json\/wp\/v2\/product\/301448","targetHints":{"allow":["GET"]}}],"collection":[{"href":"https:\/\/amazonyguyane.fr\/wp-json\/wp\/v2\/product"}],"about":[{"href":"https:\/\/amazonyguyane.fr\/wp-json\/wp\/v2\/types\/product"}],"replies":[{"embeddable":true,"href":"https:\/\/amazonyguyane.fr\/wp-json\/wp\/v2\/comments?post=301448"}],"version-history":[{"count":0,"href":"https:\/\/amazonyguyane.fr\/wp-json\/wp\/v2\/product\/301448\/revisions"}],"wp:featuredmedia":[{"embeddable":true,"href":"https:\/\/amazonyguyane.fr\/wp-json\/wp\/v2\/media\/301449"}],"wp:attachment":[{"href":"https:\/\/amazonyguyane.fr\/wp-json\/wp\/v2\/media?parent=301448"}],"wp:term":[{"taxonomy":"product_brand","embeddable":true,"href":"https:\/\/amazonyguyane.fr\/wp-json\/wp\/v2\/product_brand?post=301448"},{"taxonomy":"product_cat","embeddable":true,"href":"https:\/\/amazonyguyane.fr\/wp-json\/wp\/v2\/product_cat?post=301448"},{"taxonomy":"product_tag","embeddable":true,"href":"https:\/\/amazonyguyane.fr\/wp-json\/wp\/v2\/product_tag?post=301448"}],"curies":[{"name":"wp","href":"https:\/\/api.w.org\/{rel}","templated":true}]}}