{"id":301536,"date":"2023-10-07T14:45:30","date_gmt":"2023-10-07T13:45:30","guid":{"rendered":"https:\/\/amazonyguyane.fr\/?product=manahia-mug-cadeau-maman-tasse-personnalisee-je-suis-une-mamounette-de-compet-avec-boite-kraft-330-ml-ceramique-imprime-en-france-future-maman-noel-anniversaire-fete-des-meres"},"modified":"2023-10-07T14:45:30","modified_gmt":"2023-10-07T13:45:30","slug":"manahia-mug-cadeau-maman-tasse-personnalisee-je-suis-une-mamounette-de-compet-avec-boite-kraft-330-ml-ceramique-imprime-en-france-future-maman-noel-anniversaire-fete-des-meres","status":"publish","type":"product","link":"https:\/\/amazonyguyane.fr\/produit\/manahia-mug-cadeau-maman-tasse-personnalisee-je-suis-une-mamounette-de-compet-avec-boite-kraft-330-ml-ceramique-imprime-en-france-future-maman-noel-anniversaire-fete-des-meres\/","title":{"rendered":"Manahia Mug Cadeau Maman Tasse Personnalis\u00e9e &#8211; Je suis une Mamounette de compet&#8217; &#8211; Avec Boite Kraft &#8211; 330 mL, C\u00e9ramique &#8211; Imprim\u00e9 en France &#8211; Future Maman &#8211; No\u00ebl, Anniversaire &#8211; F\u00eate Des M\u00e8res"},"content":{"rendered":"<li class=\"a-spacing-mini\"><span class=\"a-list-item\"> QUALITE DURABLE. Nos mugs Manahia ont \u00e9t\u00e9 s\u00e9lectionn\u00e9s pour leur c\u00e9ramique de haute qualit\u00e9 afin d&#8217;apporter la r\u00e9sistance n\u00e9cessaire dans le temps face aux \u00e9clats et aux rayures. Votre maman pourra l&#8217;utiliser tous les jours avec toujours la m\u00eame \u00e9motion et une petite pens\u00e9e pour vous.  <\/span><\/li>\n<li class=\"a-spacing-mini\"><span class=\"a-list-item\"> IMPRESSION EN FRANCE. La sublimation dans notre atelier nous permet de s\u00e9lectionner avec soin chaque mug pour une qualit\u00e9 constante tout en favorisant une \u00e9conomie locale. Votre maman sera fi\u00e8re de savoir que Manahia est une petite marque fran\u00e7aise qui con\u00e7oit de jolis articles dans le but de cr\u00e9er de belles \u00e9motions.  <\/span><\/li>\n<li class=\"a-spacing-mini\"><span class=\"a-list-item\"> COMPATIBLE. Nos mugs Manahia sont compatibles avec le micro-ondes et le lave-vaisselle, ce qui signifie que vous pouvez les utiliser facilement et en toute s\u00e9curit\u00e9, sans perdre de temps \u00e0 les laver \u00e0 la main. Un atout qui plaira \u00e0 coup s\u00fbr \u00e0 votre maman!  <\/span><\/li>\n<li class=\"a-spacing-mini\"><span class=\"a-list-item\"> JOLIE BOITE KRAFT. Livr\u00e9 dans une jolie boite en kraft chaque mug Manahia est joliment emball\u00e9, pr\u00eat \u00e0 faire son petit effet. Ce cadeau est parfait pour faire plaisir \u00e0 votre maman \u00e0 l&#8217;occasion de la f\u00eate des m\u00e8res ou pour toute autre occasion.  <\/span><\/li>\n<li class=\"a-spacing-mini\"><span class=\"a-list-item\"> COUP DE COEUR. Avec une taille de 8,00 cm de diam\u00e8tre, 9,50 cm de hauteur et une contenance de 33 cl (330 ml), ce mug est la taille id\u00e9ale pour une tasse de caf\u00e9 ou de th\u00e9 \u00e0 tout moment de la journ\u00e9e. Votre maman adorera savourer ses boissons chaudes ce qui en fera sa tasse pr\u00e9f\u00e9r\u00e9e.  <\/span><\/li>\n<p><\/p>\n","protected":false},"excerpt":{"rendered":"<p>QUALITE DURABLE. Nos mugs Manahia ont \u00e9t\u00e9 s\u00e9lectionn\u00e9s pour leur c\u00e9ramique de haute qualit\u00e9 afin d&#8217;apporter la r\u00e9sistance n\u00e9cessaire dans le temps face aux \u00e9clats et aux rayures. Votre maman<\/p>\n","protected":false},"featured_media":301537,"comment_status":"","ping_status":"closed","template":"","meta":{"_acf_changed":false},"product_brand":[],"product_cat":[79565],"product_tag":[],"class_list":{"0":"post-301536","1":"product","2":"type-product","3":"status-publish","4":"has-post-thumbnail","6":"product_cat-imprimante-mugs","8":"first","9":"instock","10":"taxable","11":"shipping-taxable","12":"purchasable","13":"product-type-simple","14":"add-to-wishlist-after_add_to_cart"},"acf":[],"_links":{"self":[{"href":"https:\/\/amazonyguyane.fr\/wp-json\/wp\/v2\/product\/301536","targetHints":{"allow":["GET"]}}],"collection":[{"href":"https:\/\/amazonyguyane.fr\/wp-json\/wp\/v2\/product"}],"about":[{"href":"https:\/\/amazonyguyane.fr\/wp-json\/wp\/v2\/types\/product"}],"replies":[{"embeddable":true,"href":"https:\/\/amazonyguyane.fr\/wp-json\/wp\/v2\/comments?post=301536"}],"version-history":[{"count":0,"href":"https:\/\/amazonyguyane.fr\/wp-json\/wp\/v2\/product\/301536\/revisions"}],"wp:featuredmedia":[{"embeddable":true,"href":"https:\/\/amazonyguyane.fr\/wp-json\/wp\/v2\/media\/301537"}],"wp:attachment":[{"href":"https:\/\/amazonyguyane.fr\/wp-json\/wp\/v2\/media?parent=301536"}],"wp:term":[{"taxonomy":"product_brand","embeddable":true,"href":"https:\/\/amazonyguyane.fr\/wp-json\/wp\/v2\/product_brand?post=301536"},{"taxonomy":"product_cat","embeddable":true,"href":"https:\/\/amazonyguyane.fr\/wp-json\/wp\/v2\/product_cat?post=301536"},{"taxonomy":"product_tag","embeddable":true,"href":"https:\/\/amazonyguyane.fr\/wp-json\/wp\/v2\/product_tag?post=301536"}],"curies":[{"name":"wp","href":"https:\/\/api.w.org\/{rel}","templated":true}]}}