{"id":301696,"date":"2023-10-07T14:49:01","date_gmt":"2023-10-07T13:49:01","guid":{"rendered":"https:\/\/amazonyguyane.fr\/?product=housse-de-protection-contre-la-poussiere-pour-presse-a-tasses-cricut-compatible-avec-cricut-mug-press-impermeable-resistant-a-la-poussiere-lavable-en-nylon-avec-poche-couleur-imprimee"},"modified":"2023-10-07T14:49:01","modified_gmt":"2023-10-07T13:49:01","slug":"housse-de-protection-contre-la-poussiere-pour-presse-a-tasses-cricut-compatible-avec-cricut-mug-press-impermeable-resistant-a-la-poussiere-lavable-en-nylon-avec-poche-couleur-imprimee","status":"publish","type":"product","link":"https:\/\/amazonyguyane.fr\/?product=housse-de-protection-contre-la-poussiere-pour-presse-a-tasses-cricut-compatible-avec-cricut-mug-press-impermeable-resistant-a-la-poussiere-lavable-en-nylon-avec-poche-couleur-imprimee","title":{"rendered":"Housse de protection contre la poussi\u00e8re pour presse \u00e0 tasses Cricut, compatible avec Cricut Mug Press imperm\u00e9able, r\u00e9sistant \u00e0 la poussi\u00e8re, lavable en nylon avec poche (couleur imprim\u00e9e)"},"content":{"rendered":"<p><!-- show up to 2 reviews by default -->                        <\/p>\n<p> <span>Description du produit : Housse anti-poussi\u00e8re pour Cricut Mug Press, Compatible avec Cricut Mug Press Imperm\u00e9able, antipoussi\u00e8re, lavable en nylon avec poche, convient pour Cricut Mug Press lavable anti-poussi\u00e8re C&#8217;est un cadeau id\u00e9al pour la f\u00eate des m\u00e8res, la f\u00eate des p\u00e8res, No\u00ebl, la Saint-Valentin et un anniversaire. Couleur du produit : gris, bleu, couleur imprim\u00e9e. Mat\u00e9riau du produit: Tissu Oxford Dimensions du produit : 28,4 x 17 x 17 cm. Mod\u00e8le applicable : Cricut Mug Press. Caract\u00e9ristiques : la housse anti-poussi\u00e8re pour machine \u00e0 repasser \u00e0 transfert de chaleur enveloppe compl\u00e8tement l&#8217;instrument, le tissu est r\u00e9sistant \u00e0 la poussi\u00e8re et hydrofuge, et la couche interm\u00e9diaire est fabriqu\u00e9e en mat\u00e9riau \u00e9lastique, qui est r\u00e9sistant aux rayures et anti-collision, et prot\u00e8ge l&#8217;instrument plus efficacement. Il y a des poches sur les deux c\u00f4t\u00e9s, qui peuvent contenir de petits outils et autres accessoires. La bague sup\u00e9rieure est soulev\u00e9e pour un acc\u00e8s plus facile. Le dessus tire l&#8217;os, l&#8217;apparence est exquise et \u00e9l\u00e9gante. L&#8217;emballage pliable rend le stockage plus peu encombrant. Contenu : 1 housse anti-poussi\u00e8re Cricut Mug Press (hors accessoires et outils).<\/span>  <\/p>\n<p>Code UNSPSC  :  44100000 (Machines de bureau, leurs fournitures et accessoires) Signaler un code incorrect              Dimensions du colis                                     \u200f                                          :                                     \u200e  29,3 x 18,7 x 7,1 cm; 140 grammes          Date de mise en ligne sur Amazon.fr                                     \u200f                                          :                                     \u200e  21 d\u00e9cembre 2021                                  Fabricant                                     \u200f                                          :                                     \u200e  YIPU          ASIN                                     \u200f                                          :                                     \u200e  B09MN3MR34          R\u00e9f\u00e9rence constructeur                                     \u200f                                          :                                     \u200e  YIPU-Mug-02          Pays d&#8217;origine                                     \u200f                                          :                                     \u200e  Chine          Disponibilit\u00e9 des pi\u00e8ces d\u00e9tach\u00e9es                                     \u200f                                          :                                     \u200e  Information indisponible sur les pi\u00e8ces d\u00e9tach\u00e9es<\/p>\n","protected":false},"excerpt":{"rendered":"<p>Description du produit : Housse anti-poussi\u00e8re pour Cricut Mug Press, Compatible avec Cricut Mug Press Imperm\u00e9able, antipoussi\u00e8re, lavable en nylon avec poche, convient pour Cricut Mug Press lavable anti-poussi\u00e8re C&#8217;est<\/p>\n","protected":false},"featured_media":301697,"comment_status":"","ping_status":"closed","template":"","meta":{"_acf_changed":false},"product_brand":[],"product_cat":[79565],"product_tag":[],"class_list":{"0":"post-301696","1":"product","2":"type-product","3":"status-publish","4":"has-post-thumbnail","6":"product_cat-imprimante-mugs","8":"first","9":"instock","10":"taxable","11":"shipping-taxable","12":"purchasable","13":"product-type-simple","14":"add-to-wishlist-after_add_to_cart"},"acf":[],"_links":{"self":[{"href":"https:\/\/amazonyguyane.fr\/index.php?rest_route=\/wp\/v2\/product\/301696","targetHints":{"allow":["GET"]}}],"collection":[{"href":"https:\/\/amazonyguyane.fr\/index.php?rest_route=\/wp\/v2\/product"}],"about":[{"href":"https:\/\/amazonyguyane.fr\/index.php?rest_route=\/wp\/v2\/types\/product"}],"replies":[{"embeddable":true,"href":"https:\/\/amazonyguyane.fr\/index.php?rest_route=%2Fwp%2Fv2%2Fcomments&post=301696"}],"version-history":[{"count":0,"href":"https:\/\/amazonyguyane.fr\/index.php?rest_route=\/wp\/v2\/product\/301696\/revisions"}],"wp:featuredmedia":[{"embeddable":true,"href":"https:\/\/amazonyguyane.fr\/index.php?rest_route=\/wp\/v2\/media\/301697"}],"wp:attachment":[{"href":"https:\/\/amazonyguyane.fr\/index.php?rest_route=%2Fwp%2Fv2%2Fmedia&parent=301696"}],"wp:term":[{"taxonomy":"product_brand","embeddable":true,"href":"https:\/\/amazonyguyane.fr\/index.php?rest_route=%2Fwp%2Fv2%2Fproduct_brand&post=301696"},{"taxonomy":"product_cat","embeddable":true,"href":"https:\/\/amazonyguyane.fr\/index.php?rest_route=%2Fwp%2Fv2%2Fproduct_cat&post=301696"},{"taxonomy":"product_tag","embeddable":true,"href":"https:\/\/amazonyguyane.fr\/index.php?rest_route=%2Fwp%2Fv2%2Fproduct_tag&post=301696"}],"curies":[{"name":"wp","href":"https:\/\/api.w.org\/{rel}","templated":true}]}}