{"id":303522,"date":"2023-10-07T16:07:44","date_gmt":"2023-10-07T15:07:44","guid":{"rendered":"https:\/\/amazonyguyane.fr\/?product=lishang-trousse-scolaire-grande-capacite-trousse-a-crayons-grande-trousse-aesthetic-sac-a-crayons-bureau-fourniture-scolaire-papeterie-organisateur-pour-etudiants-fille-garcon-adulte-ado"},"modified":"2023-10-07T16:08:05","modified_gmt":"2023-10-07T15:08:05","slug":"lishang-trousse-scolaire-grande-capacite-trousse-a-crayons-grande-trousse-aesthetic-sac-a-crayons-bureau-fourniture-scolaire-papeterie-organisateur-pour-etudiants-fille-garcon-adulte-ado","status":"publish","type":"product","link":"https:\/\/amazonyguyane.fr\/produit\/lishang-trousse-scolaire-grande-capacite-trousse-a-crayons-grande-trousse-aesthetic-sac-a-crayons-bureau-fourniture-scolaire-papeterie-organisateur-pour-etudiants-fille-garcon-adulte-ado\/","title":{"rendered":"Lishang Trousse Scolaire Grande Capacit\u00e9 Trousse \u00e0 Crayons Grande Trousse Aesthetic Sac \u00e0 Crayons Bureau Fourniture Scolaire Papeterie Organisateur pour \u00c9tudiants Fille Gar\u00e7on Adulte Ado"},"content":{"rendered":"<p><!-- show up to 2 reviews by default -->                        <\/p>\n<p> <span>La bo\u00eete \u00e0 crayons portable vous permet de ranger soigneusement votre papeterie dans: <br \/> &#8211; la bo\u00eete \u00e0 crayons est faite de polyester, durable, avec une surface lisse et facile \u00e0 nettoyer. La fermeture \u00e0 glissi\u00e8re lisse vous permet de l&#8217;ouvrir et de le fermer facilement. <br \/> &#8211; les bo\u00eetes \u00e0 crayons de grande capacit\u00e9 sont con\u00e7ues pour les \u00e9tudiants et les employ\u00e9s de bureau qui ont besoin de stocker des stylos, de la papeterie et des fournitures de bureau. Vous pouvez le plier au besoin pour le transporter et le ranger facilement. <br \/> &#8211; plusieurs compartiments peuvent vous aider \u00e0 mieux classer en fonction des diff\u00e9rentes utilisations de la papeterie et vous pouvez le trouver rapidement si n\u00e9cessaire. <br \/> &#8211; la bo\u00eete \u00e0 crayons convient \u00e0 tous et peut \u00eatre utilis\u00e9e non seulement comme papeterie pour les \u00e9tudiants et les enfants, comme fournitures de bureau pour les adultes, mais aussi comme fournitures de peinture pour les artistes et les artistes. Il peut \u00e9galement \u00eatre utilis\u00e9 comme sac d&#8217;usage quotidien, sac de maquillage, sac de toilette et sac de voyage. <br \/> &#8211; C&#8217;est le cadeau parfait pour vous &#8211; m\u00eame, vos enfants ou vos amis, votre famille, vos camarades de classe et vos coll\u00e8gues, et le cadeau d&#8217;entr\u00e9e id\u00e9al pour les \u00e9tudiants ou les adultes. <\/p>\n<p> Sp\u00e9cification: <br \/> Couleur: vert clair, bleu clair, Rose<br \/> Taille de la hauteur lorsqu&#8217;il est pli\u00e9: 3cm \/ 1.2 in<br \/> Taille de la hauteur quand d\u00e9pli\u00e9: 6.5 CM \/ 2.56 in<br \/> Le forfait comprend: 1 x \u00e9tui \u00e0 crayons <br \/> Convient pour: gar\u00e7ons, filles, enfants, adultes, \u00e9tudiants, artistes, etc. <br \/> Convient pour le sc\u00e9nario: \u00e9cole, bureau, voyage et autres bagages \u00e0 main <br \/><\/span>  <\/p>\n<p>Code UNSPSC  :  44111509 (Porte-crayon) Signaler un code incorrect              Dimensions du produit (L x l x h)                                     \u200f                                          :                                     \u200e  25 x 15 x 3 cm; 130 grammes          Date de mise en ligne sur Amazon.fr                                     \u200f                                          :                                     \u200e  20 avril 2023                                  Fabricant                                     \u200f                                          :                                     \u200e  Lishang          ASIN                                     \u200f                                          :                                     \u200e  B0C33JCX48          Num\u00e9ro du mod\u00e8le de l&#8217;article                                     \u200f                                          :                                     \u200e  LSK073          Service                                     \u200f                                          :                                     \u200e  Unisexe<\/p>\n","protected":false},"excerpt":{"rendered":"<p>La bo\u00eete \u00e0 crayons portable vous permet de ranger soigneusement votre papeterie dans: &#8211; la bo\u00eete \u00e0 crayons est faite de polyester, durable, avec une surface lisse et facile \u00e0<\/p>\n","protected":false},"featured_media":303523,"comment_status":"","ping_status":"closed","template":"","meta":{"_acf_changed":false},"product_brand":[],"product_cat":[3027],"product_tag":[],"class_list":{"0":"post-303522","1":"product","2":"type-product","3":"status-publish","4":"has-post-thumbnail","6":"product_cat-fournitures-scolaires-et-de-bureau","8":"first","9":"instock","10":"taxable","11":"shipping-taxable","12":"purchasable","13":"product-type-variable","14":"add-to-wishlist-after_add_to_cart"},"acf":[],"_links":{"self":[{"href":"https:\/\/amazonyguyane.fr\/wp-json\/wp\/v2\/product\/303522","targetHints":{"allow":["GET"]}}],"collection":[{"href":"https:\/\/amazonyguyane.fr\/wp-json\/wp\/v2\/product"}],"about":[{"href":"https:\/\/amazonyguyane.fr\/wp-json\/wp\/v2\/types\/product"}],"replies":[{"embeddable":true,"href":"https:\/\/amazonyguyane.fr\/wp-json\/wp\/v2\/comments?post=303522"}],"version-history":[{"count":0,"href":"https:\/\/amazonyguyane.fr\/wp-json\/wp\/v2\/product\/303522\/revisions"}],"wp:featuredmedia":[{"embeddable":true,"href":"https:\/\/amazonyguyane.fr\/wp-json\/wp\/v2\/media\/303523"}],"wp:attachment":[{"href":"https:\/\/amazonyguyane.fr\/wp-json\/wp\/v2\/media?parent=303522"}],"wp:term":[{"taxonomy":"product_brand","embeddable":true,"href":"https:\/\/amazonyguyane.fr\/wp-json\/wp\/v2\/product_brand?post=303522"},{"taxonomy":"product_cat","embeddable":true,"href":"https:\/\/amazonyguyane.fr\/wp-json\/wp\/v2\/product_cat?post=303522"},{"taxonomy":"product_tag","embeddable":true,"href":"https:\/\/amazonyguyane.fr\/wp-json\/wp\/v2\/product_tag?post=303522"}],"curies":[{"name":"wp","href":"https:\/\/api.w.org\/{rel}","templated":true}]}}