{"id":303902,"date":"2023-10-07T16:15:03","date_gmt":"2023-10-07T15:15:03","guid":{"rendered":"https:\/\/amazonyguyane.fr\/?product=degtnb-sac-a-crayons-en-toile-de-grande-capacite-avec-12-24-36-48-72-trous-trousse-a-crayons-enroulable-pour-rideaux-fournitures-scolaires-et-de-bureau-fleur-m-organisateur-de-sac"},"modified":"2023-10-07T16:15:03","modified_gmt":"2023-10-07T15:15:03","slug":"degtnb-sac-a-crayons-en-toile-de-grande-capacite-avec-12-24-36-48-72-trous-trousse-a-crayons-enroulable-pour-rideaux-fournitures-scolaires-et-de-bureau-fleur-m-organisateur-de-sac","status":"publish","type":"product","link":"https:\/\/amazonyguyane.fr\/?product=degtnb-sac-a-crayons-en-toile-de-grande-capacite-avec-12-24-36-48-72-trous-trousse-a-crayons-enroulable-pour-rideaux-fournitures-scolaires-et-de-bureau-fleur-m-organisateur-de-sac","title":{"rendered":"degtnb Sac \u00e0 crayons en toile de grande capacit\u00e9 avec 12\/24\/36\/48\/72 trous \u2013 Trousse \u00e0 crayons enroulable pour rideaux, fournitures scolaires et de bureau, fleur, M, Organisateur de sac"},"content":{"rendered":"<p><!-- show up to 2 reviews by default -->                        <\/p>\n<p> <span>Description : <br \/>Con\u00e7ue avec un imprim\u00e9 floral, cette trousse \u00e0 crayons roul\u00e9e est simple et belle, avec une grande capacit\u00e9 et un cordon de serrage qui la rend pratique et portable, ce qui en fait une trousse \u00e0 crayons belle et pratique. <br \/>Id\u00e9ale pour ranger des crayons de couleur, des crayons aquarelle, des stylos gel et d&#8217;autres types de papeterie, cette trousse \u00e0 crayons est adapt\u00e9e pour une utilisation \u00e0 l&#8217;\u00e9cole et pour les sorties. <br \/>Il est construit en toile. <br \/>Il y a 5 tailles au choix. <br \/>La trousse \u00e0 crayons roul\u00e9e est tr\u00e8s adapt\u00e9e pour l&#8217;\u00e9cole et la maison. <\/p>\n<p>Nom de l&#8217;article : trousse. <br \/>Mat\u00e9riau : toile. <br \/>Caract\u00e9ristiques : design enroul\u00e9, grande capacit\u00e9, motif fleuri. <br \/>Trous : <br \/>Taille S : 12 trous avec 2 grands trous. <br \/>Taille M : 24 trous avec 2 grands trous. <br \/>Taille L : 36 trous avec 2 grands trous <br \/>Taille XL : 48 trous avec 2 grands trous. <br \/>Taille 2XL : 72 trous avec 2 grands trous. <br \/>Informations sur les tailles <br \/>Taille S : environ 20 x 23 cm. <br \/>Taille M : environ 20 x 34 cm. <br \/>Taille L : environ 20 x 46 cm. <br \/>Taille XL : environ 20 x 58 cm. <br \/>Taille 2XL : 20 cm x 82 cm (environ). <\/p>\n<p>Remarques : <br \/>En raison des diff\u00e9rences dues \u00e0 l&#8217;\u00e9cran et \u00e0 l&#8217;\u00e9clairage, la couleur de l&#8217;article peut \u00eatre l\u00e9g\u00e8rement diff\u00e9rente de celle de la photo. <br \/>Les mesures \u00e9tant prises \u00e0 la main, les tailles indiqu\u00e9es peuvent varier l\u00e9g\u00e8rement. <\/p>\n<p>Contenu : <br \/>1 trousse \u00e0 crayons<\/span>  <\/p>\n<p>Code UNSPSC  :  44111509 (Porte-crayon) Signaler un code incorrect              Dimensions du colis                                     \u200f                                          :                                     \u200e  21 x 6 x 6 cm; 90 grammes          Date de mise en ligne sur Amazon.fr                                     \u200f                                          :                                     \u200e  3 juillet 2023                                  Fabricant                                     \u200f                                          :                                     \u200e  Celivde          ASIN                                     \u200f                                          :                                     \u200e  B0CB18NP1S          Num\u00e9ro du mod\u00e8le de l&#8217;article                                     \u200f                                          :                                     \u200e  21116415_Celivde-EU          Service                                     \u200f                                          :                                     \u200e  Mixte enfant<\/p>\n","protected":false},"excerpt":{"rendered":"<p>Description : Con\u00e7ue avec un imprim\u00e9 floral, cette trousse \u00e0 crayons roul\u00e9e est simple et belle, avec une grande capacit\u00e9 et un cordon de serrage qui la rend pratique et<\/p>\n","protected":false},"featured_media":303905,"comment_status":"","ping_status":"closed","template":"","meta":{"_acf_changed":false},"product_brand":[],"product_cat":[3027],"product_tag":[],"class_list":{"0":"post-303902","1":"product","2":"type-product","3":"status-publish","4":"has-post-thumbnail","6":"product_cat-fournitures-scolaires-et-de-bureau","8":"first","9":"instock","10":"taxable","11":"shipping-taxable","12":"purchasable","13":"product-type-simple","14":"add-to-wishlist-after_add_to_cart"},"acf":[],"_links":{"self":[{"href":"https:\/\/amazonyguyane.fr\/index.php?rest_route=\/wp\/v2\/product\/303902","targetHints":{"allow":["GET"]}}],"collection":[{"href":"https:\/\/amazonyguyane.fr\/index.php?rest_route=\/wp\/v2\/product"}],"about":[{"href":"https:\/\/amazonyguyane.fr\/index.php?rest_route=\/wp\/v2\/types\/product"}],"replies":[{"embeddable":true,"href":"https:\/\/amazonyguyane.fr\/index.php?rest_route=%2Fwp%2Fv2%2Fcomments&post=303902"}],"version-history":[{"count":0,"href":"https:\/\/amazonyguyane.fr\/index.php?rest_route=\/wp\/v2\/product\/303902\/revisions"}],"wp:featuredmedia":[{"embeddable":true,"href":"https:\/\/amazonyguyane.fr\/index.php?rest_route=\/wp\/v2\/media\/303905"}],"wp:attachment":[{"href":"https:\/\/amazonyguyane.fr\/index.php?rest_route=%2Fwp%2Fv2%2Fmedia&parent=303902"}],"wp:term":[{"taxonomy":"product_brand","embeddable":true,"href":"https:\/\/amazonyguyane.fr\/index.php?rest_route=%2Fwp%2Fv2%2Fproduct_brand&post=303902"},{"taxonomy":"product_cat","embeddable":true,"href":"https:\/\/amazonyguyane.fr\/index.php?rest_route=%2Fwp%2Fv2%2Fproduct_cat&post=303902"},{"taxonomy":"product_tag","embeddable":true,"href":"https:\/\/amazonyguyane.fr\/index.php?rest_route=%2Fwp%2Fv2%2Fproduct_tag&post=303902"}],"curies":[{"name":"wp","href":"https:\/\/api.w.org\/{rel}","templated":true}]}}