{"id":304482,"date":"2023-10-07T16:36:54","date_gmt":"2023-10-07T15:36:54","guid":{"rendered":"https:\/\/amazonyguyane.fr\/?product=hp-pavilion-all-in-one-pc-ecran-ips-qhd-27"},"modified":"2023-10-07T16:36:54","modified_gmt":"2023-10-07T15:36:54","slug":"hp-pavilion-all-in-one-pc-ecran-ips-qhd-27","status":"publish","type":"product","link":"https:\/\/amazonyguyane.fr\/produit\/hp-pavilion-all-in-one-pc-ecran-ips-qhd-27\/","title":{"rendered":"HP Pavilion All in One PC | \u00c9cran IPS QHD 27"},"content":{"rendered":"<p><!-- show up to 2 reviews by default -->                        <\/p>\n<p> <span>Travaillez et travaillez en un seul appareil Le HP Pavilion All-in-One vous offre tout ce dont vous avez besoin. Un ordinateur de bureau pour une productivit\u00e9 maximale en streaming et jeu, avec un \u00e9cran sans scintillement [1] et une exp\u00e9rience audio \u00e9poustouflante. Le filtre de lumi\u00e8re bleue prot\u00e8ge vos yeux lors d&#8217;une utilisation prolong\u00e9e et la cam\u00e9ra de confidentialit\u00e9 avec fonction pop-up est id\u00e9ale pour les appels vid\u00e9o. Prenez des d\u00e9cisions \u00e9cologiques gr\u00e2ce \u00e0 une conception durable [3] .<\/span>  <\/p>\n<p><\/p>\n","protected":false},"excerpt":{"rendered":"<p>Travaillez et travaillez en un seul appareil Le HP Pavilion All-in-One vous offre tout ce dont vous avez besoin. Un ordinateur de bureau pour une productivit\u00e9 maximale en streaming et<\/p>\n","protected":false},"featured_media":304485,"comment_status":"","ping_status":"closed","template":"","meta":{"_acf_changed":false},"product_brand":[],"product_cat":[3032],"product_tag":[],"class_list":{"0":"post-304482","1":"product","2":"type-product","3":"status-publish","4":"has-post-thumbnail","6":"product_cat-ordinateurs-de-bureau-ecrans","8":"first","9":"instock","10":"taxable","11":"shipping-taxable","12":"purchasable","13":"product-type-simple","14":"add-to-wishlist-after_add_to_cart"},"acf":[],"_links":{"self":[{"href":"https:\/\/amazonyguyane.fr\/wp-json\/wp\/v2\/product\/304482","targetHints":{"allow":["GET"]}}],"collection":[{"href":"https:\/\/amazonyguyane.fr\/wp-json\/wp\/v2\/product"}],"about":[{"href":"https:\/\/amazonyguyane.fr\/wp-json\/wp\/v2\/types\/product"}],"replies":[{"embeddable":true,"href":"https:\/\/amazonyguyane.fr\/wp-json\/wp\/v2\/comments?post=304482"}],"version-history":[{"count":0,"href":"https:\/\/amazonyguyane.fr\/wp-json\/wp\/v2\/product\/304482\/revisions"}],"wp:featuredmedia":[{"embeddable":true,"href":"https:\/\/amazonyguyane.fr\/wp-json\/wp\/v2\/media\/304485"}],"wp:attachment":[{"href":"https:\/\/amazonyguyane.fr\/wp-json\/wp\/v2\/media?parent=304482"}],"wp:term":[{"taxonomy":"product_brand","embeddable":true,"href":"https:\/\/amazonyguyane.fr\/wp-json\/wp\/v2\/product_brand?post=304482"},{"taxonomy":"product_cat","embeddable":true,"href":"https:\/\/amazonyguyane.fr\/wp-json\/wp\/v2\/product_cat?post=304482"},{"taxonomy":"product_tag","embeddable":true,"href":"https:\/\/amazonyguyane.fr\/wp-json\/wp\/v2\/product_tag?post=304482"}],"curies":[{"name":"wp","href":"https:\/\/api.w.org\/{rel}","templated":true}]}}