{"id":304714,"date":"2023-10-07T16:54:29","date_gmt":"2023-10-07T15:54:29","guid":{"rendered":"https:\/\/amazonyguyane.fr\/?product=acer-r240hybidx-ecran-pc-23-8"},"modified":"2023-10-07T16:55:03","modified_gmt":"2023-10-07T15:55:03","slug":"acer-r240hybidx-ecran-pc-23-8","status":"publish","type":"product","link":"https:\/\/amazonyguyane.fr\/?product=acer-r240hybidx-ecran-pc-23-8","title":{"rendered":"Acer R240HYbidx \u00c9cran PC 23.8"},"content":{"rendered":"<p><!-- show up to 2 reviews by default -->                        <\/p>\n<p> <span>D\u00e9couvrez la gamme de moniteurs EK0 d&#8217;Acer, des \u00e9crans confortables et ergonomiques qui s&#8217;adaptent \u00e0 l&#8217;utilisateur, affichant des couleurs vives et offrant une technologie sp\u00e9ciale qui r\u00e9duit les reflets et la lumi\u00e8re bleue nocive. Ces moniteurs sont dot\u00e9s d&#8217;un design ZeroFrame : fini le cadre \u00e9pais que l&#8217;on trouve sur les moniteurs conventionnels. Cette conception beaucoup plus \u00e9l\u00e9gante permet de gagner un pr\u00e9cieux espace pour l&#8217;\u00e9cran. Les images sont nettes gr\u00e2ce \u00e0 la r\u00e9solution Full HD. La technologie IPS vous permet en outre de tout voir clairement depuis pratiquement tous les angles de vue. Avec Acer eColor Management, vous pouvez facilement personnaliser votre exp\u00e9rience en ajustant diff\u00e9rents param\u00e8tres : contraste, nettet\u00e9, saturation, etc. Votre confort est renforc\u00e9 gr\u00e2ce \u00e0 la technologie antiscintillement d&#8217;Acer et au filtre de lumi\u00e8re bleue qui r\u00e9duit la lumi\u00e8re bleue fatigante pour vos yeux. Et avec la technologie Acer ComfyView, les reflets g\u00eanants en arri\u00e8re-plan sont r\u00e9duits au minimum. De plus, vous pouvez ajuster l&#8217;\u00e9cran en le pivotant de -5\u00b0 \u00e0 15\u00b0 et choisir l&#8217;angle de vue optimal. Nous avons con\u00e7u ces moniteurs dans le respect de l&#8217;environnement. Gr\u00e2ce \u00e0 la conception Acer EcoDisplay, le recyclage, la r\u00e9duction des d\u00e9chets, l&#8217;efficacit\u00e9 \u00e9nerg\u00e9tique et la s\u00e9curit\u00e9 deviennent des priorit\u00e9s. Ces moniteurs sont \u00e9galement certifi\u00e9s ENERGY STAR et sans mercure.<\/span>  <\/p>\n<p><\/p>\n","protected":false},"excerpt":{"rendered":"<p>D\u00e9couvrez la gamme de moniteurs EK0 d&#8217;Acer, des \u00e9crans confortables et ergonomiques qui s&#8217;adaptent \u00e0 l&#8217;utilisateur, affichant des couleurs vives et offrant une technologie sp\u00e9ciale qui r\u00e9duit les reflets et<\/p>\n","protected":false},"featured_media":304715,"comment_status":"","ping_status":"closed","template":"","meta":{"_acf_changed":false},"product_brand":[],"product_cat":[75494],"product_tag":[],"class_list":{"0":"post-304714","1":"product","2":"type-product","3":"status-publish","4":"has-post-thumbnail","6":"product_cat-acer","8":"first","9":"instock","10":"taxable","11":"shipping-taxable","12":"purchasable","13":"product-type-variable","14":"add-to-wishlist-after_add_to_cart"},"acf":[],"_links":{"self":[{"href":"https:\/\/amazonyguyane.fr\/index.php?rest_route=\/wp\/v2\/product\/304714","targetHints":{"allow":["GET"]}}],"collection":[{"href":"https:\/\/amazonyguyane.fr\/index.php?rest_route=\/wp\/v2\/product"}],"about":[{"href":"https:\/\/amazonyguyane.fr\/index.php?rest_route=\/wp\/v2\/types\/product"}],"replies":[{"embeddable":true,"href":"https:\/\/amazonyguyane.fr\/index.php?rest_route=%2Fwp%2Fv2%2Fcomments&post=304714"}],"version-history":[{"count":0,"href":"https:\/\/amazonyguyane.fr\/index.php?rest_route=\/wp\/v2\/product\/304714\/revisions"}],"wp:featuredmedia":[{"embeddable":true,"href":"https:\/\/amazonyguyane.fr\/index.php?rest_route=\/wp\/v2\/media\/304715"}],"wp:attachment":[{"href":"https:\/\/amazonyguyane.fr\/index.php?rest_route=%2Fwp%2Fv2%2Fmedia&parent=304714"}],"wp:term":[{"taxonomy":"product_brand","embeddable":true,"href":"https:\/\/amazonyguyane.fr\/index.php?rest_route=%2Fwp%2Fv2%2Fproduct_brand&post=304714"},{"taxonomy":"product_cat","embeddable":true,"href":"https:\/\/amazonyguyane.fr\/index.php?rest_route=%2Fwp%2Fv2%2Fproduct_cat&post=304714"},{"taxonomy":"product_tag","embeddable":true,"href":"https:\/\/amazonyguyane.fr\/index.php?rest_route=%2Fwp%2Fv2%2Fproduct_tag&post=304714"}],"curies":[{"name":"wp","href":"https:\/\/api.w.org\/{rel}","templated":true}]}}