{"id":304902,"date":"2023-10-07T16:59:33","date_gmt":"2023-10-07T15:59:33","guid":{"rendered":"https:\/\/amazonyguyane.fr\/?product=apple-macbook-air-13-3"},"modified":"2023-10-07T16:59:33","modified_gmt":"2023-10-07T15:59:33","slug":"apple-macbook-air-13-3","status":"publish","type":"product","link":"https:\/\/amazonyguyane.fr\/?product=apple-macbook-air-13-3","title":{"rendered":"Apple MacBook Air 13.3"},"content":{"rendered":"<p><!-- show up to 2 reviews by default -->                        <\/p>\n<p> <span>L&#8217;Apple MacBook Air &#8220;Core i5&#8221; 1.3 13 pouces (mi-2013 \/ Haswell) dispose d&#8217;un processeur Intel &#8220;Core i5&#8221; 1,3 GHz &#8220;Haswell&#8221; de 22 nm (4250U) avec deux &#8220;c\u0153urs&#8221; de processeur ind\u00e9pendants sur une seule puce, une m\u00e9moire cache de niveau 3 partag\u00e9e de 3 Mo, 4 Go de SDRAM LPDDR3 \u00e0 1600 MHz int\u00e9gr\u00e9e, 128 Go de stockage flash bas\u00e9 sur PCIe et un processeur graphique Intel HD Graphics 5000 \u00abint\u00e9gr\u00e9\u00bb qui partage la m\u00e9moire syst\u00e8me. Tout cela est emball\u00e9 dans un bo\u00eetier en aluminium fin (0,11-0,68 pouce), 2,96 livres, avec une webcam 720p &#8220;FaceTime HD&#8221; int\u00e9gr\u00e9e, un clavier pleine grandeur r\u00e9tro\u00e9clair\u00e9 et un \u00e9cran large TFT LED \u00e0 matrice active &#8220;brillant&#8221; de 13,3 &#8221; affichage (r\u00e9solution native de 1440&#215;900).<\/span>  <\/p>\n<p><\/p>\n","protected":false},"excerpt":{"rendered":"<p>L&#8217;Apple MacBook Air &#8220;Core i5&#8221; 1.3 13 pouces (mi-2013 \/ Haswell) dispose d&#8217;un processeur Intel &#8220;Core i5&#8221; 1,3 GHz &#8220;Haswell&#8221; de 22 nm (4250U) avec deux &#8220;c\u0153urs&#8221; de processeur ind\u00e9pendants<\/p>\n","protected":false},"featured_media":304903,"comment_status":"","ping_status":"closed","template":"","meta":{"_acf_changed":false},"product_brand":[],"product_cat":[75425],"product_tag":[],"class_list":{"0":"post-304902","1":"product","2":"type-product","3":"status-publish","4":"has-post-thumbnail","6":"product_cat-pc-apple","8":"first","9":"outofstock","10":"taxable","11":"shipping-taxable","12":"purchasable","13":"product-type-simple","14":"add-to-wishlist-after_add_to_cart"},"acf":[],"_links":{"self":[{"href":"https:\/\/amazonyguyane.fr\/index.php?rest_route=\/wp\/v2\/product\/304902","targetHints":{"allow":["GET"]}}],"collection":[{"href":"https:\/\/amazonyguyane.fr\/index.php?rest_route=\/wp\/v2\/product"}],"about":[{"href":"https:\/\/amazonyguyane.fr\/index.php?rest_route=\/wp\/v2\/types\/product"}],"replies":[{"embeddable":true,"href":"https:\/\/amazonyguyane.fr\/index.php?rest_route=%2Fwp%2Fv2%2Fcomments&post=304902"}],"version-history":[{"count":0,"href":"https:\/\/amazonyguyane.fr\/index.php?rest_route=\/wp\/v2\/product\/304902\/revisions"}],"wp:featuredmedia":[{"embeddable":true,"href":"https:\/\/amazonyguyane.fr\/index.php?rest_route=\/wp\/v2\/media\/304903"}],"wp:attachment":[{"href":"https:\/\/amazonyguyane.fr\/index.php?rest_route=%2Fwp%2Fv2%2Fmedia&parent=304902"}],"wp:term":[{"taxonomy":"product_brand","embeddable":true,"href":"https:\/\/amazonyguyane.fr\/index.php?rest_route=%2Fwp%2Fv2%2Fproduct_brand&post=304902"},{"taxonomy":"product_cat","embeddable":true,"href":"https:\/\/amazonyguyane.fr\/index.php?rest_route=%2Fwp%2Fv2%2Fproduct_cat&post=304902"},{"taxonomy":"product_tag","embeddable":true,"href":"https:\/\/amazonyguyane.fr\/index.php?rest_route=%2Fwp%2Fv2%2Fproduct_tag&post=304902"}],"curies":[{"name":"wp","href":"https:\/\/api.w.org\/{rel}","templated":true}]}}