{"id":305076,"date":"2023-10-07T17:03:01","date_gmt":"2023-10-07T16:03:01","guid":{"rendered":"https:\/\/amazonyguyane.fr\/?product=apple-2022-macbook-pro-avec-puce-m2-ecran-retina-de-13-pouces-8gb-de-ram-512-go-de-stockage"},"modified":"2023-10-07T19:08:05","modified_gmt":"2023-10-07T18:08:05","slug":"apple-2022-macbook-pro-avec-puce-m2-ecran-retina-de-13-pouces-8gb-de-ram-512-go-de-stockage","status":"publish","type":"product","link":"https:\/\/amazonyguyane.fr\/?product=apple-2022-macbook-pro-avec-puce-m2-ecran-retina-de-13-pouces-8gb-de-ram-512-go-de-stockage","title":{"rendered":"Apple 2022 MacBook Pro avec Puce M2 : \u00e9cran Retina de 13 Pouces, 8GB de RAM, 512 Go \u200b\u200b\u200b\u200b\u200b\u200b\u200bde Stockage \u200b\u200b\u200b\u200b\u200b\u200b\u200bSSD ; Gris sid\u00e9ral \u200b\u200b\u200b\u200b\u200b\u200b\u200b"},"content":{"rendered":"<li class=\"a-spacing-mini\"><span class=\"a-list-item\"> BOOST\u00c9 PAR LA PUCE M2 \u2013 Le MacBook Pro 13 pouces est super puissant et super portable.Vous allez pouvoir en faire plus gr\u00e2ce \u00e0 un CPU 8&nbsp;c\u0153urs nouvelle g\u00e9n\u00e9ration, un GPU 10&nbsp;c\u0153urs et jusqu\u2019\u00e0 24&nbsp;Go de m\u00e9moire unifi\u00e9e.  <\/span><\/li>\n<li class=\"a-spacing-mini\"><span class=\"a-list-item\"> JUSQU\u2019\u00c0 20 HEURES D\u2019AUTONOMIE \u2013 La batterie vous accompagne tout au long de la journ\u00e9e \u2013 et une partie de la nuit \u2013 gr\u00e2ce aux performances \u00e9nerg\u00e9tiques de la puce Apple M2.  <\/span><\/li>\n<li class=\"a-spacing-mini\"><span class=\"a-list-item\"> DES PERFORMANCES SUR LA DUR\u00c9E \u2013 Gr\u00e2ce \u00e0 son syst\u00e8me de refroidissement actif, le MacBook Pro 13 pouces est en mesure d\u2019assurer des niveaux de performances professionnels. Vous allez pouvoir solliciter le CPU et le GPU sans discontinuer.  <\/span><\/li>\n<li class=\"a-spacing-mini\"><span class=\"a-list-item\"> SUPERBE \u00c9CRAN \u2013 \u00c9cran Retina de 13,3 pouces avec 500 nits de luminosit\u00e9 et large gamme de couleurs P3 pour des images \u00e9clatantes et un niveau de d\u00e9tail impressionnant.  <\/span><\/li>\n<li class=\"a-spacing-mini\"><span class=\"a-list-item\"> CAM\u00c9RA HD ET MICROS DE QUALIT\u00c9 STUDIO \u2013 Cam\u00e9ra FaceTime HD et ensemble de trois micros pour que tout soit clair, net, pr\u00e9cis.  <\/span><\/li>\n<li class=\"a-spacing-mini\"><span class=\"a-list-item\"> CONNECTIVIT\u00c9 MULTIPLE \u2013 Deux ports Thunderbolt permettent de raccorder et d\u2019alimenter des accessoires haut d\u00e9bit.  <\/span><\/li>\n<li class=\"a-spacing-mini\"><span class=\"a-list-item\"> FACILIT\u00c9 D\u2019UTILISATION \u2013 Votre Mac vous semblera instantan\u00e9ment familier et fonctionnera sans probl\u00e8me avec tous vos appareils Apple.  <\/span><\/li>\n<p><\/p>\n","protected":false},"excerpt":{"rendered":"<p>BOOST\u00c9 PAR LA PUCE M2 \u2013 Le MacBook Pro 13 pouces est super puissant et super portable.Vous allez pouvoir en faire plus gr\u00e2ce \u00e0 un CPU 8&nbsp;c\u0153urs nouvelle g\u00e9n\u00e9ration, un<\/p>\n","protected":false},"featured_media":305077,"comment_status":"","ping_status":"closed","template":"","meta":{"_acf_changed":false},"product_brand":[],"product_cat":[75425],"product_tag":[],"class_list":{"0":"post-305076","1":"product","2":"type-product","3":"status-publish","4":"has-post-thumbnail","6":"product_cat-pc-apple","8":"first","9":"instock","10":"taxable","11":"shipping-taxable","12":"purchasable","13":"product-type-variable","14":"add-to-wishlist-after_add_to_cart"},"acf":[],"_links":{"self":[{"href":"https:\/\/amazonyguyane.fr\/index.php?rest_route=\/wp\/v2\/product\/305076","targetHints":{"allow":["GET"]}}],"collection":[{"href":"https:\/\/amazonyguyane.fr\/index.php?rest_route=\/wp\/v2\/product"}],"about":[{"href":"https:\/\/amazonyguyane.fr\/index.php?rest_route=\/wp\/v2\/types\/product"}],"replies":[{"embeddable":true,"href":"https:\/\/amazonyguyane.fr\/index.php?rest_route=%2Fwp%2Fv2%2Fcomments&post=305076"}],"version-history":[{"count":0,"href":"https:\/\/amazonyguyane.fr\/index.php?rest_route=\/wp\/v2\/product\/305076\/revisions"}],"wp:featuredmedia":[{"embeddable":true,"href":"https:\/\/amazonyguyane.fr\/index.php?rest_route=\/wp\/v2\/media\/305077"}],"wp:attachment":[{"href":"https:\/\/amazonyguyane.fr\/index.php?rest_route=%2Fwp%2Fv2%2Fmedia&parent=305076"}],"wp:term":[{"taxonomy":"product_brand","embeddable":true,"href":"https:\/\/amazonyguyane.fr\/index.php?rest_route=%2Fwp%2Fv2%2Fproduct_brand&post=305076"},{"taxonomy":"product_cat","embeddable":true,"href":"https:\/\/amazonyguyane.fr\/index.php?rest_route=%2Fwp%2Fv2%2Fproduct_cat&post=305076"},{"taxonomy":"product_tag","embeddable":true,"href":"https:\/\/amazonyguyane.fr\/index.php?rest_route=%2Fwp%2Fv2%2Fproduct_tag&post=305076"}],"curies":[{"name":"wp","href":"https:\/\/api.w.org\/{rel}","templated":true}]}}