{"id":305110,"date":"2023-10-07T17:03:37","date_gmt":"2023-10-07T16:03:37","guid":{"rendered":"https:\/\/amazonyguyane.fr\/?product=mid-2014-apple-macbook-pro-13"},"modified":"2023-10-07T17:03:37","modified_gmt":"2023-10-07T16:03:37","slug":"mid-2014-apple-macbook-pro-13","status":"publish","type":"product","link":"https:\/\/amazonyguyane.fr\/produit\/mid-2014-apple-macbook-pro-13\/","title":{"rendered":"Mid 2014 Apple MacBook Pro 13"},"content":{"rendered":"<p><!-- show up to 2 reviews by default -->                        <\/p>\n<p> <span>Ce produit pr\u00e9-apparu ou r\u00e9nov\u00e9 a \u00e9t\u00e9 professionnellement inspect\u00e9 et test\u00e9 pour fonctionner et para\u00eetre comme neuf. Comment un produit fait partie d&#8217;Amazon Renewed, votre destination pour les produits d\u00e9j\u00e0 entretenus et r\u00e9nov\u00e9s : Un client ach\u00e8te un nouveau produit et le renvoie ou le commercialise pour un mod\u00e8le plus r\u00e9cent ou diff\u00e9rent. Ce produit est inspect\u00e9 et test\u00e9 pour fonctionner et para\u00eetre comme neuf par des fournisseurs qualifi\u00e9s Amazon. Ensuite, le produit est vendu comme un produit renouvel\u00e9 d&#8217;Amazon sur Amazon. Si vous n&#8217;\u00eates pas satisfait de l&#8217;achat, les produits renouvel\u00e9s sont \u00e9ligibles au * ou au * sous la * de renouvellement d&#8217;Amazon.<\/span>  <\/p>\n<p><\/p>\n","protected":false},"excerpt":{"rendered":"<p>Ce produit pr\u00e9-apparu ou r\u00e9nov\u00e9 a \u00e9t\u00e9 professionnellement inspect\u00e9 et test\u00e9 pour fonctionner et para\u00eetre comme neuf. Comment un produit fait partie d&#8217;Amazon Renewed, votre destination pour les produits d\u00e9j\u00e0<\/p>\n","protected":false},"featured_media":305111,"comment_status":"","ping_status":"closed","template":"","meta":{"_acf_changed":false},"product_brand":[],"product_cat":[75425],"product_tag":[],"class_list":{"0":"post-305110","1":"product","2":"type-product","3":"status-publish","4":"has-post-thumbnail","6":"product_cat-pc-apple","8":"first","9":"outofstock","10":"taxable","11":"shipping-taxable","12":"purchasable","13":"product-type-simple","14":"add-to-wishlist-after_add_to_cart"},"acf":[],"_links":{"self":[{"href":"https:\/\/amazonyguyane.fr\/wp-json\/wp\/v2\/product\/305110","targetHints":{"allow":["GET"]}}],"collection":[{"href":"https:\/\/amazonyguyane.fr\/wp-json\/wp\/v2\/product"}],"about":[{"href":"https:\/\/amazonyguyane.fr\/wp-json\/wp\/v2\/types\/product"}],"replies":[{"embeddable":true,"href":"https:\/\/amazonyguyane.fr\/wp-json\/wp\/v2\/comments?post=305110"}],"version-history":[{"count":0,"href":"https:\/\/amazonyguyane.fr\/wp-json\/wp\/v2\/product\/305110\/revisions"}],"wp:featuredmedia":[{"embeddable":true,"href":"https:\/\/amazonyguyane.fr\/wp-json\/wp\/v2\/media\/305111"}],"wp:attachment":[{"href":"https:\/\/amazonyguyane.fr\/wp-json\/wp\/v2\/media?parent=305110"}],"wp:term":[{"taxonomy":"product_brand","embeddable":true,"href":"https:\/\/amazonyguyane.fr\/wp-json\/wp\/v2\/product_brand?post=305110"},{"taxonomy":"product_cat","embeddable":true,"href":"https:\/\/amazonyguyane.fr\/wp-json\/wp\/v2\/product_cat?post=305110"},{"taxonomy":"product_tag","embeddable":true,"href":"https:\/\/amazonyguyane.fr\/wp-json\/wp\/v2\/product_tag?post=305110"}],"curies":[{"name":"wp","href":"https:\/\/api.w.org\/{rel}","templated":true}]}}