{"id":305224,"date":"2023-10-07T17:06:11","date_gmt":"2023-10-07T16:06:11","guid":{"rendered":"https:\/\/amazonyguyane.fr\/?product=apple-macbook-air-13-6"},"modified":"2023-10-07T17:06:11","modified_gmt":"2023-10-07T16:06:11","slug":"apple-macbook-air-13-6","status":"publish","type":"product","link":"https:\/\/amazonyguyane.fr\/produit\/apple-macbook-air-13-6\/","title":{"rendered":"Apple MacBook Air 13"},"content":{"rendered":"<p><!-- show up to 2 reviews by default -->                        <\/p>\n<p> <span>&#8220;Fiche technique sur MacBook Air 13&#8243;&#8221; Core i5 1,6 GHz &#8211; SSD 512 Go RAM 8 Go AZERTY Date de sortie : Mars 2015 Langue clavier : Fran\u00e7ais Type de clavier : AZERTY Taille \u00e9cran (pouces) : 13,3 R\u00e9solution : 1440&#215;900 Capacit\u00e9 de stockage (Go) : 512 M\u00e9moire (Go) : 8 Type de stockage : SSD Touch Bar : Non Retina : Non Bluetooth : Oui Webcam : Oui Microphone : Oui Capacit\u00e9 de stockage SSD (Go) : 512 Mod\u00e8le : MacBook Air Vitesse du processeur (GHz) : 1,6 Marque du processeur : Intel Type du processeur : Core i5 Nom de la Carte Graphique : Intel HD Graphics 6000 Syst\u00e8me d&#8217;exploitation : macOS Clavier r\u00e9tro\u00e9clair\u00e9 : Oui Couleur : Argent : Mac OS Ann\u00e9e de Sortie : 2015 Compatible derni\u00e8re mise \u00e0 jour : Oui Usage : Usage basique Type et langue du clavier : AZERTY &#8211; Fran\u00e7ais Processeur : Core i5 Marque : Apple Poids (g) : 1350 &#8220;<\/span>  <\/p>\n<p><\/p>\n","protected":false},"excerpt":{"rendered":"<p>&#8220;Fiche technique sur MacBook Air 13&#8243;&#8221; Core i5 1,6 GHz &#8211; SSD 512 Go RAM 8 Go AZERTY Date de sortie : Mars 2015 Langue clavier : Fran\u00e7ais Type de<\/p>\n","protected":false},"featured_media":305225,"comment_status":"","ping_status":"closed","template":"","meta":{"_acf_changed":false},"product_brand":[],"product_cat":[75425],"product_tag":[],"class_list":{"0":"post-305224","1":"product","2":"type-product","3":"status-publish","4":"has-post-thumbnail","6":"product_cat-pc-apple","8":"first","9":"instock","10":"taxable","11":"shipping-taxable","12":"purchasable","13":"product-type-simple","14":"add-to-wishlist-after_add_to_cart"},"acf":[],"_links":{"self":[{"href":"https:\/\/amazonyguyane.fr\/wp-json\/wp\/v2\/product\/305224","targetHints":{"allow":["GET"]}}],"collection":[{"href":"https:\/\/amazonyguyane.fr\/wp-json\/wp\/v2\/product"}],"about":[{"href":"https:\/\/amazonyguyane.fr\/wp-json\/wp\/v2\/types\/product"}],"replies":[{"embeddable":true,"href":"https:\/\/amazonyguyane.fr\/wp-json\/wp\/v2\/comments?post=305224"}],"version-history":[{"count":0,"href":"https:\/\/amazonyguyane.fr\/wp-json\/wp\/v2\/product\/305224\/revisions"}],"wp:featuredmedia":[{"embeddable":true,"href":"https:\/\/amazonyguyane.fr\/wp-json\/wp\/v2\/media\/305225"}],"wp:attachment":[{"href":"https:\/\/amazonyguyane.fr\/wp-json\/wp\/v2\/media?parent=305224"}],"wp:term":[{"taxonomy":"product_brand","embeddable":true,"href":"https:\/\/amazonyguyane.fr\/wp-json\/wp\/v2\/product_brand?post=305224"},{"taxonomy":"product_cat","embeddable":true,"href":"https:\/\/amazonyguyane.fr\/wp-json\/wp\/v2\/product_cat?post=305224"},{"taxonomy":"product_tag","embeddable":true,"href":"https:\/\/amazonyguyane.fr\/wp-json\/wp\/v2\/product_tag?post=305224"}],"curies":[{"name":"wp","href":"https:\/\/api.w.org\/{rel}","templated":true}]}}