{"id":305650,"date":"2023-10-07T17:25:25","date_gmt":"2023-10-07T16:25:25","guid":{"rendered":"https:\/\/amazonyguyane.fr\/?product=dell-pc-portable-14"},"modified":"2023-10-07T17:25:25","modified_gmt":"2023-10-07T16:25:25","slug":"dell-pc-portable-14","status":"publish","type":"product","link":"https:\/\/amazonyguyane.fr\/?product=dell-pc-portable-14","title":{"rendered":"Dell PC Portable 14"},"content":{"rendered":"<p><!-- show up to 2 reviews by default -->                        <\/p>\n<p> <span>Plus compact et plus l\u00e9ger : nous avons r\u00e9duit les dimensions du Latitude s\u00e9rie 5000 sans sacrifier la puissance ni les performances. Affichage incroyable : l&#8217;\u00e9cran est dot\u00e9 de fonctionnalit\u00e9s con\u00e7ues pour que vous restiez concentr\u00e9 sur votre travail, avec des bordures fines sur les quatre c\u00f4t\u00e9s, un \u00e9cran antireflet et une webcam avec volet de confidentialit\u00e9. Vous b\u00e9n\u00e9ficiez aussi d&#8217;une luminosit\u00e9 allant jusqu&#8217;\u00e0 400 cd\/m\u00b2 et de ComfortView Plus, solution int\u00e9gr\u00e9e et toujours activ\u00e9e qui r\u00e9duit les \u00e9missions de lumi\u00e8re bleue nocive tout en offrant des couleurs exceptionnelles. Certifi\u00e9 T\u00dcV Rheinland. Notre Latitude le plus durable : les Latitude s\u00e9rie 5000 utilisent 21 % de mati\u00e8res bioplastiques issues des arbres \u00e0 l&#8217;int\u00e9rieur du capot, en ayant recours \u00e0 l&#8217;huile de tall du processus de fabrication du papier. Le processus de fabrication total entra\u00eene une r\u00e9duction de l&#8217;empreinte carbone et de la consommation d&#8217;eau et d&#8217;\u00e9nergie, ce qui r\u00e9duit les \u00e9missions de CO2 \u00e0 un \u00e9quivalent de 38,9 millions de kilom\u00e8tres parcourus, avec une \u00e9conomie d&#8217;\u00e9nergie \u00e9quivalente \u00e0 la consommation annuelle de 5 564 foyers et une \u00e9conomie d&#8217;eau \u00e9quivalente au volume de 226 piscines olympiques. Travaillez rapidement et sans surchauffe : les deux ventilateurs de sortie oppos\u00e9s Dell exclusifs permettent un refroidissement r\u00e9volutionnaire dans un format compact. La ventilation lat\u00e9rale augmente l&#8217;efficacit\u00e9 et optimise le flux d&#8217;air afin d&#8217;am\u00e9liorer le temps de r\u00e9ponse du syst\u00e8me, l&#8217;autonomie de la batterie et le silence. Les \u00e9quipes IT peuvent g\u00e9rer les donn\u00e9es thermiques dans le BIOS, ce qui leur permet d&#8217;\u00e9conomiser de l&#8217;espace de stockage et de se concentrer sur d&#8217;autres t\u00e2ches.<\/span>  <\/p>\n<p><\/p>\n","protected":false},"excerpt":{"rendered":"<p>Plus compact et plus l\u00e9ger : nous avons r\u00e9duit les dimensions du Latitude s\u00e9rie 5000 sans sacrifier la puissance ni les performances. Affichage incroyable : l&#8217;\u00e9cran est dot\u00e9 de fonctionnalit\u00e9s<\/p>\n","protected":false},"featured_media":305651,"comment_status":"","ping_status":"closed","template":"","meta":{"_acf_changed":false},"product_brand":[],"product_cat":[75470],"product_tag":[],"class_list":{"0":"post-305650","1":"product","2":"type-product","3":"status-publish","4":"has-post-thumbnail","6":"product_cat-dell","8":"first","9":"instock","10":"taxable","11":"shipping-taxable","12":"purchasable","13":"product-type-simple","14":"add-to-wishlist-after_add_to_cart"},"acf":[],"_links":{"self":[{"href":"https:\/\/amazonyguyane.fr\/index.php?rest_route=\/wp\/v2\/product\/305650","targetHints":{"allow":["GET"]}}],"collection":[{"href":"https:\/\/amazonyguyane.fr\/index.php?rest_route=\/wp\/v2\/product"}],"about":[{"href":"https:\/\/amazonyguyane.fr\/index.php?rest_route=\/wp\/v2\/types\/product"}],"replies":[{"embeddable":true,"href":"https:\/\/amazonyguyane.fr\/index.php?rest_route=%2Fwp%2Fv2%2Fcomments&post=305650"}],"version-history":[{"count":0,"href":"https:\/\/amazonyguyane.fr\/index.php?rest_route=\/wp\/v2\/product\/305650\/revisions"}],"wp:featuredmedia":[{"embeddable":true,"href":"https:\/\/amazonyguyane.fr\/index.php?rest_route=\/wp\/v2\/media\/305651"}],"wp:attachment":[{"href":"https:\/\/amazonyguyane.fr\/index.php?rest_route=%2Fwp%2Fv2%2Fmedia&parent=305650"}],"wp:term":[{"taxonomy":"product_brand","embeddable":true,"href":"https:\/\/amazonyguyane.fr\/index.php?rest_route=%2Fwp%2Fv2%2Fproduct_brand&post=305650"},{"taxonomy":"product_cat","embeddable":true,"href":"https:\/\/amazonyguyane.fr\/index.php?rest_route=%2Fwp%2Fv2%2Fproduct_cat&post=305650"},{"taxonomy":"product_tag","embeddable":true,"href":"https:\/\/amazonyguyane.fr\/index.php?rest_route=%2Fwp%2Fv2%2Fproduct_tag&post=305650"}],"curies":[{"name":"wp","href":"https:\/\/api.w.org\/{rel}","templated":true}]}}