{"id":305778,"date":"2023-10-07T17:28:11","date_gmt":"2023-10-07T16:28:11","guid":{"rendered":"https:\/\/amazonyguyane.fr\/?product=dell-latitude-e7470-ultrabook-laptop-14"},"modified":"2023-10-07T17:28:11","modified_gmt":"2023-10-07T16:28:11","slug":"dell-latitude-e7470-ultrabook-laptop-14","status":"publish","type":"product","link":"https:\/\/amazonyguyane.fr\/?product=dell-latitude-e7470-ultrabook-laptop-14","title":{"rendered":"Dell Latitude E7470 Ultrabook Laptop 14"},"content":{"rendered":"<p><!-- show up to 2 reviews by default -->                        <\/p>\n<p> <span>Ce produit d&#8217;occasion ou remis \u00e0 neuf a \u00e9t\u00e9 inspect\u00e9 et test\u00e9 professionnellement pour s&#8217;assurer qu&#8217;il fonctionne et a l&#8217;air neuf. C&#8217;est ainsi qu&#8217;un produit fait partie d&#8217;Amazon Renewed, votre point de contact pour les produits d&#8217;occasion remis \u00e0 neuf : Un client ach\u00e8te un produit neuf et le retourne ou l&#8217;\u00e9change contre un mod\u00e8le plus r\u00e9cent ou diff\u00e9rent. Ce produit est inspect\u00e9 et test\u00e9 par des fournisseurs qualifi\u00e9s par Amazon afin qu&#8217;il fonctionne et ait l&#8217;air neuf. Ensuite, le produit est vendu sur Amazon en tant que produit Amazon Renewed. Si vous n&#8217;\u00eates pas satisfait du produit, vous pouvez l&#8217;\u00e9changer ou vous le faire rembourser dans le cadre de la garantie Amazon Renewed.<\/span>  <\/p>\n<p><\/p>\n","protected":false},"excerpt":{"rendered":"<p>Ce produit d&#8217;occasion ou remis \u00e0 neuf a \u00e9t\u00e9 inspect\u00e9 et test\u00e9 professionnellement pour s&#8217;assurer qu&#8217;il fonctionne et a l&#8217;air neuf. C&#8217;est ainsi qu&#8217;un produit fait partie d&#8217;Amazon Renewed, votre<\/p>\n","protected":false},"featured_media":305779,"comment_status":"","ping_status":"closed","template":"","meta":{"_acf_changed":false},"product_brand":[],"product_cat":[75470],"product_tag":[],"class_list":{"0":"post-305778","1":"product","2":"type-product","3":"status-publish","4":"has-post-thumbnail","6":"product_cat-dell","8":"first","9":"outofstock","10":"taxable","11":"shipping-taxable","12":"purchasable","13":"product-type-simple","14":"add-to-wishlist-after_add_to_cart"},"acf":[],"_links":{"self":[{"href":"https:\/\/amazonyguyane.fr\/index.php?rest_route=\/wp\/v2\/product\/305778","targetHints":{"allow":["GET"]}}],"collection":[{"href":"https:\/\/amazonyguyane.fr\/index.php?rest_route=\/wp\/v2\/product"}],"about":[{"href":"https:\/\/amazonyguyane.fr\/index.php?rest_route=\/wp\/v2\/types\/product"}],"replies":[{"embeddable":true,"href":"https:\/\/amazonyguyane.fr\/index.php?rest_route=%2Fwp%2Fv2%2Fcomments&post=305778"}],"version-history":[{"count":0,"href":"https:\/\/amazonyguyane.fr\/index.php?rest_route=\/wp\/v2\/product\/305778\/revisions"}],"wp:featuredmedia":[{"embeddable":true,"href":"https:\/\/amazonyguyane.fr\/index.php?rest_route=\/wp\/v2\/media\/305779"}],"wp:attachment":[{"href":"https:\/\/amazonyguyane.fr\/index.php?rest_route=%2Fwp%2Fv2%2Fmedia&parent=305778"}],"wp:term":[{"taxonomy":"product_brand","embeddable":true,"href":"https:\/\/amazonyguyane.fr\/index.php?rest_route=%2Fwp%2Fv2%2Fproduct_brand&post=305778"},{"taxonomy":"product_cat","embeddable":true,"href":"https:\/\/amazonyguyane.fr\/index.php?rest_route=%2Fwp%2Fv2%2Fproduct_cat&post=305778"},{"taxonomy":"product_tag","embeddable":true,"href":"https:\/\/amazonyguyane.fr\/index.php?rest_route=%2Fwp%2Fv2%2Fproduct_tag&post=305778"}],"curies":[{"name":"wp","href":"https:\/\/api.w.org\/{rel}","templated":true}]}}