{"id":305790,"date":"2023-10-07T17:28:29","date_gmt":"2023-10-07T16:28:29","guid":{"rendered":"https:\/\/amazonyguyane.fr\/?product=dell-latitude-e6330-8go-hdd-320go-grade-b-reconditionne"},"modified":"2023-10-07T17:28:29","modified_gmt":"2023-10-07T16:28:29","slug":"dell-latitude-e6330-8go-hdd-320go-grade-b-reconditionne","status":"publish","type":"product","link":"https:\/\/amazonyguyane.fr\/produit\/dell-latitude-e6330-8go-hdd-320go-grade-b-reconditionne\/","title":{"rendered":"Dell Latitude E6330-8Go &#8211; HDD 320Go &#8211; Grade B &#8211; (reconditionn\u00e9)"},"content":{"rendered":"<p><!-- show up to 2 reviews by default -->                        <\/p>\n<p> <span>D\u00e9fauts esth\u00e9tiques &#8211; photos d&#8217;exemples disponibles :- rayures et griffures sur la carrosserie- taches blanches sur l&#8217;\u00e9cran Cet ordinateur reconditionn\u00e9 a \u00e9t\u00e9 test\u00e9 puis valid\u00e9 par notre \u00e9quipe technique, le produit est 100% fonctionnel et garanti 1 an par nos soins (extensible jusqu&#8217;\u00e0 3 ans au total). La batterie dispose d&#8217;une capacit\u00e9 minimale restante de 75% soit 25% d&#8217;usure maximum. | Syst\u00e8me d&#8217;exploitation: Windows 10 Famille 64bits<br \/>Marque du processeur: Intel<br \/>Gamme du processeur: Core i5<br \/>Mod\u00e8le du processeur: Core i5-3340M<br \/>Fr\u00e9quence de base du processeur: 2,70GHz<br \/>Fr\u00e9quence maximum du processeur: 3,40GHz<br \/>Nombre de c\u0153urs: 2<br \/>M\u00e9moire vive (RAM): 8Go<br \/>Type de m\u00e9moire: DDR3L<br \/>Fr\u00e9quence de la m\u00e9moire: 1600MHz (PC3-12800)<br \/>Nombre de barrette(s) m\u00e9moire(s) install\u00e9e(s): 2<br \/>Nombre de slot(s) m\u00e9moire: 2<br \/>M\u00e9moire vive maximum support\u00e9e: 16Go<br \/>Type de stockage: Disque dur<br \/>Capacit\u00e9 du disque dur: 320Go<br \/>Vitesse de rotation: 5400trs\/min<br \/>Format du disque dur: 2,5 pouces<br \/>Lecteur optique: Graveur CD\/DVD Double couche<br \/>Marque du chipset graphique: Intel<br \/>Mod\u00e8le du chipset graphique: HD Graphics 4000<br \/>Type de dalle: LED<br \/>Taille d&#8217;\u00e9cran: 13,3&#8243;<br \/>R\u00e9solution d&#8217;\u00e9cran: 1366 x 768 pixels (HD)<br \/>Rev\u00eatement de l&#8217;\u00e9cran: Mat \/ anti-reflets<br \/>Format de l&#8217;\u00e9cran: 16:9<br \/>Wi-Fi: Oui<br \/>Norme Wi-Fi: 802.11n (Wi-Fi 4)<br \/>Ethernet \/ RJ45: Oui, Gigabit Ethernet (1000 Mbit\/s)<br \/>Bluetooth: Oui<br \/>Norme Bluetooth: 4.0<br \/>Webcam: Oui, 720p<br \/>Hauts-parleurs: Oui, 2<br \/>Connectique audio: 1 x Combo Casque\/Micro<br \/>Disposition du clavier: AZERTY (Fran\u00e7ais)<br \/>Pav\u00e9 num\u00e9rique: Non<br \/>Clavier r\u00e9tro\u00e9clair\u00e9: Non<br \/>Trackpoint: Int\u00e9gr\u00e9<br \/>Port(s) USB 3.0: 2<br \/>Port(s) USB 2.0: 1<br \/>Port(s) RJ45: 1<br \/>Sortie VGA: 1<br \/>Sortie HDMI: 1 x mini-HDMI<br \/>Lecteur de carte: SD\/SDHC\/SDXC<br \/>Couleur: Noir<br \/>Poids (en kg): 1,6<br \/>Largeur (en mm): 225<br \/>Longueur (en mm): 335<br \/>\u00c9paisseur (en mm): 28<\/span>  <\/p>\n<p><\/p>\n","protected":false},"excerpt":{"rendered":"<p>D\u00e9fauts esth\u00e9tiques &#8211; photos d&#8217;exemples disponibles :- rayures et griffures sur la carrosserie- taches blanches sur l&#8217;\u00e9cran Cet ordinateur reconditionn\u00e9 a \u00e9t\u00e9 test\u00e9 puis valid\u00e9 par notre \u00e9quipe technique, le<\/p>\n","protected":false},"featured_media":305791,"comment_status":"","ping_status":"closed","template":"","meta":{"_acf_changed":false},"product_brand":[],"product_cat":[75470],"product_tag":[],"class_list":{"0":"post-305790","1":"product","2":"type-product","3":"status-publish","4":"has-post-thumbnail","6":"product_cat-dell","8":"first","9":"outofstock","10":"taxable","11":"shipping-taxable","12":"purchasable","13":"product-type-simple","14":"add-to-wishlist-after_add_to_cart"},"acf":[],"_links":{"self":[{"href":"https:\/\/amazonyguyane.fr\/wp-json\/wp\/v2\/product\/305790","targetHints":{"allow":["GET"]}}],"collection":[{"href":"https:\/\/amazonyguyane.fr\/wp-json\/wp\/v2\/product"}],"about":[{"href":"https:\/\/amazonyguyane.fr\/wp-json\/wp\/v2\/types\/product"}],"replies":[{"embeddable":true,"href":"https:\/\/amazonyguyane.fr\/wp-json\/wp\/v2\/comments?post=305790"}],"version-history":[{"count":0,"href":"https:\/\/amazonyguyane.fr\/wp-json\/wp\/v2\/product\/305790\/revisions"}],"wp:featuredmedia":[{"embeddable":true,"href":"https:\/\/amazonyguyane.fr\/wp-json\/wp\/v2\/media\/305791"}],"wp:attachment":[{"href":"https:\/\/amazonyguyane.fr\/wp-json\/wp\/v2\/media?parent=305790"}],"wp:term":[{"taxonomy":"product_brand","embeddable":true,"href":"https:\/\/amazonyguyane.fr\/wp-json\/wp\/v2\/product_brand?post=305790"},{"taxonomy":"product_cat","embeddable":true,"href":"https:\/\/amazonyguyane.fr\/wp-json\/wp\/v2\/product_cat?post=305790"},{"taxonomy":"product_tag","embeddable":true,"href":"https:\/\/amazonyguyane.fr\/wp-json\/wp\/v2\/product_tag?post=305790"}],"curies":[{"name":"wp","href":"https:\/\/api.w.org\/{rel}","templated":true}]}}