{"id":305830,"date":"2023-10-07T17:29:18","date_gmt":"2023-10-07T16:29:18","guid":{"rendered":"https:\/\/amazonyguyane.fr\/?product=dell-latitude-5480-14"},"modified":"2023-10-07T17:29:18","modified_gmt":"2023-10-07T16:29:18","slug":"dell-latitude-5480-14","status":"publish","type":"product","link":"https:\/\/amazonyguyane.fr\/produit\/dell-latitude-5480-14\/","title":{"rendered":"Dell Latitude 5480, 14"},"content":{"rendered":"<p><!-- show up to 2 reviews by default -->                        <\/p>\n<p> <span>Clavier r\u00e9tro\u00e9clair\u00e9 : non marque : Dell Couleur : noir. Connectivit\u00e9 : WiFi 802.11a\/b\/g\/n\/ac, Bluetooth 4.1. Connecteurs : 3 x USB-A 3.0, USB-C 3.0 (DisplayPort), LAN Gb, VGA, HDMI, Audio in\/out Dimensions: 33.4 x 22.5 x 228.9 mm. Affichage : TN, 60 Hz. Carte graphique : Intel HD Graphics 520 Clavier : d&#8217;accord avec indication de l&#8217;acheteur Type de m\u00e9moire : SSD Remarque : gr\u00e2ce au processus de renouvellement, la certification IPxx ne peut plus \u00eatre garantie et, par exemple, les dommages caus\u00e9s par l&#8217;eau sont exclus des conditions de garantie. Nombre de c\u0153urs : 2 clavier num\u00e9rique : non syst\u00e8me d&#8217;exploitation : Windows 10 Professional Lecteur optique : non processeur Clock Speed : 2,40 GHz Processeur : Intel Core i5-6300U Taille RAM : 8 Go RAM Type : DDR4 R\u00e9solution : 1366 x 768 (WXGA) Taille \u00e9cran : 14&#8243; Stockage : 256 Go \u00c9cran tactile : non Webcam : SIM Poids : SIM Poids : 16 0g<\/span>  <\/p>\n<p><\/p>\n","protected":false},"excerpt":{"rendered":"<p>Clavier r\u00e9tro\u00e9clair\u00e9 : non marque : Dell Couleur : noir. Connectivit\u00e9 : WiFi 802.11a\/b\/g\/n\/ac, Bluetooth 4.1. Connecteurs : 3 x USB-A 3.0, USB-C 3.0 (DisplayPort), LAN Gb, VGA, HDMI, Audio<\/p>\n","protected":false},"featured_media":305831,"comment_status":"","ping_status":"closed","template":"","meta":{"_acf_changed":false},"product_brand":[],"product_cat":[75470],"product_tag":[],"class_list":{"0":"post-305830","1":"product","2":"type-product","3":"status-publish","4":"has-post-thumbnail","6":"product_cat-dell","8":"first","9":"instock","10":"taxable","11":"shipping-taxable","12":"purchasable","13":"product-type-simple","14":"add-to-wishlist-after_add_to_cart"},"acf":[],"_links":{"self":[{"href":"https:\/\/amazonyguyane.fr\/wp-json\/wp\/v2\/product\/305830","targetHints":{"allow":["GET"]}}],"collection":[{"href":"https:\/\/amazonyguyane.fr\/wp-json\/wp\/v2\/product"}],"about":[{"href":"https:\/\/amazonyguyane.fr\/wp-json\/wp\/v2\/types\/product"}],"replies":[{"embeddable":true,"href":"https:\/\/amazonyguyane.fr\/wp-json\/wp\/v2\/comments?post=305830"}],"version-history":[{"count":0,"href":"https:\/\/amazonyguyane.fr\/wp-json\/wp\/v2\/product\/305830\/revisions"}],"wp:featuredmedia":[{"embeddable":true,"href":"https:\/\/amazonyguyane.fr\/wp-json\/wp\/v2\/media\/305831"}],"wp:attachment":[{"href":"https:\/\/amazonyguyane.fr\/wp-json\/wp\/v2\/media?parent=305830"}],"wp:term":[{"taxonomy":"product_brand","embeddable":true,"href":"https:\/\/amazonyguyane.fr\/wp-json\/wp\/v2\/product_brand?post=305830"},{"taxonomy":"product_cat","embeddable":true,"href":"https:\/\/amazonyguyane.fr\/wp-json\/wp\/v2\/product_cat?post=305830"},{"taxonomy":"product_tag","embeddable":true,"href":"https:\/\/amazonyguyane.fr\/wp-json\/wp\/v2\/product_tag?post=305830"}],"curies":[{"name":"wp","href":"https:\/\/api.w.org\/{rel}","templated":true}]}}