{"id":305836,"date":"2023-10-07T17:29:26","date_gmt":"2023-10-07T16:29:26","guid":{"rendered":"https:\/\/amazonyguyane.fr\/?product=dell-latitude-5590-15-2"},"modified":"2023-10-07T17:29:26","modified_gmt":"2023-10-07T16:29:26","slug":"dell-latitude-5590-15-2","status":"publish","type":"product","link":"https:\/\/amazonyguyane.fr\/produit\/dell-latitude-5590-15-2\/","title":{"rendered":"Dell Latitude 5590 15"},"content":{"rendered":"<p><!-- show up to 2 reviews by default -->                        <\/p>\n<p> <span>Dell Latitude 5590 15&#8243; Core i7 1,9 GHz &#8211; SSD 512 Go &#8211; 32 Go AZERTY &#8211; Fran\u00e7ais Couleur : Noir Taille \u00e9cran (pouces) : 15,6 Capacit\u00e9 de stockage : 512 Go M\u00e9moire : 32 Go Mod\u00e8le : Latitude 5590 Vitesse du processeur : 1,9 GHz Marque du processeur : Intel Nombre de coeurs : 4 Nom de la Carte Graphique : Intel UHD Graphics 620 Syst\u00e8me d&#8217;exploitation : Windows 10 R\u00e9solution : 1920 x 1080 Wi-Fi : Oui Ethernet : Oui Ann\u00e9e de sortie : 2017 Processeur : Core i7-8650U Type et langue du clavier : AZERTY &#8211; Fran\u00e7ais Capacit\u00e9 de stockage SSD (Go) : 512 Type de stockage : SSD Type m\u00e9moire : DDR4 \u00c9cran tactile : Non Bluetooth : Oui Webcam : Oui Microphone : Oui Port USB-A : Oui Port USB-C : Oui Port HDMI : Oui S\u00e9rie : Latitude Couleur principale : Noir Marque : Dell Poids : 1880 g<\/span>  <\/p>\n<p><\/p>\n","protected":false},"excerpt":{"rendered":"<p>Dell Latitude 5590 15&#8243; Core i7 1,9 GHz &#8211; SSD 512 Go &#8211; 32 Go AZERTY &#8211; Fran\u00e7ais Couleur : Noir Taille \u00e9cran (pouces) : 15,6 Capacit\u00e9 de stockage :<\/p>\n","protected":false},"featured_media":305837,"comment_status":"","ping_status":"closed","template":"","meta":{"_acf_changed":false},"product_brand":[],"product_cat":[75470],"product_tag":[],"class_list":{"0":"post-305836","1":"product","2":"type-product","3":"status-publish","4":"has-post-thumbnail","6":"product_cat-dell","8":"first","9":"instock","10":"taxable","11":"shipping-taxable","12":"purchasable","13":"product-type-simple","14":"add-to-wishlist-after_add_to_cart"},"acf":[],"_links":{"self":[{"href":"https:\/\/amazonyguyane.fr\/wp-json\/wp\/v2\/product\/305836","targetHints":{"allow":["GET"]}}],"collection":[{"href":"https:\/\/amazonyguyane.fr\/wp-json\/wp\/v2\/product"}],"about":[{"href":"https:\/\/amazonyguyane.fr\/wp-json\/wp\/v2\/types\/product"}],"replies":[{"embeddable":true,"href":"https:\/\/amazonyguyane.fr\/wp-json\/wp\/v2\/comments?post=305836"}],"version-history":[{"count":0,"href":"https:\/\/amazonyguyane.fr\/wp-json\/wp\/v2\/product\/305836\/revisions"}],"wp:featuredmedia":[{"embeddable":true,"href":"https:\/\/amazonyguyane.fr\/wp-json\/wp\/v2\/media\/305837"}],"wp:attachment":[{"href":"https:\/\/amazonyguyane.fr\/wp-json\/wp\/v2\/media?parent=305836"}],"wp:term":[{"taxonomy":"product_brand","embeddable":true,"href":"https:\/\/amazonyguyane.fr\/wp-json\/wp\/v2\/product_brand?post=305836"},{"taxonomy":"product_cat","embeddable":true,"href":"https:\/\/amazonyguyane.fr\/wp-json\/wp\/v2\/product_cat?post=305836"},{"taxonomy":"product_tag","embeddable":true,"href":"https:\/\/amazonyguyane.fr\/wp-json\/wp\/v2\/product_tag?post=305836"}],"curies":[{"name":"wp","href":"https:\/\/api.w.org\/{rel}","templated":true}]}}