{"id":306034,"date":"2023-10-07T17:40:02","date_gmt":"2023-10-07T16:40:02","guid":{"rendered":"https:\/\/amazonyguyane.fr\/?product=hp-elitebook-820-g3-12-5"},"modified":"2023-10-07T17:40:02","modified_gmt":"2023-10-07T16:40:02","slug":"hp-elitebook-820-g3-12-5","status":"publish","type":"product","link":"https:\/\/amazonyguyane.fr\/?product=hp-elitebook-820-g3-12-5","title":{"rendered":"HP Elitebook 820 G3 12.5"},"content":{"rendered":"<p><!-- show up to 2 reviews by default -->                        <\/p>\n<p> <span>HP Elitebook 820 G3 (reconditionn\u00e9) \u2013 Ordinateur portable performant. <\/p>\n<p>Vous avez besoin d&#8217;un nouveau ordinateur portable ou Ultrabook aujourd&#8217;hui ? Alors vous \u00eates au bon endroit : avec nos ordinateurs portables de qualit\u00e9 sup\u00e9rieure, vous \u00e9conomisez de l&#8217;argent et gagnez un processeur plus rapide, une plus grande capacit\u00e9 de stockage. <\/p>\n<p>Reconditionn\u00e9 pour ne pas faire renoncer \u00e0 la qualit\u00e9 &#8211; au contraire. Les appareils sont enti\u00e8rement nettoy\u00e9s et test\u00e9s jusqu&#8217;\u00e0 chaque pi\u00e8ce et sont r\u00e9nov\u00e9s de mani\u00e8re professionnelle. <\/p>\n<p>Il s&#8217;agit par exemple d&#8217;un mod\u00e8le de d\u00e9monstration ou de ramassage qui ne pr\u00e9sente aucune trace d&#8217;usure. Nos professionnels retrouvent les produits brillants et vous obtenez une qualit\u00e9 sup\u00e9rieure. <\/p>\n<p>Pourquoi Refurbished Notebook <\/p>\n<p>\u2714 Un ordinateur portable reconditionn\u00e9 comme neuf. <br \/>\u2714 Puissant <br \/>\u2714 Garantie 1 an. <br \/>\u2714 Pr\u00eat \u00e0 l&#8217;emploi gr\u00e2ce au syst\u00e8me d&#8217;exploitation pr\u00e9install\u00e9. <br \/>\u2714 Avec accessoires (bloc d&#8217;alimentation avec c\u00e2ble europ\u00e9en, batterie, cl\u00e9 de produit (le sticker se trouve sur le bo\u00eetier). <br \/>\u2714 Respectueux de l&#8217;environnement gr\u00e2ce \u00e0 une utilisation continue. <br \/>\u2714 L&#8217;ordinateur portable d&#8217;occasion reconditionn\u00e9 permet d&#8217;\u00e9conomiser de l&#8217;argent sans perte de qualit\u00e9. <\/p>\n<p>Dans notre boutique, nous proposons une grande vari\u00e9t\u00e9 de marques telles que Lenovo HP Dell Fujitsu et plus. Nos produits ont \u00e9t\u00e9 renouvel\u00e9s \u00e0 des conditions de qualit\u00e9 sup\u00e9rieure (fonctionne comme neuf, mais avec de l\u00e9g\u00e8res traces d&#8217;usure. <\/p>\n<p>Les appareils sont toujours parfaitement fonctionnels et prot\u00e9g\u00e9s par une garantie d&#8217;un an. L&#8217;emballage peut \u00eatre g\u00e9n\u00e9rique, les accessoires ne sont pas d&#8217;origine, mais toujours disponibles, compatibles et parfaitement fonctionnels. <\/p>\n<p>HP Elitebook 820 G3 Ordinateur portable Renewed en un clin d&#8217;\u0153il <br \/><\/span><\/p>\n<ul class=\"a-unordered-list a-vertical\">\n<li><span class=\"a-list-item\"><span>Ordinateur portable professionnel avec Intel Core i5-6.Gen. <\/span><\/span><\/li>\n<li><span class=\"a-list-item\"><span>Windows 10 Home. <\/span><\/span><\/li>\n<li><span class=\"a-list-item\"><span>Bonne qualit\u00e9 d&#8217;image avec \u00e9cran HD Ready 12,5&#8243;. <\/span><\/span><\/li>\n<li><span class=\"a-list-item\"><span>Carte graphique Intel HD int\u00e9gr\u00e9e. <\/span><\/span><\/li>\n<li><span class=\"a-list-item\"><span>Haute performance avec 8 Go de RAM et 256 Go SSD <\/span><\/span><\/li>\n<\/ul>\n<p><\/p>\n","protected":false},"excerpt":{"rendered":"<p>HP Elitebook 820 G3 (reconditionn\u00e9) \u2013 Ordinateur portable performant. Vous avez besoin d&#8217;un nouveau ordinateur portable ou Ultrabook aujourd&#8217;hui ? Alors vous \u00eates au bon endroit : avec nos ordinateurs<\/p>\n","protected":false},"featured_media":306035,"comment_status":"","ping_status":"closed","template":"","meta":{"_acf_changed":false},"product_brand":[],"product_cat":[75446],"product_tag":[],"class_list":{"0":"post-306034","1":"product","2":"type-product","3":"status-publish","4":"has-post-thumbnail","6":"product_cat-hp","8":"first","9":"instock","10":"taxable","11":"shipping-taxable","12":"purchasable","13":"product-type-simple","14":"add-to-wishlist-after_add_to_cart"},"acf":[],"_links":{"self":[{"href":"https:\/\/amazonyguyane.fr\/index.php?rest_route=\/wp\/v2\/product\/306034","targetHints":{"allow":["GET"]}}],"collection":[{"href":"https:\/\/amazonyguyane.fr\/index.php?rest_route=\/wp\/v2\/product"}],"about":[{"href":"https:\/\/amazonyguyane.fr\/index.php?rest_route=\/wp\/v2\/types\/product"}],"replies":[{"embeddable":true,"href":"https:\/\/amazonyguyane.fr\/index.php?rest_route=%2Fwp%2Fv2%2Fcomments&post=306034"}],"version-history":[{"count":0,"href":"https:\/\/amazonyguyane.fr\/index.php?rest_route=\/wp\/v2\/product\/306034\/revisions"}],"wp:featuredmedia":[{"embeddable":true,"href":"https:\/\/amazonyguyane.fr\/index.php?rest_route=\/wp\/v2\/media\/306035"}],"wp:attachment":[{"href":"https:\/\/amazonyguyane.fr\/index.php?rest_route=%2Fwp%2Fv2%2Fmedia&parent=306034"}],"wp:term":[{"taxonomy":"product_brand","embeddable":true,"href":"https:\/\/amazonyguyane.fr\/index.php?rest_route=%2Fwp%2Fv2%2Fproduct_brand&post=306034"},{"taxonomy":"product_cat","embeddable":true,"href":"https:\/\/amazonyguyane.fr\/index.php?rest_route=%2Fwp%2Fv2%2Fproduct_cat&post=306034"},{"taxonomy":"product_tag","embeddable":true,"href":"https:\/\/amazonyguyane.fr\/index.php?rest_route=%2Fwp%2Fv2%2Fproduct_tag&post=306034"}],"curies":[{"name":"wp","href":"https:\/\/api.w.org\/{rel}","templated":true}]}}