{"id":306084,"date":"2023-10-07T17:41:03","date_gmt":"2023-10-07T16:41:03","guid":{"rendered":"https:\/\/amazonyguyane.fr\/?product=hp-laptop-17-cn2000sf-pc-portable-17-3"},"modified":"2023-10-07T17:41:03","modified_gmt":"2023-10-07T16:41:03","slug":"hp-laptop-17-cn2000sf-pc-portable-17-3","status":"publish","type":"product","link":"https:\/\/amazonyguyane.fr\/?product=hp-laptop-17-cn2000sf-pc-portable-17-3","title":{"rendered":"HP Laptop 17-cn2000sf PC Portable 17.3"},"content":{"rendered":"<p><!-- show up to 2 reviews by default -->                        <\/p>\n<p> <span>Un PC avec un \u00e9cran plus grand et une empreinte carbone r\u00e9duite L\u2019ordinateur portable HP 17,3 pouces a \u00e9t\u00e9 soigneusement con\u00e7u. B\u00e9n\u00e9ficiez de performances fiables gr\u00e2ce \u00e0 un processeur Intel\u00ae[1], une connexion Wi-Fi rapide et une grande capacit\u00e9 de stockage. Profitez de plus de confort avec un \u00e9cran bord-\u00e0-bord de 17,3 pouces, un pav\u00e9 tactile plus grand et une conception \u00e0 charni\u00e8re. Cet ordinateur est \u00e9galement certifi\u00e9 EPEAT\u00ae Silver[2] et ENERGY STAR\u00ae et contient du plastique recycl\u00e9 post-consommation[3].<\/span>  <\/p>\n<p><\/p>\n","protected":false},"excerpt":{"rendered":"<p>Un PC avec un \u00e9cran plus grand et une empreinte carbone r\u00e9duite L\u2019ordinateur portable HP 17,3 pouces a \u00e9t\u00e9 soigneusement con\u00e7u. B\u00e9n\u00e9ficiez de performances fiables gr\u00e2ce \u00e0 un processeur Intel\u00ae[1],<\/p>\n","protected":false},"featured_media":306085,"comment_status":"","ping_status":"closed","template":"","meta":{"_acf_changed":false},"product_brand":[],"product_cat":[75446],"product_tag":[],"class_list":{"0":"post-306084","1":"product","2":"type-product","3":"status-publish","4":"has-post-thumbnail","6":"product_cat-hp","8":"first","9":"outofstock","10":"taxable","11":"shipping-taxable","12":"purchasable","13":"product-type-simple","14":"add-to-wishlist-after_add_to_cart"},"acf":[],"_links":{"self":[{"href":"https:\/\/amazonyguyane.fr\/index.php?rest_route=\/wp\/v2\/product\/306084","targetHints":{"allow":["GET"]}}],"collection":[{"href":"https:\/\/amazonyguyane.fr\/index.php?rest_route=\/wp\/v2\/product"}],"about":[{"href":"https:\/\/amazonyguyane.fr\/index.php?rest_route=\/wp\/v2\/types\/product"}],"replies":[{"embeddable":true,"href":"https:\/\/amazonyguyane.fr\/index.php?rest_route=%2Fwp%2Fv2%2Fcomments&post=306084"}],"version-history":[{"count":0,"href":"https:\/\/amazonyguyane.fr\/index.php?rest_route=\/wp\/v2\/product\/306084\/revisions"}],"wp:featuredmedia":[{"embeddable":true,"href":"https:\/\/amazonyguyane.fr\/index.php?rest_route=\/wp\/v2\/media\/306085"}],"wp:attachment":[{"href":"https:\/\/amazonyguyane.fr\/index.php?rest_route=%2Fwp%2Fv2%2Fmedia&parent=306084"}],"wp:term":[{"taxonomy":"product_brand","embeddable":true,"href":"https:\/\/amazonyguyane.fr\/index.php?rest_route=%2Fwp%2Fv2%2Fproduct_brand&post=306084"},{"taxonomy":"product_cat","embeddable":true,"href":"https:\/\/amazonyguyane.fr\/index.php?rest_route=%2Fwp%2Fv2%2Fproduct_cat&post=306084"},{"taxonomy":"product_tag","embeddable":true,"href":"https:\/\/amazonyguyane.fr\/index.php?rest_route=%2Fwp%2Fv2%2Fproduct_tag&post=306084"}],"curies":[{"name":"wp","href":"https:\/\/api.w.org\/{rel}","templated":true}]}}