{"id":306804,"date":"2023-10-07T18:30:42","date_gmt":"2023-10-07T17:30:42","guid":{"rendered":"https:\/\/amazonyguyane.fr\/?product=lenovo-thinkpad-x1-carbon-g6-14"},"modified":"2023-10-07T18:30:42","modified_gmt":"2023-10-07T17:30:42","slug":"lenovo-thinkpad-x1-carbon-g6-14","status":"publish","type":"product","link":"https:\/\/amazonyguyane.fr\/?product=lenovo-thinkpad-x1-carbon-g6-14","title":{"rendered":"Lenovo ThinkPad X1 Carbon G6, 14"},"content":{"rendered":"<p><!-- show up to 2 reviews by default -->                        <\/p>\n<p> <span>Clavier r\u00e9tro\u00e9clair\u00e9 : non marque : Lenovo Couleur : noir. Connectivit\u00e9 : WiFi 802.11a\/b\/g\/n\/ac, Bluetooth 4.1. Connecteurs : 2 x Thunderbolt 3, 2 x USB-A 3.0, HDMI, Ethernet Extension, Audio in\/out, Cardreader Dimensions : 323.5 x 16 x 217.1 mm Affichage : IPS, 60 Hz Carte graphique : Intel UHD Graphique. cs 620 Clavier : d&#8217;accord avec indication de l&#8217;acheteur Type de m\u00e9moire : SSD Plusieurs : non Remarque : gr\u00e2ce au processus de renouvellement, la certification IPxx ne peut plus \u00eatre garantie et, par exemple, les dommages caus\u00e9s par l&#8217;eau sont exclus des conditions de garantie. Nombre de c\u0153urs : 4 clavier num\u00e9rique : non syst\u00e8me d&#8217;exploitation : Windows 10 Professional Lecteur optique : non processeur Clock Speed : 1,70 GHz Processeur : Intel Core i5-8350U Taille RAM : 8 Go RAM Type : LPDDR3 R\u00e9solution : 1920 x 1080 (FullHD). Taille \u00e9cran : 14&#8243;. Stockage : 256 Go. \u00c9cran tactile : non Webcam. Poids : 130 g<\/span>  <\/p>\n<p><\/p>\n","protected":false},"excerpt":{"rendered":"<p>Clavier r\u00e9tro\u00e9clair\u00e9 : non marque : Lenovo Couleur : noir. Connectivit\u00e9 : WiFi 802.11a\/b\/g\/n\/ac, Bluetooth 4.1. Connecteurs : 2 x Thunderbolt 3, 2 x USB-A 3.0, HDMI, Ethernet Extension, Audio<\/p>\n","protected":false},"featured_media":306805,"comment_status":"","ping_status":"closed","template":"","meta":{"_acf_changed":false},"product_brand":[],"product_cat":[75435],"product_tag":[],"class_list":{"0":"post-306804","1":"product","2":"type-product","3":"status-publish","4":"has-post-thumbnail","6":"product_cat-lenovo","8":"first","9":"instock","10":"taxable","11":"shipping-taxable","12":"purchasable","13":"product-type-simple","14":"add-to-wishlist-after_add_to_cart"},"acf":[],"_links":{"self":[{"href":"https:\/\/amazonyguyane.fr\/index.php?rest_route=\/wp\/v2\/product\/306804","targetHints":{"allow":["GET"]}}],"collection":[{"href":"https:\/\/amazonyguyane.fr\/index.php?rest_route=\/wp\/v2\/product"}],"about":[{"href":"https:\/\/amazonyguyane.fr\/index.php?rest_route=\/wp\/v2\/types\/product"}],"replies":[{"embeddable":true,"href":"https:\/\/amazonyguyane.fr\/index.php?rest_route=%2Fwp%2Fv2%2Fcomments&post=306804"}],"version-history":[{"count":0,"href":"https:\/\/amazonyguyane.fr\/index.php?rest_route=\/wp\/v2\/product\/306804\/revisions"}],"wp:featuredmedia":[{"embeddable":true,"href":"https:\/\/amazonyguyane.fr\/index.php?rest_route=\/wp\/v2\/media\/306805"}],"wp:attachment":[{"href":"https:\/\/amazonyguyane.fr\/index.php?rest_route=%2Fwp%2Fv2%2Fmedia&parent=306804"}],"wp:term":[{"taxonomy":"product_brand","embeddable":true,"href":"https:\/\/amazonyguyane.fr\/index.php?rest_route=%2Fwp%2Fv2%2Fproduct_brand&post=306804"},{"taxonomy":"product_cat","embeddable":true,"href":"https:\/\/amazonyguyane.fr\/index.php?rest_route=%2Fwp%2Fv2%2Fproduct_cat&post=306804"},{"taxonomy":"product_tag","embeddable":true,"href":"https:\/\/amazonyguyane.fr\/index.php?rest_route=%2Fwp%2Fv2%2Fproduct_tag&post=306804"}],"curies":[{"name":"wp","href":"https:\/\/api.w.org\/{rel}","templated":true}]}}