{"id":306948,"date":"2023-10-07T18:37:55","date_gmt":"2023-10-07T17:37:55","guid":{"rendered":"https:\/\/amazonyguyane.fr\/?product=microsoft-surface-pro-7-ordinateur-portable-windows-11-ecran-tactile-12-3-8-go-ram-128-go-ssd-intel-core-i5-platine"},"modified":"2023-10-07T18:37:55","modified_gmt":"2023-10-07T17:37:55","slug":"microsoft-surface-pro-7-ordinateur-portable-windows-11-ecran-tactile-12-3-8-go-ram-128-go-ssd-intel-core-i5-platine","status":"publish","type":"product","link":"https:\/\/amazonyguyane.fr\/produit\/microsoft-surface-pro-7-ordinateur-portable-windows-11-ecran-tactile-12-3-8-go-ram-128-go-ssd-intel-core-i5-platine\/","title":{"rendered":"Microsoft Surface Pro 7+ Ordinateur Portable (Windows 11, \u00e9cran tactile 12.3\u2019\u2019, 8 Go RAM, 128 Go SSD, Intel Core i5, Platine)"},"content":{"rendered":"<p><!-- show up to 2 reviews by default -->                        <\/p>\n<p> <span>La Surface Pro 2-en-1 \u00e0 \u00e9cran tactile que vous connaissez, avec un processeur nouvelle g\u00e9n\u00e9ration pour des performances et une autonomie optimales.<\/span>  <\/p>\n<p><\/p>\n","protected":false},"excerpt":{"rendered":"<p>La Surface Pro 2-en-1 \u00e0 \u00e9cran tactile que vous connaissez, avec un processeur nouvelle g\u00e9n\u00e9ration pour des performances et une autonomie optimales.<\/p>\n","protected":false},"featured_media":306949,"comment_status":"","ping_status":"closed","template":"","meta":{"_acf_changed":false},"product_brand":[],"product_cat":[75495],"product_tag":[],"class_list":{"0":"post-306948","1":"product","2":"type-product","3":"status-publish","4":"has-post-thumbnail","6":"product_cat-microsoft","8":"first","9":"instock","10":"taxable","11":"shipping-taxable","12":"purchasable","13":"product-type-simple","14":"add-to-wishlist-after_add_to_cart"},"acf":[],"_links":{"self":[{"href":"https:\/\/amazonyguyane.fr\/wp-json\/wp\/v2\/product\/306948","targetHints":{"allow":["GET"]}}],"collection":[{"href":"https:\/\/amazonyguyane.fr\/wp-json\/wp\/v2\/product"}],"about":[{"href":"https:\/\/amazonyguyane.fr\/wp-json\/wp\/v2\/types\/product"}],"replies":[{"embeddable":true,"href":"https:\/\/amazonyguyane.fr\/wp-json\/wp\/v2\/comments?post=306948"}],"version-history":[{"count":0,"href":"https:\/\/amazonyguyane.fr\/wp-json\/wp\/v2\/product\/306948\/revisions"}],"wp:featuredmedia":[{"embeddable":true,"href":"https:\/\/amazonyguyane.fr\/wp-json\/wp\/v2\/media\/306949"}],"wp:attachment":[{"href":"https:\/\/amazonyguyane.fr\/wp-json\/wp\/v2\/media?parent=306948"}],"wp:term":[{"taxonomy":"product_brand","embeddable":true,"href":"https:\/\/amazonyguyane.fr\/wp-json\/wp\/v2\/product_brand?post=306948"},{"taxonomy":"product_cat","embeddable":true,"href":"https:\/\/amazonyguyane.fr\/wp-json\/wp\/v2\/product_cat?post=306948"},{"taxonomy":"product_tag","embeddable":true,"href":"https:\/\/amazonyguyane.fr\/wp-json\/wp\/v2\/product_tag?post=306948"}],"curies":[{"name":"wp","href":"https:\/\/api.w.org\/{rel}","templated":true}]}}