{"id":307876,"date":"2023-10-07T19:16:29","date_gmt":"2023-10-07T18:16:29","guid":{"rendered":"https:\/\/amazonyguyane.fr\/?product=samsung-galaxy-book3-ordinateur-portable-15"},"modified":"2023-10-07T19:16:29","modified_gmt":"2023-10-07T18:16:29","slug":"samsung-galaxy-book3-ordinateur-portable-15","status":"publish","type":"product","link":"https:\/\/amazonyguyane.fr\/produit\/samsung-galaxy-book3-ordinateur-portable-15\/","title":{"rendered":"Samsung Galaxy Book3 Ordinateur Portable 15"},"content":{"rendered":"<p><!-- show up to 2 reviews by default -->                        <\/p>\n<p> <span>Soyez productif et vivez l&#8217;exp\u00e9rience Samsung Galaxy avec l&#8217;\u00e9l\u00e9gant Galaxy Book3 de Samsung. D\u00e9cuplez votre productivit\u00e9 en utilisant une tablette Galaxy Tab S comme deuxi\u00e8me \u00e9cran de votre Galaxy Book3 sans l&#8217;utilisation d&#8217;un fil et travaillez ainsi en simultan\u00e9 sur les deux \u00e9crans. Dot\u00e9 d&#8217;un bel \u00e9cran anti-reflets de 15,6&#8243; et l\u00e9ger (seulement 1,6kg), le Galaxy Book3 est parfait pour un usage quotidien. Son processeur Intel derni\u00e8re g\u00e9n\u00e9ration permet des performances de haut niveau, avec une large s\u00e9lection de connectiques \u00e9labor\u00e9s pour r\u00e9pondre \u00e0 vos besoins en terme d&#8217;efficacit\u00e9 et de productivit\u00e9 en toutes circonstances. Son autonomie longue dur\u00e9e vous permet de travaillez jusqu&#8217;\u00e0 14 heures sans interruption, tandis que l&#8217;application Galaxy Book Exp\u00e9rience vous permez d&#8217;avoir en un seul endroit, toutes vos applications et fonctionnalit\u00e9s Galaxy: Quick Share, SmarThings, Bixby, Samsung Bluetooth Sync, Samsung Multi Control, Samsung Notes et Samsung Gallery.<\/span>  <\/p>\n<p><\/p>\n","protected":false},"excerpt":{"rendered":"<p>Soyez productif et vivez l&#8217;exp\u00e9rience Samsung Galaxy avec l&#8217;\u00e9l\u00e9gant Galaxy Book3 de Samsung. D\u00e9cuplez votre productivit\u00e9 en utilisant une tablette Galaxy Tab S comme deuxi\u00e8me \u00e9cran de votre Galaxy Book3<\/p>\n","protected":false},"featured_media":307877,"comment_status":"","ping_status":"closed","template":"","meta":{"_acf_changed":false},"product_brand":[],"product_cat":[75498],"product_tag":[],"class_list":{"0":"post-307876","1":"product","2":"type-product","3":"status-publish","4":"has-post-thumbnail","6":"product_cat-samsung-ordinateurs-portables","8":"first","9":"instock","10":"taxable","11":"shipping-taxable","12":"purchasable","13":"product-type-simple","14":"add-to-wishlist-after_add_to_cart"},"acf":[],"_links":{"self":[{"href":"https:\/\/amazonyguyane.fr\/wp-json\/wp\/v2\/product\/307876","targetHints":{"allow":["GET"]}}],"collection":[{"href":"https:\/\/amazonyguyane.fr\/wp-json\/wp\/v2\/product"}],"about":[{"href":"https:\/\/amazonyguyane.fr\/wp-json\/wp\/v2\/types\/product"}],"replies":[{"embeddable":true,"href":"https:\/\/amazonyguyane.fr\/wp-json\/wp\/v2\/comments?post=307876"}],"version-history":[{"count":0,"href":"https:\/\/amazonyguyane.fr\/wp-json\/wp\/v2\/product\/307876\/revisions"}],"wp:featuredmedia":[{"embeddable":true,"href":"https:\/\/amazonyguyane.fr\/wp-json\/wp\/v2\/media\/307877"}],"wp:attachment":[{"href":"https:\/\/amazonyguyane.fr\/wp-json\/wp\/v2\/media?parent=307876"}],"wp:term":[{"taxonomy":"product_brand","embeddable":true,"href":"https:\/\/amazonyguyane.fr\/wp-json\/wp\/v2\/product_brand?post=307876"},{"taxonomy":"product_cat","embeddable":true,"href":"https:\/\/amazonyguyane.fr\/wp-json\/wp\/v2\/product_cat?post=307876"},{"taxonomy":"product_tag","embeddable":true,"href":"https:\/\/amazonyguyane.fr\/wp-json\/wp\/v2\/product_tag?post=307876"}],"curies":[{"name":"wp","href":"https:\/\/api.w.org\/{rel}","templated":true}]}}