{"id":308074,"date":"2023-10-07T19:22:52","date_gmt":"2023-10-07T18:22:52","guid":{"rendered":"https:\/\/amazonyguyane.fr\/?product=spacex-starlink-kit-standard-internet-haut-debit-et-faible-latence-starlink-internet-satellite-dish-router-v2-spacex-routeur-wi-fi-5-dual-band-3x3-mimo-starlink-residential-satellite-wifi"},"modified":"2023-10-07T19:22:52","modified_gmt":"2023-10-07T18:22:52","slug":"spacex-starlink-kit-standard-internet-haut-debit-et-faible-latence-starlink-internet-satellite-dish-router-v2-spacex-routeur-wi-fi-5-dual-band-3x3-mimo-starlink-residential-satellite-wifi","status":"publish","type":"product","link":"https:\/\/amazonyguyane.fr\/?product=spacex-starlink-kit-standard-internet-haut-debit-et-faible-latence-starlink-internet-satellite-dish-router-v2-spacex-routeur-wi-fi-5-dual-band-3x3-mimo-starlink-residential-satellite-wifi","title":{"rendered":"SpaceX STARLINK Kit standard : Internet haut d\u00e9bit et faible latence | Starlink Internet Satellite Dish Router V2 SpaceX | Routeur Wi-Fi 5 Dual Band 3&#215;3 MIMO | Starlink Residential Satellite WiFi"},"content":{"rendered":"<p><!-- show up to 2 reviews by default -->                        <\/p>\n<p> <span>Le kit standard comprend vos plans de service Starlink, routeur, base et c\u00e2bles d&#8217;alimentation disponibles : Roam Roam Roam : pour une utilisation partout o\u00f9 Starlink a une couverture, imm\u00e9diatement disponible. Activez votre Starlink sur starlink.com\/activate Fonctionne partout avec une vision claire du ciel Facile auto-installation r\u00e9sistante aux intemp\u00e9ries Aucun contrat, annulez le service \u00e0 tout moment. T\u00e9l\u00e9chargez l&#8217;application Starlink pour v\u00e9rifier quels plans de service sont disponibles dans votre zone et d\u00e9terminer les meilleurs param\u00e8tres instinstinstinstinstinstinstinstinstinstinstinst<\/span>  <\/p>\n<p><\/p>\n","protected":false},"excerpt":{"rendered":"<p>Le kit standard comprend vos plans de service Starlink, routeur, base et c\u00e2bles d&#8217;alimentation disponibles : Roam Roam Roam : pour une utilisation partout o\u00f9 Starlink a une couverture, imm\u00e9diatement<\/p>\n","protected":false},"featured_media":308075,"comment_status":"","ping_status":"closed","template":"","meta":{"_acf_changed":false},"product_brand":[],"product_cat":[3034],"product_tag":[],"class_list":{"0":"post-308074","1":"product","2":"type-product","3":"status-publish","4":"has-post-thumbnail","6":"product_cat-reseaux","8":"first","9":"instock","10":"taxable","11":"shipping-taxable","12":"purchasable","13":"product-type-simple","14":"add-to-wishlist-after_add_to_cart"},"acf":[],"_links":{"self":[{"href":"https:\/\/amazonyguyane.fr\/index.php?rest_route=\/wp\/v2\/product\/308074","targetHints":{"allow":["GET"]}}],"collection":[{"href":"https:\/\/amazonyguyane.fr\/index.php?rest_route=\/wp\/v2\/product"}],"about":[{"href":"https:\/\/amazonyguyane.fr\/index.php?rest_route=\/wp\/v2\/types\/product"}],"replies":[{"embeddable":true,"href":"https:\/\/amazonyguyane.fr\/index.php?rest_route=%2Fwp%2Fv2%2Fcomments&post=308074"}],"version-history":[{"count":0,"href":"https:\/\/amazonyguyane.fr\/index.php?rest_route=\/wp\/v2\/product\/308074\/revisions"}],"wp:featuredmedia":[{"embeddable":true,"href":"https:\/\/amazonyguyane.fr\/index.php?rest_route=\/wp\/v2\/media\/308075"}],"wp:attachment":[{"href":"https:\/\/amazonyguyane.fr\/index.php?rest_route=%2Fwp%2Fv2%2Fmedia&parent=308074"}],"wp:term":[{"taxonomy":"product_brand","embeddable":true,"href":"https:\/\/amazonyguyane.fr\/index.php?rest_route=%2Fwp%2Fv2%2Fproduct_brand&post=308074"},{"taxonomy":"product_cat","embeddable":true,"href":"https:\/\/amazonyguyane.fr\/index.php?rest_route=%2Fwp%2Fv2%2Fproduct_cat&post=308074"},{"taxonomy":"product_tag","embeddable":true,"href":"https:\/\/amazonyguyane.fr\/index.php?rest_route=%2Fwp%2Fv2%2Fproduct_tag&post=308074"}],"curies":[{"name":"wp","href":"https:\/\/api.w.org\/{rel}","templated":true}]}}